{"id":507,"date":"2023-12-07T16:55:13","date_gmt":"2023-12-07T15:55:13","guid":{"rendered":"https:\/\/atlantic-hotel-paris.com\/paris-opera\/"},"modified":"2024-05-14T13:20:22","modified_gmt":"2024-05-14T11:20:22","slug":"paris-opera","status":"publish","type":"page","link":"https:\/\/atlantic-hotel-paris.com\/en\/paris-opera\/","title":{"rendered":"Paris Op\u00e9ra"},"content":{"rendered":"<div class=\"wpb-content-wrapper\"><p>[vc_row type=&#8221;vc_default&#8221; full_width=&#8221;stretch_row_content&#8221; equal_height=&#8221;yes&#8221; bg_type=&#8221;image&#8221; parallax_style=&#8221;vcpb-default&#8221; bg_image_new=&#8221;id^205|url^https:\/\/atlantic-hotel-paris.com\/wp-content\/uploads\/2023\/12\/Sculpture-lobby-2500-20pct-1-scaled.jpg|caption^null|alt^null|title^Sculpture-lobby-2500-20pct|description^null&#8221; bg_image_repeat=&#8221;no-repeat&#8221; css=&#8221;.vc_custom_1701954370177{margin-bottom: 0px !important;padding-top: 10px !important;padding-right: 20px !important;padding-bottom: 0px !important;padding-left: 20px !important;background-color: #fdfcfc !important;}&#8221;][vc_column width=&#8221;1\/2&#8243; css=&#8221;.vc_custom_1699521099502{margin-top: 0px !important;margin-right: 50px !important;margin-bottom: 0px !important;padding-top: 0px !important;padding-right: 100px !important;padding-bottom: 100px !important;padding-left: 100px !important;background-position: center !important;background-repeat: no-repeat !important;background-size: contain !important;}&#8221; offset=&#8221;vc_hidden-xs&#8221;]<div class=\"ult_row_spacer\"><div class=\"ult-sticky-anchor\"><div class=\"ult-sticky-section ult-sticky \"  data-gutter= '50' data-stick_behaviour= 'stick_with_scroll_row'  data-sticky_position= 'top' data-mobile='no' data-support='no'><div class=\"ult-spacer spacer-69d168dbd65e1\" data-id=\"69d168dbd65e1\" data-height=\"150\" data-height-mobile=\"150\" data-height-tab=\"150\" data-height-tab-portrait=\"\" data-height-mobile-landscape=\"\" style=\"clear:both;display:block;\"><\/div>[vc_custom_heading text=&#8221;<em>Op\u00e9ra &#8211; Saint-Lazare<\/em><br \/>\nA lively, central district<br \/>\nat the heart of the Paris<br \/>\nbusiness district,<br \/>\ndepartment stores,<br \/>\nmonuments and cultural life&#8221; font_container=&#8221;tag:h2|font_size:24px|text_align:left|color:%2385754e|line_height:30px&#8221; use_theme_fonts=&#8221;yes&#8221;]<div class=\"ult-spacer spacer-69d168dbd65fd\" data-id=\"69d168dbd65fd\" data-height=\"140\" data-height-mobile=\"140\" data-height-tab=\"140\" data-height-tab-portrait=\"\" data-height-mobile-landscape=\"\" style=\"clear:both;display:block;\"><\/div><\/div><div class=\"ult-space\"><\/div><\/div><\/div>[\/vc_column][vc_column width=&#8221;1\/2&#8243; css=&#8221;.vc_custom_1624895408622{padding-top: 0px !important;padding-right: 100px !important;padding-bottom: 100px !important;padding-left: 100px !important;}&#8221; offset=&#8221;vc_hidden-xs&#8221;]<div class=\"ult-spacer spacer-69d168dbd6621\" data-id=\"69d168dbd6621\" data-height=\"100\" data-height-mobile=\"100\" data-height-tab=\"100\" data-height-tab-portrait=\"\" data-height-mobile-landscape=\"\" style=\"clear:both;display:block;\"><\/div>[vc_custom_heading text=&#8221;A <i>hotel<\/i> in the Op\u00e9ra district of Paris&#8221; font_container=&#8221;tag:h1|text_align:left&#8221; use_theme_fonts=&#8221;yes&#8221;][vc_column_text css=&#8221;.vc_custom_1712652866092{margin-bottom: 10px !important;}&#8221;]<strong>The Atlantic Hotel<\/strong>, a <strong>three-star hotel <\/strong>located\u00a0in the <strong>Op\u00e9ra district<\/strong> near the <strong>Madeleine<\/strong>, is the ideal starting point for discovering Paris and its treasures.<\/p>\n<p>Whether business meetings, tourist attractions, shopping, shows or fine dining, the Op\u00e9ra district and the department stores along Boulevard Haussmann will meet all your expectations.<\/p>\n<p>The Atlantic Hotel offers an ideal location in the heart of the 8th arrondissement for both business travellers and tourists. With easy access to an extensive public transport, the Atlantic Hotel is the perfect base for your stay in Paris.<\/p>\n<p>5-minute walk from the department stores, 10 minutes from the Op\u00e9ra and the Madeleine, near Place de la Concorde, Champs-Elys\u00e9es and Montmartre, and 45 minutes (by RER train from Auber station) from Disneyland Paris\u00ae.[\/vc_column_text]<style type=\"text\/css\" data-type=\"the7_shortcodes-inline-css\">#default-btn-596d4e915ccaed6f2627b4fa9f47aaf8.ico-right-side > i {\n  margin-right: 0px;\n  margin-left: 8px;\n}\n#default-btn-596d4e915ccaed6f2627b4fa9f47aaf8 > i {\n  margin-right: 8px;\n}<\/style><div class=\"btn-align-left\"><a href=\"https:\/\/atlantic-hotel-paris.com\/en\/book-online\/\" class=\"default-btn-shortcode dt-btn dt-btn-m link-hover-off \" id=\"default-btn-596d4e915ccaed6f2627b4fa9f47aaf8\" title=\"Book here\"><span>BOOK HERE<\/span><\/a><\/div><div class=\"ult-spacer spacer-69d168dbd66f1\" data-id=\"69d168dbd66f1\" data-height=\"50\" data-height-mobile=\"50\" data-height-tab=\"50\" data-height-tab-portrait=\"\" data-height-mobile-landscape=\"\" style=\"clear:both;display:block;\"><\/div>[\/vc_column][\/vc_row][vc_row type=&#8221;vc_default&#8221; full_width=&#8221;stretch_row_content&#8221; equal_height=&#8221;yes&#8221; bg_type=&#8221;image&#8221; parallax_style=&#8221;vcpb-default&#8221; bg_image_new=&#8221;id^205|url^https:\/\/atlantic-hotel-paris.com\/wp-content\/uploads\/2023\/12\/Sculpture-lobby-2500-20pct-1-scaled.jpg|caption^null|alt^null|title^Sculpture-lobby-2500-20pct|description^null&#8221; bg_image_repeat=&#8221;no-repeat&#8221; css=&#8221;.vc_custom_1701954370177{margin-bottom: 0px !important;padding-top: 10px !important;padding-right: 20px !important;padding-bottom: 0px !important;padding-left: 20px !important;background-color: #fdfcfc !important;}&#8221;][vc_column width=&#8221;1\/2&#8243; css=&#8221;.vc_custom_1715685613133{margin-top: 0px !important;margin-bottom: 0px !important;padding-top: 0px !important;padding-bottom: 100px !important;background-position: center !important;background-repeat: no-repeat !important;background-size: contain !important;}&#8221; offset=&#8221;vc_hidden-lg vc_hidden-md vc_hidden-sm&#8221;]<div class=\"ult_row_spacer\"><div class=\"ult-sticky-anchor\"><div class=\"ult-sticky-section ult-sticky \"  data-gutter= '50' data-stick_behaviour= 'stick_with_scroll_row'  data-sticky_position= 'top' data-mobile='no' data-support='no'><div class=\"ult-spacer spacer-69d168dbd6743\" data-id=\"69d168dbd6743\" data-height=\"150\" data-height-mobile=\"150\" data-height-tab=\"150\" data-height-tab-portrait=\"\" data-height-mobile-landscape=\"\" style=\"clear:both;display:block;\"><\/div>[vc_custom_heading text=&#8221;<em>Op\u00e9ra &#8211; Saint-Lazare<\/em><br \/>\nA lively, central district<br \/>\nat the heart of the Paris<br \/>\nbusiness district,<br \/>\ndepartment stores,<br \/>\nmonuments and cultural life&#8221; font_container=&#8221;tag:h2|font_size:24px|text_align:center|color:%2385754e|line_height:30px&#8221; use_theme_fonts=&#8221;yes&#8221; css=&#8221;&#8221;]<div class=\"ult-spacer spacer-69d168dbd6756\" data-id=\"69d168dbd6756\" data-height=\"140\" data-height-mobile=\"40\" data-height-tab=\"\" data-height-tab-portrait=\"\" data-height-mobile-landscape=\"\" style=\"clear:both;display:block;\"><\/div><\/div><div class=\"ult-space\"><\/div><\/div><\/div>[\/vc_column][vc_column width=&#8221;1\/2&#8243; css=&#8221;.vc_custom_1715685619888{padding-top: 0px !important;padding-bottom: 100px !important;}&#8221; offset=&#8221;vc_hidden-lg vc_hidden-md vc_hidden-sm&#8221;][vc_custom_heading text=&#8221;A <i>hotel<\/i> in the Op\u00e9ra district of Paris&#8221; font_container=&#8221;tag:h1|text_align:left&#8221; use_theme_fonts=&#8221;yes&#8221;][vc_column_text css=&#8221;.vc_custom_1712652866092{margin-bottom: 10px !important;}&#8221;]<strong>The Atlantic Hotel<\/strong>, a <strong>three-star hotel <\/strong>located\u00a0in the <strong>Op\u00e9ra district<\/strong> near the <strong>Madeleine<\/strong>, is the ideal starting point for discovering Paris and its treasures.<\/p>\n<p>Whether business meetings, tourist attractions, shopping, shows or fine dining, the Op\u00e9ra district and the department stores along Boulevard Haussmann will meet all your expectations.<\/p>\n<p>The Atlantic Hotel offers an ideal location in the heart of the 8th arrondissement for both business travellers and tourists. With easy access to an extensive public transport, the Atlantic Hotel is the perfect base for your stay in Paris.<\/p>\n<p>5-minute walk from the department stores, 10 minutes from the Op\u00e9ra and the Madeleine, near Place de la Concorde, Champs-Elys\u00e9es and Montmartre, and 45 minutes (by RER train from Auber station) from Disneyland Paris\u00ae.[\/vc_column_text]<style type=\"text\/css\" data-type=\"the7_shortcodes-inline-css\">#default-btn-596d4e915ccaed6f2627b4fa9f47aaf8.ico-right-side > i {\n  margin-right: 0px;\n  margin-left: 8px;\n}\n#default-btn-596d4e915ccaed6f2627b4fa9f47aaf8 > i {\n  margin-right: 8px;\n}<\/style><div class=\"btn-align-left\"><a href=\"https:\/\/atlantic-hotel-paris.com\/en\/book-online\/\" class=\"default-btn-shortcode dt-btn dt-btn-m link-hover-off \" id=\"default-btn-596d4e915ccaed6f2627b4fa9f47aaf8\" title=\"Book here\"><span>BOOK HERE<\/span><\/a><\/div><div class=\"ult-spacer spacer-69d168dbd67d1\" data-id=\"69d168dbd67d1\" data-height=\"50\" data-height-mobile=\"50\" data-height-tab=\"50\" data-height-tab-portrait=\"\" data-height-mobile-landscape=\"\" style=\"clear:both;display:block;\"><\/div>[\/vc_column][\/vc_row][vc_row type=&#8221;vc_default&#8221; full_width=&#8221;stretch_row_content_no_spaces&#8221; css=&#8221;.vc_custom_1699522972298{margin-top: 0px !important;padding-top: 0px !important;background-position: center !important;background-repeat: no-repeat !important;background-size: cover !important;}&#8221;][vc_column css=&#8221;.vc_custom_1699523036787{padding-top: 0px !important;}&#8221;][vc_single_image image=&#8221;94&#8243; img_size=&#8221;full&#8221; alignment=&#8221;center&#8221; css=&#8221;.vc_custom_1701965148346{margin-top: 0px !important;margin-right: 0px !important;margin-bottom: 0px !important;margin-left: 0px !important;border-top-width: 0px !important;border-right-width: 0px !important;border-bottom-width: 0px !important;border-left-width: 0px !important;padding-top: 0px !important;padding-right: 0px !important;padding-bottom: 0px !important;padding-left: 0px !important;}&#8221;][\/vc_column][\/vc_row][vc_row type=&#8221;vc_default&#8221; full_width=&#8221;stretch_row&#8221; bg_type=&#8221;image&#8221; parallax_style=&#8221;vcpb-default&#8221; bg_image_new=&#8221;id^200|url^https:\/\/atlantic-hotel-paris.com\/wp-content\/uploads\/2023\/12\/Sculpture-lobby-2500-6-20pct.jpg|caption^null|alt^null|title^Sculpture-lobby-2500-6-20pct|description^null&#8221; bg_image_repeat=&#8221;no-repeat&#8221; bg_image_posiiton=&#8221;0%&#8221; css=&#8221;.vc_custom_1701954421281{padding-top: 0px !important;}&#8221;][vc_column]<div class=\"ult-spacer spacer-69d168dbd67e4\" data-id=\"69d168dbd67e4\" data-height=\"50\" data-height-mobile=\"50\" data-height-tab=\"50\" data-height-tab-portrait=\"\" data-height-mobile-landscape=\"\" style=\"clear:both;display:block;\"><\/div>[vc_custom_heading text=&#8221;Activities&#8221; font_container=&#8221;tag:h2|text_align:center&#8221; use_theme_fonts=&#8221;yes&#8221;]<div class=\"ult-spacer spacer-69d168dbd67fa\" data-id=\"69d168dbd67fa\" data-height=\"25\" data-height-mobile=\"25\" data-height-tab=\"25\" data-height-tab-portrait=\"\" data-height-mobile-landscape=\"\" style=\"clear:both;display:block;\"><\/div>[vc_row_inner][vc_column_inner width=&#8221;1\/4&#8243;][vc_single_image image=&#8221;483&#8243; img_size=&#8221;full&#8221;][vc_custom_heading text=&#8221;Culture and heritage \u00e0 la carte&#8221; font_container=&#8221;tag:h5|text_align:left&#8221; use_theme_fonts=&#8221;yes&#8221;][vc_column_text]Because Paris is a party, a trip to the capital is an opportunity to discover the countless lively venues in the &#8220;City of Light&#8221;.<br \/>\nJust a stone&#8217;s throw from the Atlantic Hotel, many theatres and concert halls offer a great programme of events all year round:<br \/>\nImmerse yourself in the spellbinding ballet of the Palais Garnier or in the auditoriums of the Mogador theatre or the Casino de Paris.<br \/>\nDon&#8217;t miss the Tuileries and the Louvre, as well as the Mus\u00e9e d&#8217;Orsay and the Eiffel Tower, just a short metro ride away.[\/vc_column_text]<div class=\"ult-spacer spacer-69d168dbd680d\" data-id=\"69d168dbd680d\" data-height=\"50\" data-height-mobile=\"50\" data-height-tab=\"50\" data-height-tab-portrait=\"\" data-height-mobile-landscape=\"\" style=\"clear:both;display:block;\"><\/div>[\/vc_column_inner][vc_column_inner width=&#8221;1\/4&#8243;][vc_single_image image=&#8221;480&#8243; img_size=&#8221;full&#8221;][vc_custom_heading text=&#8221;Experiences&#8221; font_container=&#8221;tag:h5|text_align:left&#8221; use_theme_fonts=&#8221;yes&#8221;][vc_column_text]Discover the experiences Paris has to offer and book them directly.<br \/>\nVisit the Olympia or take in a performance at the Th\u00e9\u00e2tre Edouard VII just a few steps away.<br \/>\nParisian cabarets, veritable institutions of glamour and nightlife, are easily accessible from our hotel (Le Moulin Rouge, Le Crazy Horse&#8230;).<br \/>\nYou will find a multitude of offers at your disposal.<br \/>\n*subject to availability[\/vc_column_text]<style type=\"text\/css\" data-type=\"the7_shortcodes-inline-css\">#default-btn-6e14c004cbf87da7d5860b890998c5ed.ico-right-side > i {\n  margin-right: 0px;\n  margin-left: 8px;\n}\n#default-btn-6e14c004cbf87da7d5860b890998c5ed > i {\n  margin-right: 8px;\n}<\/style><a href=\"https:\/\/atlantic-hotel.guide.paris\" class=\"default-btn-shortcode dt-btn dt-btn-m link-hover-off btn-inline-left \" target=\"_blank\" id=\"default-btn-6e14c004cbf87da7d5860b890998c5ed\" title=\"Discover\" rel=\"noopener\"><span>Online concierge service<\/span><\/a><div class=\"ult-spacer spacer-69d168dbd6869\" data-id=\"69d168dbd6869\" data-height=\"50\" data-height-mobile=\"50\" data-height-tab=\"50\" data-height-tab-portrait=\"\" data-height-mobile-landscape=\"\" style=\"clear:both;display:block;\"><\/div>[\/vc_column_inner][vc_column_inner width=&#8221;1\/4&#8243;][vc_single_image image=&#8221;81&#8243; img_size=&#8221;full&#8221;][vc_custom_heading text=&#8221;Shopping&#8221; font_container=&#8221;tag:h5|text_align:left&#8221; use_theme_fonts=&#8221;yes&#8221;][vc_column_text]Paris is a must for fashion and shopping fans.<br \/>\nLose yourself in Galeries Lafayette and Printemps, just a 10-minute walk away, or in one of the capital&#8217;s most chic thoroughfares, Faubourg St Honor\u00e9 and Rue St Honor\u00e9.[\/vc_column_text]<div class=\"ult-spacer spacer-69d168dbd6879\" data-id=\"69d168dbd6879\" data-height=\"50\" data-height-mobile=\"50\" data-height-tab=\"50\" data-height-tab-portrait=\"\" data-height-mobile-landscape=\"\" style=\"clear:both;display:block;\"><\/div>[\/vc_column_inner][vc_column_inner width=&#8221;1\/4&#8243;][vc_single_image image=&#8221;487&#8243; img_size=&#8221;full&#8221;][vc_custom_heading text=&#8221;Gastronomy&#8221; font_container=&#8221;tag:h5|text_align:left&#8221; use_theme_fonts=&#8221;yes&#8221;][vc_column_text]Dine around a bistronomic dish or enjoy a tasting menu in one of the gourmet restaurants of our district. Our team will find the address that meets your expectations.[\/vc_column_text]<div class=\"ult-spacer spacer-69d168dbd6888\" data-id=\"69d168dbd6888\" data-height=\"50\" data-height-mobile=\"50\" data-height-tab=\"50\" data-height-tab-portrait=\"\" data-height-mobile-landscape=\"\" style=\"clear:both;display:block;\"><\/div>[\/vc_column_inner][\/vc_row_inner][\/vc_column][\/vc_row][vc_row type=&#8221;vc_default&#8221; full_width=&#8221;stretch_row_content_no_spaces&#8221;][vc_column css=&#8221;.vc_custom_1699527067217{padding-top: 0px !important;}&#8221;]<div class=\"sbvcgmap-map-wrapper\" style=\"width:100%;height:500px\"><div class=\"sbvcgmap-map\" zoom=\"14\" maptype=\"ROADMAP\" panoramatogglebutton=\"no\" pancontrol=\"yes\" pancontrol_position=\"TOP_LEFT\" zoomcontrol=\"yes\" zoomcontrol_position=\"TOP_LEFT\" zoomcontrolstyle=\"DEFAULT\" maptypecontrol=\"yes\" maptypecontrol_position=\"TOP_RIGHT\" streetviewcontrol=\"yes\" streetviewcontrol_position=\"TOP_LEFT\" overviewmapcontrol=\"yes\" overviewmapcontrolvisible=\"no\" maptypecontrolstyle=\"DEFAULT\" mapstyle=\"style-2\" weather=\"no\" traffic=\"no\" transit=\"no\" bicycle=\"no\" panoramio=\"no\" draggable=\"yes\" scrollwheel=\"no\" cplatitude=\"48.869939714222\" cplongitude=\"2.3249010268383\" scalecontrol=\"yes\" searchtype=\"disabled\" searchradius=\"500\" searchiconanimation=\"NONE\" searchdirectiontext=\"\" reloadonresize=\"no\" clustering=\"no\" style=\"width:100%;height:500px\"><div class=\"sbvcgmap-marker\" data-lat=\"48.878136859428\" data-lng=\"2.3263889978413\" infowindow=\"no\" animation=\"NONE\" customstyles=\"no\" ><\/p>\n<p style=\"text-align: center;\"><strong>Atlantic H\u00f4tel Paris<\/strong><br \/>\n44, rue de Londres<br \/>\n75008 Paris<\/p>\n<p><\/div><\/div><\/div>[\/vc_column][\/vc_row]<\/p>\n<\/div>","protected":false},"excerpt":{"rendered":"<p>[vc_row type=&#8221;vc_default&#8221; full_width=&#8221;stretch_row_content&#8221; equal_height=&#8221;yes&#8221; bg_type=&#8221;image&#8221; parallax_style=&#8221;vcpb-default&#8221; bg_image_new=&#8221;id^205|url^https:\/\/atlantic-hotel-paris.com\/wp-content\/uploads\/2023\/12\/Sculpture-lobby-2500-20pct-1-scaled.jpg|caption^null|alt^null|title^Sculpture-lobby-2500-20pct|description^null&#8221; bg_image_repeat=&#8221;no-repeat&#8221; css=&#8221;.vc_custom_1701954370177{margin-bottom: 0px !important;padding-top: 10px !important;padding-right: 20px !important;padding-bottom: 0px !important;padding-left: 20px !important;background-color: #fdfcfc !important;}&#8221;][vc_column width=&#8221;1\/2&#8243; css=&#8221;.vc_custom_1699521099502{margin-top: 0px !important;margin-right: 50px !important;margin-bottom: 0px !important;padding-top: 0px !important;padding-right: 100px !important;padding-bottom: 100px !important;padding-left: 100px !important;background-position: center !important;background-repeat: no-repeat !important;background-size: contain !important;}&#8221; offset=&#8221;vc_hidden-xs&#8221;][\/vc_column][vc_column width=&#8221;1\/2&#8243; css=&#8221;.vc_custom_1624895408622{padding-top: 0px !important;padding-right: 100px !important;padding-bottom: 100px !important;padding-left: 100px !important;}&#8221; offset=&#8221;vc_hidden-xs&#8221;][vc_custom_heading&hellip;<\/p>\n","protected":false},"author":1,"featured_media":0,"parent":0,"menu_order":2,"comment_status":"closed","ping_status":"closed","template":"","meta":{"footnotes":""},"class_list":["post-507","page","type-page","status-publish","hentry","description-off"],"yoast_head":"<!-- This site is optimized with the Yoast SEO plugin v27.3 - https:\/\/yoast.com\/product\/yoast-seo-wordpress\/ -->\n<title>Atlantic H\u00f4tel Paris - 3* Deluxe hotel in Paris 8th district<\/title>\n<meta name=\"description\" content=\"Renovated contemporary hotel with comfortable rooms in the Op\u00e9ra - St Lazare district. Hotel close to the Madeleine, Grands Boulevards &amp; Galeries Lafayette.\" \/>\n<meta name=\"robots\" content=\"index, follow, max-snippet:-1, max-image-preview:large, max-video-preview:-1\" \/>\n<link rel=\"canonical\" href=\"https:\/\/atlantic-hotel-paris.com\/en\/paris-opera\/\" \/>\n<meta property=\"og:locale\" content=\"en_US\" \/>\n<meta property=\"og:type\" content=\"article\" \/>\n<meta property=\"og:title\" content=\"Atlantic H\u00f4tel Paris - 3* Deluxe hotel in Paris 8th district\" \/>\n<meta property=\"og:description\" content=\"Renovated contemporary hotel with comfortable rooms in the Op\u00e9ra - St Lazare district. Hotel close to the Madeleine, Grands Boulevards &amp; Galeries Lafayette.\" \/>\n<meta property=\"og:url\" content=\"https:\/\/atlantic-hotel-paris.com\/en\/paris-opera\/\" \/>\n<meta property=\"og:site_name\" content=\"Atlantic H\u00f4tel Paris - H\u00f4tel Op\u00e9ra Saint Lazare Paris 8\" \/>\n<meta property=\"article:modified_time\" content=\"2024-05-14T11:20:22+00:00\" \/>\n<meta name=\"twitter:card\" content=\"summary_large_image\" \/>\n<meta name=\"twitter:label1\" content=\"Est. reading time\" \/>\n\t<meta name=\"twitter:data1\" content=\"6 minutes\" \/>\n<script type=\"application\/ld+json\" class=\"yoast-schema-graph\">{\"@context\":\"https:\\\/\\\/schema.org\",\"@graph\":[{\"@type\":\"WebPage\",\"@id\":\"https:\\\/\\\/atlantic-hotel-paris.com\\\/en\\\/paris-opera\\\/\",\"url\":\"https:\\\/\\\/atlantic-hotel-paris.com\\\/en\\\/paris-opera\\\/\",\"name\":\"Atlantic H\u00f4tel Paris - 3* Deluxe hotel in Paris 8th district\",\"isPartOf\":{\"@id\":\"https:\\\/\\\/atlantic-hotel-paris.com\\\/#website\"},\"datePublished\":\"2023-12-07T15:55:13+00:00\",\"dateModified\":\"2024-05-14T11:20:22+00:00\",\"description\":\"Renovated contemporary hotel with comfortable rooms in the Op\u00e9ra - St Lazare district. Hotel close to the Madeleine, Grands Boulevards & Galeries Lafayette.\",\"breadcrumb\":{\"@id\":\"https:\\\/\\\/atlantic-hotel-paris.com\\\/en\\\/paris-opera\\\/#breadcrumb\"},\"inLanguage\":\"en-US\",\"potentialAction\":[{\"@type\":\"ReadAction\",\"target\":[\"https:\\\/\\\/atlantic-hotel-paris.com\\\/en\\\/paris-opera\\\/\"]}]},{\"@type\":\"BreadcrumbList\",\"@id\":\"https:\\\/\\\/atlantic-hotel-paris.com\\\/en\\\/paris-opera\\\/#breadcrumb\",\"itemListElement\":[{\"@type\":\"ListItem\",\"position\":1,\"name\":\"Accueil\",\"item\":\"https:\\\/\\\/atlantic-hotel-paris.com\\\/en\\\/\"},{\"@type\":\"ListItem\",\"position\":2,\"name\":\"Paris Op\u00e9ra\"}]},{\"@type\":\"WebSite\",\"@id\":\"https:\\\/\\\/atlantic-hotel-paris.com\\\/#website\",\"url\":\"https:\\\/\\\/atlantic-hotel-paris.com\\\/\",\"name\":\"Atlantic H\u00f4tel Paris - H\u00f4tel Op\u00e9ra Saint Lazare Paris 8\",\"description\":\"Un site d\u00e9velopp\u00e9 par PMT HOTELS\",\"potentialAction\":[{\"@type\":\"SearchAction\",\"target\":{\"@type\":\"EntryPoint\",\"urlTemplate\":\"https:\\\/\\\/atlantic-hotel-paris.com\\\/?s={search_term_string}\"},\"query-input\":{\"@type\":\"PropertyValueSpecification\",\"valueRequired\":true,\"valueName\":\"search_term_string\"}}],\"inLanguage\":\"en-US\"}]}<\/script>\n<!-- \/ Yoast SEO plugin. -->","yoast_head_json":{"title":"Atlantic H\u00f4tel Paris - 3* Deluxe hotel in Paris 8th district","description":"Renovated contemporary hotel with comfortable rooms in the Op\u00e9ra - St Lazare district. Hotel close to the Madeleine, Grands Boulevards & Galeries Lafayette.","robots":{"index":"index","follow":"follow","max-snippet":"max-snippet:-1","max-image-preview":"max-image-preview:large","max-video-preview":"max-video-preview:-1"},"canonical":"https:\/\/atlantic-hotel-paris.com\/en\/paris-opera\/","og_locale":"en_US","og_type":"article","og_title":"Atlantic H\u00f4tel Paris - 3* Deluxe hotel in Paris 8th district","og_description":"Renovated contemporary hotel with comfortable rooms in the Op\u00e9ra - St Lazare district. Hotel close to the Madeleine, Grands Boulevards & Galeries Lafayette.","og_url":"https:\/\/atlantic-hotel-paris.com\/en\/paris-opera\/","og_site_name":"Atlantic H\u00f4tel Paris - H\u00f4tel Op\u00e9ra Saint Lazare Paris 8","article_modified_time":"2024-05-14T11:20:22+00:00","twitter_card":"summary_large_image","twitter_misc":{"Est. reading time":"6 minutes"},"schema":{"@context":"https:\/\/schema.org","@graph":[{"@type":"WebPage","@id":"https:\/\/atlantic-hotel-paris.com\/en\/paris-opera\/","url":"https:\/\/atlantic-hotel-paris.com\/en\/paris-opera\/","name":"Atlantic H\u00f4tel Paris - 3* Deluxe hotel in Paris 8th district","isPartOf":{"@id":"https:\/\/atlantic-hotel-paris.com\/#website"},"datePublished":"2023-12-07T15:55:13+00:00","dateModified":"2024-05-14T11:20:22+00:00","description":"Renovated contemporary hotel with comfortable rooms in the Op\u00e9ra - St Lazare district. Hotel close to the Madeleine, Grands Boulevards & Galeries Lafayette.","breadcrumb":{"@id":"https:\/\/atlantic-hotel-paris.com\/en\/paris-opera\/#breadcrumb"},"inLanguage":"en-US","potentialAction":[{"@type":"ReadAction","target":["https:\/\/atlantic-hotel-paris.com\/en\/paris-opera\/"]}]},{"@type":"BreadcrumbList","@id":"https:\/\/atlantic-hotel-paris.com\/en\/paris-opera\/#breadcrumb","itemListElement":[{"@type":"ListItem","position":1,"name":"Accueil","item":"https:\/\/atlantic-hotel-paris.com\/en\/"},{"@type":"ListItem","position":2,"name":"Paris Op\u00e9ra"}]},{"@type":"WebSite","@id":"https:\/\/atlantic-hotel-paris.com\/#website","url":"https:\/\/atlantic-hotel-paris.com\/","name":"Atlantic H\u00f4tel Paris - H\u00f4tel Op\u00e9ra Saint Lazare Paris 8","description":"Un site d\u00e9velopp\u00e9 par PMT HOTELS","potentialAction":[{"@type":"SearchAction","target":{"@type":"EntryPoint","urlTemplate":"https:\/\/atlantic-hotel-paris.com\/?s={search_term_string}"},"query-input":{"@type":"PropertyValueSpecification","valueRequired":true,"valueName":"search_term_string"}}],"inLanguage":"en-US"}]}},"_links":{"self":[{"href":"https:\/\/atlantic-hotel-paris.com\/en\/wp-json\/wp\/v2\/pages\/507","targetHints":{"allow":["GET"]}}],"collection":[{"href":"https:\/\/atlantic-hotel-paris.com\/en\/wp-json\/wp\/v2\/pages"}],"about":[{"href":"https:\/\/atlantic-hotel-paris.com\/en\/wp-json\/wp\/v2\/types\/page"}],"author":[{"embeddable":true,"href":"https:\/\/atlantic-hotel-paris.com\/en\/wp-json\/wp\/v2\/users\/1"}],"replies":[{"embeddable":true,"href":"https:\/\/atlantic-hotel-paris.com\/en\/wp-json\/wp\/v2\/comments?post=507"}],"version-history":[{"count":14,"href":"https:\/\/atlantic-hotel-paris.com\/en\/wp-json\/wp\/v2\/pages\/507\/revisions"}],"predecessor-version":[{"id":942,"href":"https:\/\/atlantic-hotel-paris.com\/en\/wp-json\/wp\/v2\/pages\/507\/revisions\/942"}],"wp:attachment":[{"href":"https:\/\/atlantic-hotel-paris.com\/en\/wp-json\/wp\/v2\/media?parent=507"}],"curies":[{"name":"wp","href":"https:\/\/api.w.org\/{rel}","templated":true}]}}