{"id":514,"date":"2023-12-07T16:03:06","date_gmt":"2023-12-07T15:03:06","guid":{"rendered":"https:\/\/atlantic-hotel-paris.com\/book-online\/"},"modified":"2025-10-20T11:44:28","modified_gmt":"2025-10-20T09:44:28","slug":"book-online","status":"publish","type":"page","link":"https:\/\/atlantic-hotel-paris.com\/en\/book-online\/","title":{"rendered":"Book online"},"content":{"rendered":"<div class=\"wpb-content-wrapper\"><p>[vc_row type=&#8221;vc_default&#8221; full_width=&#8221;stretch_row&#8221; margin_top=&#8221;-50px&#8221; full_width_row=&#8221;true&#8221; bg_type=&#8221;image&#8221; parallax_style=&#8221;vcpb-default&#8221;][vc_column]<div class=\"ult-spacer spacer-69ecf519aa85b\" data-id=\"69ecf519aa85b\" data-height=\"50\" data-height-mobile=\"50\" data-height-tab=\"50\" data-height-tab-portrait=\"\" data-height-mobile-landscape=\"\" style=\"clear:both;display:block;\"><\/div>[vc_raw_html css=&#8221;&#8221;]JTNDZGl2JTIwaWQlM0QlMjJmYi13aWRnZXQtMSUyMiUyMGNsYXNzJTNEJTIyZmItd2lkZ2V0JTIyJTIwZGF0YS1mYkNvbmZpZyUzRCUyMjAlMjIlM0UlM0MlMkZkaXYlM0UlMEElM0NzY3JpcHQlMjBjbGFzcyUzRCUyMmZiLXdpZGdldC1jb25maWclMjIlMjBkYXRhLWZiQ29uZmlnJTNEJTIyMCUyMiUyMHR5cGUlM0QlMjJhcHBsaWNhdGlvbiUyRmpzb24lMjIlM0UlMEElN0IlMEElMjJwYXJhbXMlMjIlM0ElMjAlNUIlMEElN0IlMEElMjJjYWxlbmRhciUyMiUzQSUyMCU3QiUwQSUyMmZpcnN0RGF5T2ZXZWVrJTIyJTNBJTIwMSUyQyUwQSUyMm5iTW9udGhzMmRpc3BsYXklMjIlM0ElMjAyJTJDJTBBJTIydGl0bGUlMjIlM0ElMjAlMjIlMjIlMEElMkMlMEElMjJzaG93QmVzdFByaWNlJTIyJTNBJTIwdHJ1ZSUyQyUwQSUyMnNob3dMYXN0Um9vbSUyMiUzQSUyMHRydWUlMkMlMEElMjJzaG93TGFzdFJvb21UaHJlc2hvbGQlMjIlM0ElMjAxJTJDJTBBJTIyc2hvd01pblN0YXlEZXBhcnR1cmVEYXRlcyUyMiUzQXRydWUlMkMlMEElMjJoaWRlQ29udHJvbHMlMjIlM0FmYWxzZSUyQyUwQSUyMnNob3dDaGlsZHJlbkFnZXMlMjIlM0ElMjBmYWxzZSUyQyUwQSUyMnRoZW1lRGFyayUyMiUzQSUyMGZhbHNlJTJDJTBBJTIybGF5b3V0TnVtJTIyJTNBJTIwMSUyQyUwQSUyMnJvb21SYXRlRmlsdGVyaW5nJTIyJTNBJTIwMCUyQyUwQSUyMnJhdGVGaWx0ZXIlMjIlM0ElMjAlNUIlNUQlMkMlMEElMjJyb29tRmlsdGVyJTIyJTNBJTIwJTVCJTVEJTJDJTBBJTIydXNlTG95YWx0eSUyMiUzQSUyMGZhbHNlJTJDJTBBJTIybG95YWx0eSUyMiUzQSUyMCUyMiUyMiUyQyUwQSUyMmxveWFsdHlQYXJhbXMlMjIlM0ElMjAlN0IlN0QlMkMlMEElMjJ1c2VSZWRpcmVjdFVybEZyb21BcGklMjIlMjAlM0ElMjB0cnVlJTJDJTBBJTIyZGF5c0xvb2tBaGVhZCUyMiUyMCUzQSUyMDM2NSUwQSU3RCUyQyUwQSUyMmN1cnJlbmN5JTIyJTNBJTIwJTIyRVVSJTIyJTJDJTBBJTIybG9jYWxlJTIyJTNBJTIwJTIyZW5fR0IlMjIlMkMlMEElMjJtYXhBZHVsdHMlMjIlM0ElMjAxMCUyQyUwQSUyMm1heENoaWxkcmVuJTIyJTNBJTIwMiUyQyUwQSUyMm1haW5Db2xvciUyMiUzQSUyMCUyMiUyM2IwYTA2YyUyMiUyQyUwQSUyMnRoZW1lRGFyayUyMiUzQSUyMGZhbHNlJTJDJTBBJTIyb3BlbkZyb250SW5OZXdUYWIlMjIlM0ElMjB0cnVlJTJDJTBBJTIycHJvcGVydHklMjIlM0ElMjAlMjJKSE5GLTMwNjA1JTIyJTJDJTBBJTIydGl0bGUlMjIlM0ElMjAlMjJBdGxhbnRpYyUyMEhvdGVsJTIwUGFyaXMlMjIlMkMlMEElMjJjaGlsZHJlbk1heEFnZSUyMiUzQSUyMDEyJTJDJTBBJTIyZmJXaWRnZXQlMjIlM0ElMjAlMjJDYWxlbmRhciUyMiUwQSU3RCUwQSU1RCUyQyUwQSUyMmNvbW1vblBhcmFtcyUyMiUzQSUyMCU3QiUwQSUyMnJlZGlyZWN0VXJsJTIyJTNBJTIwJTIyaHR0cHMlM0ElMkYlMkZ3d3cuc2VjdXJlLWhvdGVsLWJvb2tpbmcuY29tJTIyJTJDJTBBJTIyc2hvd1Byb3BlcnRpZXNMaXN0JTIyJTNBJTIwdHJ1ZSUyQyUwQSUyMmRlbW9Nb2RlJTIyJTNBJTIwZmFsc2UlMkMlMEElMjJmcm9udFVybCUyMiUzQSUyMCUyMmh0dHBzJTNBJTJGJTJGd3d3LnNlY3VyZS1ob3RlbC1ib29raW5nLmNvbSUyMiUwQSU3RCUyQyUwQSUyMl9hdXRoQ29kZSUyMiUzQSUyMmV5SmhiR2NpT2lKSVV6VXhNaUlzSW5SNWNDSTZJa3BYVkNKOS5leUppYjI5cmFXNW5SVzVuYVc1bFVtVm1aWEpsYm1ObElqb2lTa2hPUmlJc0ltaHZkR1ZzU1dRaU9pSXpNRFl3TlNJc0ltZHliM1Z3U1dRaU9pSXhPRE0yTXlJc0luSmxabVZ5Wlc1alpWSmhkR1ZEYjJSbElqb2lRbFZTSWl3aVpHbHpjR3hoZVU1aGJXVWlPaUpCZEd4aGJuUnBZeTFJYjNSbGJDMVFZWEpwY3lJc0ltNWlaaUk2TVRjek9ESTBNVE0yT1N3aVpYaHdJam95TlRNME1ESXpNREE0TURBc0ltbGhkQ0k2TVRjek9ESTBNVE0yT1N3aWFYTnpJam9pUVhaaGFXeHdjbThnUVZCSklFMWhibUZuWlhJaUxDSmhkV1FpT2lKa0xXVmtaMlVpZlEuTk1xQlFmOHdXWmJaTWtZUDhfZXZkMEtNOVJ2YWFQWXFnaU9MaFZjX0FZRFZTUGpfVFI5SDFKdldseV8tX3A5YzJLbVFKQ2NERnh1V2p5TGtQNi1hQ1ElMjIlMkMlMEElMjJwcm9wZXJ0eUluZGV4JTIyJTNBJTIwMCUyQyUwQSUyMnZlcnNpb24lMjIlM0ElMjAlMjIxLjM1LjAlMjIlMkMlMEElMjJiYXNlSG9zdCUyMiUzQSUyMCUyMmh0dHBzJTNBJTJGJTJGd2Vic2RrLmQtZWRnZS5jb20lMjIlMEElN0QlMEElM0MlMkZzY3JpcHQlM0UlMEElM0NsaW5rJTIwcmVsJTNEJTIyc3R5bGVzaGVldCUyMiUyMHByb3BlcnR5JTNEJTIyc3R5bGVzaGVldCUyMiUyMGhyZWYlM0QlMjJodHRwcyUzQSUyRiUyRndlYnNkay5kLWVkZ2UuY29tJTJGd2lkZ2V0cyUyRmFwcC5jc3MlMjIlM0UlMEElM0NzY3JpcHQlMjB0eXBlJTNEJTIydGV4dCUyRmphdmFzY3JpcHQlMjIlMjBzcmMlM0QlMjJodHRwcyUzQSUyRiUyRndlYnNkay5kLWVkZ2UuY29tJTJGd2lkZ2V0cyUyRmFwcC5qcyUyMiUzRSUzQyUyRnNjcmlwdCUzRQ==[\/vc_raw_html][\/vc_column][\/vc_row][vc_row type=&#8221;vc_default&#8221; full_width=&#8221;stretch_row_content&#8221; css=&#8221;.vc_custom_1706607515934{background: #d8d8d8 url(https:\/\/atlantic-hotel-paris.com\/wp-content\/uploads\/2023\/12\/Sculpture-lobby-2500-5-20pct.jpg?id=201) !important;background-position: center !important;background-repeat: no-repeat !important;background-size: cover !important;}&#8221;][vc_column]<div class=\"ult-spacer spacer-69ecf519aa88a\" data-id=\"69ecf519aa88a\" data-height=\"50\" data-height-mobile=\"50\" data-height-tab=\"50\" data-height-tab-portrait=\"\" data-height-mobile-landscape=\"\" style=\"clear:both;display:block;\"><\/div>[vc_custom_heading text=&#8221;Why should you book our hotel directly through our website?&#8221; font_container=&#8221;tag:h2|text_align:center&#8221; use_theme_fonts=&#8221;yes&#8221;]<div class=\"ult-spacer spacer-69ecf519aa8a3\" data-id=\"69ecf519aa8a3\" data-height=\"50\" data-height-mobile=\"50\" data-height-tab=\"50\" data-height-tab-portrait=\"\" data-height-mobile-landscape=\"\" style=\"clear:both;display:block;\"><\/div>[vc_row_inner content_placement=&#8221;top&#8221; gap=&#8221;10&#8243;][vc_column_inner width=&#8221;1\/6&#8243;]<div class=\"ult-just-icon-wrapper  \"><div class=\"align-icon\" style=\"text-align:center;\">\n<div class=\"aio-icon advanced \"  style=\"color:#85754e;background:rgba(255,255,255,0.01);border-style:solid;border-color:#85754e;border-width:1px;width:50px;height:50px;line-height:50px;border-radius:500px;font-size:20px;display:inline-block;\">\n\t<i class=\"Defaults-bed hotel\"><\/i>\n<\/div><\/div><\/div><div class=\"ult-spacer spacer-69ecf519aa9fb\" data-id=\"69ecf519aa9fb\" data-height=\"15\" data-height-mobile=\"15\" data-height-tab=\"15\" data-height-tab-portrait=\"\" data-height-mobile-landscape=\"\" style=\"clear:both;display:block;\"><\/div>[vc_custom_heading text=&#8221;We guarantee a lower rate of 14% live&#8221; font_container=&#8221;tag:h5|text_align:center&#8221; use_theme_fonts=&#8221;yes&#8221;][\/vc_column_inner][vc_column_inner width=&#8221;1\/6&#8243;]<div class=\"ult-just-icon-wrapper  \"><div class=\"align-icon\" style=\"text-align:center;\">\n<div class=\"aio-icon advanced \"  style=\"color:#85754e;background:rgba(255,255,255,0.01);border-style:solid;border-color:#85754e;border-width:1px;width:50px;height:50px;line-height:50px;border-radius:500px;font-size:20px;display:inline-block;\">\n\t<i class=\"far fa-calendar-times\"><\/i>\n<\/div><\/div><\/div><div class=\"ult-spacer spacer-69ecf519aaa2f\" data-id=\"69ecf519aaa2f\" data-height=\"15\" data-height-mobile=\"15\" data-height-tab=\"15\" data-height-tab-portrait=\"\" data-height-mobile-landscape=\"\" style=\"clear:both;display:block;\"><\/div>[vc_custom_heading text=&#8221;More flexible cancellations&#8221; font_container=&#8221;tag:h5|text_align:center&#8221; use_theme_fonts=&#8221;yes&#8221;][\/vc_column_inner][vc_column_inner width=&#8221;1\/6&#8243;]<div class=\"ult-just-icon-wrapper  \"><div class=\"align-icon\" style=\"text-align:center;\">\n<div class=\"aio-icon advanced \"  style=\"color:#85754e;background:rgba(255,255,255,0.01);border-style:solid;border-color:#85754e;border-width:1px;width:50px;height:50px;line-height:50px;border-radius:500px;font-size:20px;display:inline-block;\">\n\t<i class=\"Defaults-coffee\"><\/i>\n<\/div><\/div><\/div><div class=\"ult-spacer spacer-69ecf519aaa5a\" data-id=\"69ecf519aaa5a\" data-height=\"15\" data-height-mobile=\"15\" data-height-tab=\"15\" data-height-tab-portrait=\"\" data-height-mobile-landscape=\"\" style=\"clear:both;display:block;\"><\/div>[vc_custom_heading text=&#8221;-25% off your Buffet or Continental breakfast&#8221; font_container=&#8221;tag:h5|text_align:center&#8221; use_theme_fonts=&#8221;yes&#8221;][\/vc_column_inner][vc_column_inner width=&#8221;1\/6&#8243;]<div class=\"ult-just-icon-wrapper  \"><div class=\"align-icon\" style=\"text-align:center;\">\n<div class=\"aio-icon advanced \"  style=\"color:#85754e;background:rgba(255,255,255,0.01);border-style:solid;border-color:#85754e;border-width:1px;width:50px;height:50px;line-height:50px;border-radius:500px;font-size:20px;display:inline-block;\">\n\t<i class=\"Defaults-newspaper-o\"><\/i>\n<\/div><\/div><\/div><div class=\"ult-spacer spacer-69ecf519aaa86\" data-id=\"69ecf519aaa86\" data-height=\"15\" data-height-mobile=\"15\" data-height-tab=\"15\" data-height-tab-portrait=\"\" data-height-mobile-landscape=\"\" style=\"clear:both;display:block;\"><\/div>[vc_custom_heading text=&#8221;Free access to over 7000 international electronic newspapers and magazines&#8221; font_container=&#8221;tag:h5|text_align:center&#8221; use_theme_fonts=&#8221;yes&#8221;][\/vc_column_inner][vc_column_inner width=&#8221;1\/6&#8243;]<div class=\"ult-just-icon-wrapper  \"><div class=\"align-icon\" style=\"text-align:center;\">\n<div class=\"aio-icon advanced \"  style=\"color:#85754e;background:rgba(255,255,255,0.01);border-style:solid;border-color:#85754e;border-width:1px;width:50px;height:50px;line-height:50px;border-radius:500px;font-size:20px;display:inline-block;\">\n\t<i class=\"fas fa-car\"><\/i>\n<\/div><\/div><\/div><div class=\"ult-spacer spacer-69ecf519aaaad\" data-id=\"69ecf519aaaad\" data-height=\"15\" data-height-mobile=\"15\" data-height-tab=\"15\" data-height-tab-portrait=\"\" data-height-mobile-landscape=\"\" style=\"clear:both;display:block;\"><\/div>[vc_custom_heading text=&#8221;40% off on St-Lazare car park (located rue de Londres, 2 minutes walk)&#8221; font_container=&#8221;tag:h5|text_align:center&#8221; use_theme_fonts=&#8221;yes&#8221; css=&#8221;&#8221;][\/vc_column_inner][vc_column_inner width=&#8221;1\/6&#8243;]<div class=\"ult-just-icon-wrapper  \"><div class=\"align-icon\" style=\"text-align:center;\">\n<div class=\"aio-icon advanced \"  style=\"color:#85754e;background:rgba(255,255,255,0.01);border-style:solid;border-color:#85754e;border-width:1px;width:50px;height:50px;line-height:50px;border-radius:500px;font-size:20px;display:inline-block;\">\n\t<i class=\"fas fa-car\"><\/i>\n<\/div><\/div><\/div><div class=\"ult-spacer spacer-69ecf519aaad4\" data-id=\"69ecf519aaad4\" data-height=\"15\" data-height-mobile=\"15\" data-height-tab=\"15\" data-height-tab-portrait=\"\" data-height-mobile-landscape=\"\" style=\"clear:both;display:block;\"><\/div>[vc_custom_heading text=&#8221;-15% on Batignolles car park (8 minutes walk)&#8221; font_container=&#8221;tag:h5|text_align:center&#8221; use_theme_fonts=&#8221;yes&#8221;][\/vc_column_inner][\/vc_row_inner]<div class=\"ult-spacer spacer-69ecf519aaae4\" data-id=\"69ecf519aaae4\" data-height=\"50\" data-height-mobile=\"50\" data-height-tab=\"50\" data-height-tab-portrait=\"\" data-height-mobile-landscape=\"\" style=\"clear:both;display:block;\"><\/div>[\/vc_column][\/vc_row][vc_row][vc_column]<div class=\"ult-spacer spacer-69ecf519aaaf3\" data-id=\"69ecf519aaaf3\" data-height=\"50\" data-height-mobile=\"50\" data-height-tab=\"50\" data-height-tab-portrait=\"\" data-height-mobile-landscape=\"\" style=\"clear:both;display:block;\"><\/div>[vc_row_inner][vc_column_inner width=&#8221;1\/6&#8243;][\/vc_column_inner][vc_column_inner width=&#8221;2\/3&#8243;][vc_column_text]<\/p>\n<h3 style=\"text-align: center;\">By booking your hotel in Paris directly on our website, the entire team of the Hotel Atlantic Paris is at your disposal<br \/>\nto organize and make your stay unforgettable.<\/h3>\n<p>&nbsp;<\/p>\n<p style=\"text-align: center;\">Ask us about current events in Paris, the best restaurants in the Opera district, Saint-Lazare,<br \/>\nor other places that you would like to visit.<\/p>\n<p style=\"text-align: center;\">Paris, capital of fashion. During your stay at the hotel, do not miss to do some shopping in the Opera \u2013 Haussmann \u2013 Saint-Lazare district, which is just a few minutes\u2019 walk from the hotel. Ask for advice at the Reception in order to get the most trendy addresses in Paris.<\/p>\n<p>&nbsp;<\/p>\n<h3 style=\"text-align: center;\">See you soon at the Atlantic Hotel Paris!<\/h3>\n<p>[\/vc_column_text][\/vc_column_inner][vc_column_inner width=&#8221;1\/6&#8243;][\/vc_column_inner][\/vc_row_inner]<div class=\"ult-spacer spacer-69ecf519aab03\" data-id=\"69ecf519aab03\" data-height=\"100\" data-height-mobile=\"100\" data-height-tab=\"100\" data-height-tab-portrait=\"\" data-height-mobile-landscape=\"\" style=\"clear:both;display:block;\"><\/div>[\/vc_column][\/vc_row][vc_row type=&#8221;vc_default&#8221; full_width=&#8221;stretch_row_content_no_spaces&#8221;][vc_column css=&#8221;.vc_custom_1699527067217{padding-top: 0px !important;}&#8221;]<div class=\"sbvcgmap-map-wrapper\" style=\"width:100%;height:500px\"><div class=\"sbvcgmap-map\" zoom=\"14\" maptype=\"ROADMAP\" panoramatogglebutton=\"no\" pancontrol=\"yes\" pancontrol_position=\"TOP_LEFT\" zoomcontrol=\"yes\" zoomcontrol_position=\"TOP_LEFT\" zoomcontrolstyle=\"DEFAULT\" maptypecontrol=\"yes\" maptypecontrol_position=\"TOP_RIGHT\" streetviewcontrol=\"yes\" streetviewcontrol_position=\"TOP_LEFT\" overviewmapcontrol=\"yes\" overviewmapcontrolvisible=\"no\" maptypecontrolstyle=\"DEFAULT\" mapstyle=\"style-2\" weather=\"no\" traffic=\"no\" transit=\"no\" bicycle=\"no\" panoramio=\"no\" draggable=\"yes\" scrollwheel=\"no\" cplatitude=\"48.869939714222\" cplongitude=\"2.3249010268383\" scalecontrol=\"yes\" searchtype=\"disabled\" searchradius=\"500\" searchiconanimation=\"NONE\" searchdirectiontext=\"\" reloadonresize=\"no\" clustering=\"no\" style=\"width:100%;height:500px\"><div class=\"sbvcgmap-marker\" data-lat=\"48.878136859428\" data-lng=\"2.3263889978413\" infowindow=\"no\" animation=\"NONE\" customstyles=\"no\" ><\/p>\n<p style=\"text-align: center;\"><strong>Atlantic H\u00f4tel Paris<\/strong><br \/>\n44, rue de Londres<br \/>\n75008 Paris<\/p>\n<p><\/div><\/div><\/div>[\/vc_column][\/vc_row]<\/p>\n<\/div>","protected":false},"excerpt":{"rendered":"<p>[vc_row type=&#8221;vc_default&#8221; full_width=&#8221;stretch_row&#8221; margin_top=&#8221;-50px&#8221; full_width_row=&#8221;true&#8221; bg_type=&#8221;image&#8221; parallax_style=&#8221;vcpb-default&#8221;][vc_column][vc_raw_html css=&#8221;&#8221;]JTNDZGl2JTIwaWQlM0QlMjJmYi13aWRnZXQtMSUyMiUyMGNsYXNzJTNEJTIyZmItd2lkZ2V0JTIyJTIwZGF0YS1mYkNvbmZpZyUzRCUyMjAlMjIlM0UlM0MlMkZkaXYlM0UlMEElM0NzY3JpcHQlMjBjbGFzcyUzRCUyMmZiLXdpZGdldC1jb25maWclMjIlMjBkYXRhLWZiQ29uZmlnJTNEJTIyMCUyMiUyMHR5cGUlM0QlMjJhcHBsaWNhdGlvbiUyRmpzb24lMjIlM0UlMEElN0IlMEElMjJwYXJhbXMlMjIlM0ElMjAlNUIlMEElN0IlMEElMjJjYWxlbmRhciUyMiUzQSUyMCU3QiUwQSUyMmZpcnN0RGF5T2ZXZWVrJTIyJTNBJTIwMSUyQyUwQSUyMm5iTW9udGhzMmRpc3BsYXklMjIlM0ElMjAyJTJDJTBBJTIydGl0bGUlMjIlM0ElMjAlMjIlMjIlMEElMkMlMEElMjJzaG93QmVzdFByaWNlJTIyJTNBJTIwdHJ1ZSUyQyUwQSUyMnNob3dMYXN0Um9vbSUyMiUzQSUyMHRydWUlMkMlMEElMjJzaG93TGFzdFJvb21UaHJlc2hvbGQlMjIlM0ElMjAxJTJDJTBBJTIyc2hvd01pblN0YXlEZXBhcnR1cmVEYXRlcyUyMiUzQXRydWUlMkMlMEElMjJoaWRlQ29udHJvbHMlMjIlM0FmYWxzZSUyQyUwQSUyMnNob3dDaGlsZHJlbkFnZXMlMjIlM0ElMjBmYWxzZSUyQyUwQSUyMnRoZW1lRGFyayUyMiUzQSUyMGZhbHNlJTJDJTBBJTIybGF5b3V0TnVtJTIyJTNBJTIwMSUyQyUwQSUyMnJvb21SYXRlRmlsdGVyaW5nJTIyJTNBJTIwMCUyQyUwQSUyMnJhdGVGaWx0ZXIlMjIlM0ElMjAlNUIlNUQlMkMlMEElMjJyb29tRmlsdGVyJTIyJTNBJTIwJTVCJTVEJTJDJTBBJTIydXNlTG95YWx0eSUyMiUzQSUyMGZhbHNlJTJDJTBBJTIybG95YWx0eSUyMiUzQSUyMCUyMiUyMiUyQyUwQSUyMmxveWFsdHlQYXJhbXMlMjIlM0ElMjAlN0IlN0QlMkMlMEElMjJ1c2VSZWRpcmVjdFVybEZyb21BcGklMjIlMjAlM0ElMjB0cnVlJTJDJTBBJTIyZGF5c0xvb2tBaGVhZCUyMiUyMCUzQSUyMDM2NSUwQSU3RCUyQyUwQSUyMmN1cnJlbmN5JTIyJTNBJTIwJTIyRVVSJTIyJTJDJTBBJTIybG9jYWxlJTIyJTNBJTIwJTIyZW5fR0IlMjIlMkMlMEElMjJtYXhBZHVsdHMlMjIlM0ElMjAxMCUyQyUwQSUyMm1heENoaWxkcmVuJTIyJTNBJTIwMiUyQyUwQSUyMm1haW5Db2xvciUyMiUzQSUyMCUyMiUyM2IwYTA2YyUyMiUyQyUwQSUyMnRoZW1lRGFyayUyMiUzQSUyMGZhbHNlJTJDJTBBJTIyb3BlbkZyb250SW5OZXdUYWIlMjIlM0ElMjB0cnVlJTJDJTBBJTIycHJvcGVydHklMjIlM0ElMjAlMjJKSE5GLTMwNjA1JTIyJTJDJTBBJTIydGl0bGUlMjIlM0ElMjAlMjJBdGxhbnRpYyUyMEhvdGVsJTIwUGFyaXMlMjIlMkMlMEElMjJjaGlsZHJlbk1heEFnZSUyMiUzQSUyMDEyJTJDJTBBJTIyZmJXaWRnZXQlMjIlM0ElMjAlMjJDYWxlbmRhciUyMiUwQSU3RCUwQSU1RCUyQyUwQSUyMmNvbW1vblBhcmFtcyUyMiUzQSUyMCU3QiUwQSUyMnJlZGlyZWN0VXJsJTIyJTNBJTIwJTIyaHR0cHMlM0ElMkYlMkZ3d3cuc2VjdXJlLWhvdGVsLWJvb2tpbmcuY29tJTIyJTJDJTBBJTIyc2hvd1Byb3BlcnRpZXNMaXN0JTIyJTNBJTIwdHJ1ZSUyQyUwQSUyMmRlbW9Nb2RlJTIyJTNBJTIwZmFsc2UlMkMlMEElMjJmcm9udFVybCUyMiUzQSUyMCUyMmh0dHBzJTNBJTJGJTJGd3d3LnNlY3VyZS1ob3RlbC1ib29raW5nLmNvbSUyMiUwQSU3RCUyQyUwQSUyMl9hdXRoQ29kZSUyMiUzQSUyMmV5SmhiR2NpT2lKSVV6VXhNaUlzSW5SNWNDSTZJa3BYVkNKOS5leUppYjI5cmFXNW5SVzVuYVc1bFVtVm1aWEpsYm1ObElqb2lTa2hPUmlJc0ltaHZkR1ZzU1dRaU9pSXpNRFl3TlNJc0ltZHliM1Z3U1dRaU9pSXhPRE0yTXlJc0luSmxabVZ5Wlc1alpWSmhkR1ZEYjJSbElqb2lRbFZTSWl3aVpHbHpjR3hoZVU1aGJXVWlPaUpCZEd4aGJuUnBZeTFJYjNSbGJDMVFZWEpwY3lJc0ltNWlaaUk2TVRjek9ESTBNVE0yT1N3aVpYaHdJam95TlRNME1ESXpNREE0TURBc0ltbGhkQ0k2TVRjek9ESTBNVE0yT1N3aWFYTnpJam9pUVhaaGFXeHdjbThnUVZCSklFMWhibUZuWlhJaUxDSmhkV1FpT2lKa0xXVmtaMlVpZlEuTk1xQlFmOHdXWmJaTWtZUDhfZXZkMEtNOVJ2YWFQWXFnaU9MaFZjX0FZRFZTUGpfVFI5SDFKdldseV8tX3A5YzJLbVFKQ2NERnh1V2p5TGtQNi1hQ1ElMjIlMkMlMEElMjJwcm9wZXJ0eUluZGV4JTIyJTNBJTIwMCUyQyUwQSUyMnZlcnNpb24lMjIlM0ElMjAlMjIxLjM1LjAlMjIlMkMlMEElMjJiYXNlSG9zdCUyMiUzQSUyMCUyMmh0dHBzJTNBJTJGJTJGd2Vic2RrLmQtZWRnZS5jb20lMjIlMEElN0QlMEElM0MlMkZzY3JpcHQlM0UlMEElM0NsaW5rJTIwcmVsJTNEJTIyc3R5bGVzaGVldCUyMiUyMHByb3BlcnR5JTNEJTIyc3R5bGVzaGVldCUyMiUyMGhyZWYlM0QlMjJodHRwcyUzQSUyRiUyRndlYnNkay5kLWVkZ2UuY29tJTJGd2lkZ2V0cyUyRmFwcC5jc3MlMjIlM0UlMEElM0NzY3JpcHQlMjB0eXBlJTNEJTIydGV4dCUyRmphdmFzY3JpcHQlMjIlMjBzcmMlM0QlMjJodHRwcyUzQSUyRiUyRndlYnNkay5kLWVkZ2UuY29tJTJGd2lkZ2V0cyUyRmFwcC5qcyUyMiUzRSUzQyUyRnNjcmlwdCUzRQ==[\/vc_raw_html][\/vc_column][\/vc_row][vc_row type=&#8221;vc_default&#8221; full_width=&#8221;stretch_row_content&#8221; css=&#8221;.vc_custom_1706607515934{background: #d8d8d8 url(https:\/\/atlantic-hotel-paris.com\/wp-content\/uploads\/2023\/12\/Sculpture-lobby-2500-5-20pct.jpg?id=201) !important;background-position: center !important;background-repeat: no-repeat !important;background-size: cover !important;}&#8221;][vc_column][vc_custom_heading text=&#8221;Why should you book our hotel directly through our website?&#8221; font_container=&#8221;tag:h2|text_align:center&#8221; use_theme_fonts=&#8221;yes&#8221;][vc_row_inner content_placement=&#8221;top&#8221; gap=&#8221;10&#8243;][vc_column_inner width=&#8221;1\/6&#8243;][vc_custom_heading text=&#8221;We guarantee a lower rate of 14% live&#8221; font_container=&#8221;tag:h5|text_align:center&#8221; use_theme_fonts=&#8221;yes&#8221;][\/vc_column_inner][vc_column_inner width=&#8221;1\/6&#8243;][vc_custom_heading text=&#8221;More flexible cancellations&#8221; font_container=&#8221;tag:h5|text_align:center&#8221; use_theme_fonts=&#8221;yes&#8221;][\/vc_column_inner][vc_column_inner width=&#8221;1\/6&#8243;][vc_custom_heading text=&#8221;-25% off your&hellip;<\/p>\n","protected":false},"author":1,"featured_media":0,"parent":0,"menu_order":1,"comment_status":"closed","ping_status":"closed","template":"","meta":{"footnotes":""},"class_list":["post-514","page","type-page","status-publish","hentry","description-off"],"yoast_head":"<!-- This site is optimized with the Yoast SEO plugin v27.4 - https:\/\/yoast.com\/product\/yoast-seo-wordpress\/ -->\n<title>Book online - Atlantic H\u00f4tel Paris - H\u00f4tel Op\u00e9ra Saint Lazare Paris 8<\/title>\n<meta name=\"description\" content=\"Design hotel in Paris in the Opera Saint Lazare district. Spacious renovated contemporary rooms. Charming 3-star hotel. Secure online booking.\" \/>\n<meta name=\"robots\" content=\"index, follow, max-snippet:-1, max-image-preview:large, max-video-preview:-1\" \/>\n<link rel=\"canonical\" href=\"https:\/\/atlantic-hotel-paris.com\/en\/book-online\/\" \/>\n<meta property=\"og:locale\" content=\"en_US\" \/>\n<meta property=\"og:type\" content=\"article\" \/>\n<meta property=\"og:title\" content=\"Book online - Atlantic H\u00f4tel Paris - H\u00f4tel Op\u00e9ra Saint Lazare Paris 8\" \/>\n<meta property=\"og:description\" content=\"Design hotel in Paris in the Opera Saint Lazare district. Spacious renovated contemporary rooms. Charming 3-star hotel. Secure online booking.\" \/>\n<meta property=\"og:url\" content=\"https:\/\/atlantic-hotel-paris.com\/en\/book-online\/\" \/>\n<meta property=\"og:site_name\" content=\"Atlantic H\u00f4tel Paris - H\u00f4tel Op\u00e9ra Saint Lazare Paris 8\" \/>\n<meta property=\"article:modified_time\" content=\"2025-10-20T09:44:28+00:00\" \/>\n<meta name=\"twitter:card\" content=\"summary_large_image\" \/>\n<meta name=\"twitter:label1\" content=\"Est. reading time\" \/>\n\t<meta name=\"twitter:data1\" content=\"2 minutes\" \/>\n<script type=\"application\/ld+json\" class=\"yoast-schema-graph\">{\"@context\":\"https:\\\/\\\/schema.org\",\"@graph\":[{\"@type\":\"WebPage\",\"@id\":\"https:\\\/\\\/atlantic-hotel-paris.com\\\/en\\\/book-online\\\/\",\"url\":\"https:\\\/\\\/atlantic-hotel-paris.com\\\/en\\\/book-online\\\/\",\"name\":\"Book online - Atlantic H\u00f4tel Paris - H\u00f4tel Op\u00e9ra Saint Lazare Paris 8\",\"isPartOf\":{\"@id\":\"https:\\\/\\\/atlantic-hotel-paris.com\\\/#website\"},\"datePublished\":\"2023-12-07T15:03:06+00:00\",\"dateModified\":\"2025-10-20T09:44:28+00:00\",\"description\":\"Design hotel in Paris in the Opera Saint Lazare district. Spacious renovated contemporary rooms. Charming 3-star hotel. Secure online booking.\",\"breadcrumb\":{\"@id\":\"https:\\\/\\\/atlantic-hotel-paris.com\\\/en\\\/book-online\\\/#breadcrumb\"},\"inLanguage\":\"en-US\",\"potentialAction\":[{\"@type\":\"ReadAction\",\"target\":[\"https:\\\/\\\/atlantic-hotel-paris.com\\\/en\\\/book-online\\\/\"]}]},{\"@type\":\"BreadcrumbList\",\"@id\":\"https:\\\/\\\/atlantic-hotel-paris.com\\\/en\\\/book-online\\\/#breadcrumb\",\"itemListElement\":[{\"@type\":\"ListItem\",\"position\":1,\"name\":\"Accueil\",\"item\":\"https:\\\/\\\/atlantic-hotel-paris.com\\\/en\\\/\"},{\"@type\":\"ListItem\",\"position\":2,\"name\":\"Book online\"}]},{\"@type\":\"WebSite\",\"@id\":\"https:\\\/\\\/atlantic-hotel-paris.com\\\/#website\",\"url\":\"https:\\\/\\\/atlantic-hotel-paris.com\\\/\",\"name\":\"Atlantic H\u00f4tel Paris - H\u00f4tel Op\u00e9ra Saint Lazare Paris 8\",\"description\":\"Un site d\u00e9velopp\u00e9 par PMT HOTELS\",\"potentialAction\":[{\"@type\":\"SearchAction\",\"target\":{\"@type\":\"EntryPoint\",\"urlTemplate\":\"https:\\\/\\\/atlantic-hotel-paris.com\\\/?s={search_term_string}\"},\"query-input\":{\"@type\":\"PropertyValueSpecification\",\"valueRequired\":true,\"valueName\":\"search_term_string\"}}],\"inLanguage\":\"en-US\"}]}<\/script>\n<!-- \/ Yoast SEO plugin. -->","yoast_head_json":{"title":"Book online - Atlantic H\u00f4tel Paris - H\u00f4tel Op\u00e9ra Saint Lazare Paris 8","description":"Design hotel in Paris in the Opera Saint Lazare district. Spacious renovated contemporary rooms. Charming 3-star hotel. Secure online booking.","robots":{"index":"index","follow":"follow","max-snippet":"max-snippet:-1","max-image-preview":"max-image-preview:large","max-video-preview":"max-video-preview:-1"},"canonical":"https:\/\/atlantic-hotel-paris.com\/en\/book-online\/","og_locale":"en_US","og_type":"article","og_title":"Book online - Atlantic H\u00f4tel Paris - H\u00f4tel Op\u00e9ra Saint Lazare Paris 8","og_description":"Design hotel in Paris in the Opera Saint Lazare district. Spacious renovated contemporary rooms. Charming 3-star hotel. Secure online booking.","og_url":"https:\/\/atlantic-hotel-paris.com\/en\/book-online\/","og_site_name":"Atlantic H\u00f4tel Paris - H\u00f4tel Op\u00e9ra Saint Lazare Paris 8","article_modified_time":"2025-10-20T09:44:28+00:00","twitter_card":"summary_large_image","twitter_misc":{"Est. reading time":"2 minutes"},"schema":{"@context":"https:\/\/schema.org","@graph":[{"@type":"WebPage","@id":"https:\/\/atlantic-hotel-paris.com\/en\/book-online\/","url":"https:\/\/atlantic-hotel-paris.com\/en\/book-online\/","name":"Book online - Atlantic H\u00f4tel Paris - H\u00f4tel Op\u00e9ra Saint Lazare Paris 8","isPartOf":{"@id":"https:\/\/atlantic-hotel-paris.com\/#website"},"datePublished":"2023-12-07T15:03:06+00:00","dateModified":"2025-10-20T09:44:28+00:00","description":"Design hotel in Paris in the Opera Saint Lazare district. Spacious renovated contemporary rooms. Charming 3-star hotel. Secure online booking.","breadcrumb":{"@id":"https:\/\/atlantic-hotel-paris.com\/en\/book-online\/#breadcrumb"},"inLanguage":"en-US","potentialAction":[{"@type":"ReadAction","target":["https:\/\/atlantic-hotel-paris.com\/en\/book-online\/"]}]},{"@type":"BreadcrumbList","@id":"https:\/\/atlantic-hotel-paris.com\/en\/book-online\/#breadcrumb","itemListElement":[{"@type":"ListItem","position":1,"name":"Accueil","item":"https:\/\/atlantic-hotel-paris.com\/en\/"},{"@type":"ListItem","position":2,"name":"Book online"}]},{"@type":"WebSite","@id":"https:\/\/atlantic-hotel-paris.com\/#website","url":"https:\/\/atlantic-hotel-paris.com\/","name":"Atlantic H\u00f4tel Paris - H\u00f4tel Op\u00e9ra Saint Lazare Paris 8","description":"Un site d\u00e9velopp\u00e9 par PMT HOTELS","potentialAction":[{"@type":"SearchAction","target":{"@type":"EntryPoint","urlTemplate":"https:\/\/atlantic-hotel-paris.com\/?s={search_term_string}"},"query-input":{"@type":"PropertyValueSpecification","valueRequired":true,"valueName":"search_term_string"}}],"inLanguage":"en-US"}]}},"_links":{"self":[{"href":"https:\/\/atlantic-hotel-paris.com\/en\/wp-json\/wp\/v2\/pages\/514","targetHints":{"allow":["GET"]}}],"collection":[{"href":"https:\/\/atlantic-hotel-paris.com\/en\/wp-json\/wp\/v2\/pages"}],"about":[{"href":"https:\/\/atlantic-hotel-paris.com\/en\/wp-json\/wp\/v2\/types\/page"}],"author":[{"embeddable":true,"href":"https:\/\/atlantic-hotel-paris.com\/en\/wp-json\/wp\/v2\/users\/1"}],"replies":[{"embeddable":true,"href":"https:\/\/atlantic-hotel-paris.com\/en\/wp-json\/wp\/v2\/comments?post=514"}],"version-history":[{"count":9,"href":"https:\/\/atlantic-hotel-paris.com\/en\/wp-json\/wp\/v2\/pages\/514\/revisions"}],"predecessor-version":[{"id":1122,"href":"https:\/\/atlantic-hotel-paris.com\/en\/wp-json\/wp\/v2\/pages\/514\/revisions\/1122"}],"wp:attachment":[{"href":"https:\/\/atlantic-hotel-paris.com\/en\/wp-json\/wp\/v2\/media?parent=514"}],"curies":[{"name":"wp","href":"https:\/\/api.w.org\/{rel}","templated":true}]}}