{"id":518,"date":"2023-12-07T17:11:29","date_gmt":"2023-12-07T16:11:29","guid":{"rendered":"https:\/\/atlantic-hotel-paris.com\/breakfast\/"},"modified":"2024-05-16T13:08:59","modified_gmt":"2024-05-16T11:08:59","slug":"breakfast","status":"publish","type":"page","link":"https:\/\/atlantic-hotel-paris.com\/en\/breakfast\/","title":{"rendered":"Breakfast"},"content":{"rendered":"<div class=\"wpb-content-wrapper\"><p>[vc_row type=&#8221;vc_default&#8221; full_width=&#8221;stretch_row_content&#8221; equal_height=&#8221;yes&#8221; bg_type=&#8221;image&#8221; parallax_style=&#8221;vcpb-default&#8221; bg_image_new=&#8221;id^201|url^https:\/\/atlantic-hotel-paris.com\/wp-content\/uploads\/2023\/12\/Sculpture-lobby-2500-5-20pct.jpg|caption^null|alt^null|title^Sculpture-lobby-2500-5-20pct|description^null&#8221; bg_image_repeat=&#8221;no-repeat&#8221; css=&#8221;.vc_custom_1701966354351{margin-bottom: 0px !important;padding-top: 10px !important;padding-right: 20px !important;padding-bottom: 0px !important;padding-left: 20px !important;background-color: #fdfcfc !important;}&#8221;][vc_column width=&#8221;1\/2&#8243; css=&#8221;.vc_custom_1699521099502{margin-top: 0px !important;margin-right: 50px !important;margin-bottom: 0px !important;padding-top: 0px !important;padding-right: 100px !important;padding-bottom: 100px !important;padding-left: 100px !important;background-position: center !important;background-repeat: no-repeat !important;background-size: contain !important;}&#8221; offset=&#8221;vc_hidden-xs&#8221;]<div class=\"ult_row_spacer\"><div class=\"ult-sticky-anchor\"><div class=\"ult-sticky-section ult-sticky \"  data-gutter= '50' data-stick_behaviour= 'stick_with_scroll_row'  data-sticky_position= 'top' data-mobile='no' data-support='no'><div class=\"ult-spacer spacer-69e7ac4614135\" data-id=\"69e7ac4614135\" data-height=\"150\" data-height-mobile=\"150\" data-height-tab=\"150\" data-height-tab-portrait=\"\" data-height-mobile-landscape=\"\" style=\"clear:both;display:block;\"><\/div>[vc_custom_heading text=&#8221;A Parisian day begins with<br \/>\na full or express breakfast,<br \/>\nalways with elegance.&#8221; font_container=&#8221;tag:h2|font_size:24px|text_align:left|color:%2385754e|line_height:30px&#8221; use_theme_fonts=&#8221;yes&#8221;]<div class=\"ult-spacer spacer-69e7ac4614150\" data-id=\"69e7ac4614150\" data-height=\"140\" data-height-mobile=\"140\" data-height-tab=\"140\" data-height-tab-portrait=\"\" data-height-mobile-landscape=\"\" style=\"clear:both;display:block;\"><\/div><\/div><div class=\"ult-space\"><\/div><\/div><\/div>[\/vc_column][vc_column width=&#8221;1\/2&#8243; css=&#8221;.vc_custom_1624895408622{padding-top: 0px !important;padding-right: 100px !important;padding-bottom: 100px !important;padding-left: 100px !important;}&#8221; offset=&#8221;vc_hidden-xs&#8221;]<div class=\"ult-spacer spacer-69e7ac461416d\" data-id=\"69e7ac461416d\" data-height=\"100\" data-height-mobile=\"100\" data-height-tab=\"100\" data-height-tab-portrait=\"\" data-height-mobile-landscape=\"\" style=\"clear:both;display:block;\"><\/div>[vc_custom_heading text=&#8221;The <i>pleasure<\/i> of a breakfast<br \/>\nat the hotel&#8221; font_container=&#8221;tag:h1|text_align:left&#8221; use_theme_fonts=&#8221;yes&#8221;][vc_column_text css=&#8221;.vc_custom_1711657548672{margin-bottom: 10px !important;}&#8221;]<\/p>\n<h4><span style=\"color: #85754e;\">Our hotel offers you the opportunity to discover and enjoy a choice of three breakfasts.<\/span><\/h4>\n<p>&nbsp;<\/p>\n<h3>Buffet breakfast<\/h3>\n<p>Our <strong>buffet<\/strong> takes place in our main breakfast room bathed by light thanks to its modern glass-roof.<\/p>\n<p>It is served every morning from 6.45 am to 10.30 am and offers a wide range of bread and pastries from our baker, fruit juices: apple and orange juice, cheeses : emmental, camembert and cream cheese to be spread, plain and fruit yogurts, cottage cheese, fresh fruit salad, cereals: cornflakes, muesli, coco pops, special K, a variety of butters, a large choice of jams, honey, Nutella, fruits basket, cooked meat, boiled eggs, scrambled eggs with or without bacon. All these delights are accompanied by a hot drink prepared on demand by our waitress : coffee, tea or chocolate.<\/p>\n<p>The price is at 18 euros per person and per day.<\/p>\n<p>&nbsp;<\/p>\n<h3>Continental breakfast<\/h3>\n<p>Our <strong>continental<\/strong> is served in your room; every day from 7.00am to 11.00 am and is offering : a hot drink at your choice (coffee, tea or chocolate), a fruit juice: orange or apple, a plain or a fruit yogurt, and from our baker an individual bread, a croissant, another French pastry, butter, jam and honey.<\/p>\n<p>The price is at 16 euros per person and per day.<\/p>\n<p>&nbsp;<\/p>\n<h3>Express breakfast<\/h3>\n<p>Our <strong>express breakfast<\/strong> is served every day in our second breakfast room located on the ground floor; from 7.00am to 10.30 am. You will enjoy : a hot drink at your choice (coffee, tea or chocolate), a glass of orange juice, an individual bread, 2 croissants freshly made from our baker, butter, jam and honey.<\/p>\n<p>The price is at 9 euros per person and per day.[\/vc_column_text]<div class=\"ult-spacer spacer-69e7ac4614183\" data-id=\"69e7ac4614183\" data-height=\"50\" data-height-mobile=\"50\" data-height-tab=\"50\" data-height-tab-portrait=\"\" data-height-mobile-landscape=\"\" style=\"clear:both;display:block;\"><\/div>[\/vc_column][\/vc_row][vc_row type=&#8221;vc_default&#8221; full_width=&#8221;stretch_row_content&#8221; equal_height=&#8221;yes&#8221; bg_type=&#8221;image&#8221; parallax_style=&#8221;vcpb-default&#8221; bg_image_new=&#8221;id^201|url^https:\/\/atlantic-hotel-paris.com\/wp-content\/uploads\/2023\/12\/Sculpture-lobby-2500-5-20pct.jpg|caption^null|alt^null|title^Sculpture-lobby-2500-5-20pct|description^null&#8221; bg_image_repeat=&#8221;no-repeat&#8221; css=&#8221;.vc_custom_1701966354351{margin-bottom: 0px !important;padding-top: 10px !important;padding-right: 20px !important;padding-bottom: 0px !important;padding-left: 20px !important;background-color: #fdfcfc !important;}&#8221;][vc_column width=&#8221;1\/2&#8243; css=&#8221;.vc_custom_1715686015469{margin-top: 0px !important;margin-bottom: 0px !important;padding-top: 0px !important;padding-bottom: 100px !important;background-position: center !important;background-repeat: no-repeat !important;background-size: contain !important;}&#8221; offset=&#8221;vc_hidden-lg vc_hidden-md vc_hidden-sm&#8221;]<div class=\"ult_row_spacer\"><div class=\"ult-sticky-anchor\"><div class=\"ult-sticky-section ult-sticky \"  data-gutter= '50' data-stick_behaviour= 'stick_with_scroll_row'  data-sticky_position= 'top' data-mobile='no' data-support='no'><div class=\"ult-spacer spacer-69e7ac46141cc\" data-id=\"69e7ac46141cc\" data-height=\"150\" data-height-mobile=\"150\" data-height-tab=\"150\" data-height-tab-portrait=\"\" data-height-mobile-landscape=\"\" style=\"clear:both;display:block;\"><\/div>[vc_custom_heading text=&#8221;A Parisian day begins<br \/>\nwith a full or express breakfast,<br \/>\nalways with elegance.&#8221; font_container=&#8221;tag:h2|font_size:24px|text_align:left|color:%2385754e|line_height:30px&#8221; use_theme_fonts=&#8221;yes&#8221; css=&#8221;&#8221;]<div class=\"ult-spacer spacer-69e7ac46141dd\" data-id=\"69e7ac46141dd\" data-height=\"140\" data-height-mobile=\"40\" data-height-tab=\"\" data-height-tab-portrait=\"\" data-height-mobile-landscape=\"\" style=\"clear:both;display:block;\"><\/div><\/div><div class=\"ult-space\"><\/div><\/div><\/div>[\/vc_column][vc_column width=&#8221;1\/2&#8243; css=&#8221;.vc_custom_1715686026830{padding-top: 0px !important;padding-bottom: 100px !important;}&#8221; offset=&#8221;vc_hidden-lg vc_hidden-md vc_hidden-sm&#8221;][vc_custom_heading text=&#8221;The <i>pleasure<\/i> of a breakfast<br \/>\nat the hotel&#8221; font_container=&#8221;tag:h1|text_align:left&#8221; use_theme_fonts=&#8221;yes&#8221;][vc_column_text css=&#8221;.vc_custom_1711657548672{margin-bottom: 10px !important;}&#8221;]<\/p>\n<h4><span style=\"color: #85754e;\">Our hotel offers you the opportunity to discover and enjoy a choice of three breakfasts.<\/span><\/h4>\n<p>&nbsp;<\/p>\n<h3>Buffet breakfast<\/h3>\n<p>Our <strong>buffet<\/strong> takes place in our main breakfast room bathed by light thanks to its modern glass-roof.<\/p>\n<p>It is served every morning from 6.45 am to 10.30 am and offers a wide range of bread and pastries from our baker, fruit juices: apple and orange juice, cheeses : emmental, camembert and cream cheese to be spread, plain and fruit yogurts, cottage cheese, fresh fruit salad, cereals: cornflakes, muesli, coco pops, special K, a variety of butters, a large choice of jams, honey, Nutella, fruits basket, cooked meat, boiled eggs, scrambled eggs with or without bacon. All these delights are accompanied by a hot drink prepared on demand by our waitress : coffee, tea or chocolate.<\/p>\n<p>The price is at 18 euros per person and per day.<\/p>\n<p>&nbsp;<\/p>\n<h3>Continental breakfast<\/h3>\n<p>Our <strong>continental<\/strong> is served in your room; every day from 7.00am to 11.00 am and is offering : a hot drink at your choice (coffee, tea or chocolate), a fruit juice: orange or apple, a plain or a fruit yogurt, and from our baker an individual bread, a croissant, another French pastry, butter, jam and honey.<\/p>\n<p>The price is at 16 euros per person and per day.<\/p>\n<p>&nbsp;<\/p>\n<h3>Express breakfast<\/h3>\n<p>Our <strong>express breakfast<\/strong> is served every day in our second breakfast room located on the ground floor; from 7.00am to 10.30 am. You will enjoy : a hot drink at your choice (coffee, tea or chocolate), a glass of orange juice, an individual bread, 2 croissants freshly made from our baker, butter, jam and honey.<\/p>\n<p>The price is at 9 euros per person and per day.[\/vc_column_text]<div class=\"ult-spacer spacer-69e7ac46141f1\" data-id=\"69e7ac46141f1\" data-height=\"50\" data-height-mobile=\"50\" data-height-tab=\"50\" data-height-tab-portrait=\"\" data-height-mobile-landscape=\"\" style=\"clear:both;display:block;\"><\/div>[\/vc_column][\/vc_row][vc_row type=&#8221;vc_default&#8221; full_width=&#8221;stretch_row_content_no_spaces&#8221;][vc_column css=&#8221;.vc_custom_1699527067217{padding-top: 0px !important;}&#8221;]<div class=\"sbvcgmap-map-wrapper\" style=\"width:100%;height:500px\"><div class=\"sbvcgmap-map\" zoom=\"14\" maptype=\"ROADMAP\" panoramatogglebutton=\"no\" pancontrol=\"yes\" pancontrol_position=\"TOP_LEFT\" zoomcontrol=\"yes\" zoomcontrol_position=\"TOP_LEFT\" zoomcontrolstyle=\"DEFAULT\" maptypecontrol=\"yes\" maptypecontrol_position=\"TOP_RIGHT\" streetviewcontrol=\"yes\" streetviewcontrol_position=\"TOP_LEFT\" overviewmapcontrol=\"yes\" overviewmapcontrolvisible=\"no\" maptypecontrolstyle=\"DEFAULT\" mapstyle=\"style-2\" weather=\"no\" traffic=\"no\" transit=\"no\" bicycle=\"no\" panoramio=\"no\" draggable=\"yes\" scrollwheel=\"no\" cplatitude=\"48.869939714222\" cplongitude=\"2.3249010268383\" scalecontrol=\"yes\" searchtype=\"disabled\" searchradius=\"500\" searchiconanimation=\"NONE\" searchdirectiontext=\"\" reloadonresize=\"no\" clustering=\"no\" style=\"width:100%;height:500px\"><div class=\"sbvcgmap-marker\" data-lat=\"48.878136859428\" data-lng=\"2.3263889978413\" infowindow=\"no\" animation=\"NONE\" customstyles=\"no\" ><\/p>\n<p style=\"text-align: center;\"><strong>Atlantic H\u00f4tel Paris<\/strong><br \/>\n44, rue de Londres<br \/>\n75008 Paris<\/p>\n<p><\/div><\/div><\/div>[\/vc_column][\/vc_row]<\/p>\n<\/div>","protected":false},"excerpt":{"rendered":"<p>[vc_row type=&#8221;vc_default&#8221; full_width=&#8221;stretch_row_content&#8221; equal_height=&#8221;yes&#8221; bg_type=&#8221;image&#8221; parallax_style=&#8221;vcpb-default&#8221; bg_image_new=&#8221;id^201|url^https:\/\/atlantic-hotel-paris.com\/wp-content\/uploads\/2023\/12\/Sculpture-lobby-2500-5-20pct.jpg|caption^null|alt^null|title^Sculpture-lobby-2500-5-20pct|description^null&#8221; bg_image_repeat=&#8221;no-repeat&#8221; css=&#8221;.vc_custom_1701966354351{margin-bottom: 0px !important;padding-top: 10px !important;padding-right: 20px !important;padding-bottom: 0px !important;padding-left: 20px !important;background-color: #fdfcfc !important;}&#8221;][vc_column width=&#8221;1\/2&#8243; css=&#8221;.vc_custom_1699521099502{margin-top: 0px !important;margin-right: 50px !important;margin-bottom: 0px !important;padding-top: 0px !important;padding-right: 100px !important;padding-bottom: 100px !important;padding-left: 100px !important;background-position: center !important;background-repeat: no-repeat !important;background-size: contain !important;}&#8221; offset=&#8221;vc_hidden-xs&#8221;][\/vc_column][vc_column width=&#8221;1\/2&#8243; css=&#8221;.vc_custom_1624895408622{padding-top: 0px !important;padding-right: 100px !important;padding-bottom: 100px !important;padding-left: 100px !important;}&#8221; offset=&#8221;vc_hidden-xs&#8221;][vc_custom_heading&hellip;<\/p>\n","protected":false},"author":1,"featured_media":0,"parent":0,"menu_order":4,"comment_status":"closed","ping_status":"closed","template":"","meta":{"footnotes":""},"class_list":["post-518","page","type-page","status-publish","hentry","description-off"],"yoast_head":"<!-- This site is optimized with the Yoast SEO plugin v27.4 - https:\/\/yoast.com\/product\/yoast-seo-wordpress\/ -->\n<title>Atlantic H\u00f4tel Paris - 3* Deluxe Hotel in Paris Op\u00e9ra Saint Lazare<\/title>\n<meta name=\"description\" content=\"Contemporary hotel in the 8th arrondissement of Paris with particular attention paid to comfort, decoration and the buffet breakfast served in an exceptional setting.\" \/>\n<meta name=\"robots\" content=\"index, follow, max-snippet:-1, max-image-preview:large, max-video-preview:-1\" \/>\n<link rel=\"canonical\" href=\"https:\/\/atlantic-hotel-paris.com\/en\/breakfast\/\" \/>\n<meta property=\"og:locale\" content=\"en_US\" \/>\n<meta property=\"og:type\" content=\"article\" \/>\n<meta property=\"og:title\" content=\"Atlantic H\u00f4tel Paris - 3* Deluxe Hotel in Paris Op\u00e9ra Saint Lazare\" \/>\n<meta property=\"og:description\" content=\"Contemporary hotel in the 8th arrondissement of Paris with particular attention paid to comfort, decoration and the buffet breakfast served in an exceptional setting.\" \/>\n<meta property=\"og:url\" content=\"https:\/\/atlantic-hotel-paris.com\/en\/breakfast\/\" \/>\n<meta property=\"og:site_name\" content=\"Atlantic H\u00f4tel Paris - H\u00f4tel Op\u00e9ra Saint Lazare Paris 8\" \/>\n<meta property=\"article:modified_time\" content=\"2024-05-16T11:08:59+00:00\" \/>\n<meta name=\"twitter:card\" content=\"summary_large_image\" \/>\n<meta name=\"twitter:label1\" content=\"Est. reading time\" \/>\n\t<meta name=\"twitter:data1\" content=\"4 minutes\" \/>\n<script type=\"application\/ld+json\" class=\"yoast-schema-graph\">{\"@context\":\"https:\\\/\\\/schema.org\",\"@graph\":[{\"@type\":\"WebPage\",\"@id\":\"https:\\\/\\\/atlantic-hotel-paris.com\\\/en\\\/breakfast\\\/\",\"url\":\"https:\\\/\\\/atlantic-hotel-paris.com\\\/en\\\/breakfast\\\/\",\"name\":\"Atlantic H\u00f4tel Paris - 3* Deluxe Hotel in Paris Op\u00e9ra Saint Lazare\",\"isPartOf\":{\"@id\":\"https:\\\/\\\/atlantic-hotel-paris.com\\\/#website\"},\"datePublished\":\"2023-12-07T16:11:29+00:00\",\"dateModified\":\"2024-05-16T11:08:59+00:00\",\"description\":\"Contemporary hotel in the 8th arrondissement of Paris with particular attention paid to comfort, decoration and the buffet breakfast served in an exceptional setting.\",\"breadcrumb\":{\"@id\":\"https:\\\/\\\/atlantic-hotel-paris.com\\\/en\\\/breakfast\\\/#breadcrumb\"},\"inLanguage\":\"en-US\",\"potentialAction\":[{\"@type\":\"ReadAction\",\"target\":[\"https:\\\/\\\/atlantic-hotel-paris.com\\\/en\\\/breakfast\\\/\"]}]},{\"@type\":\"BreadcrumbList\",\"@id\":\"https:\\\/\\\/atlantic-hotel-paris.com\\\/en\\\/breakfast\\\/#breadcrumb\",\"itemListElement\":[{\"@type\":\"ListItem\",\"position\":1,\"name\":\"Accueil\",\"item\":\"https:\\\/\\\/atlantic-hotel-paris.com\\\/en\\\/\"},{\"@type\":\"ListItem\",\"position\":2,\"name\":\"Breakfast\"}]},{\"@type\":\"WebSite\",\"@id\":\"https:\\\/\\\/atlantic-hotel-paris.com\\\/#website\",\"url\":\"https:\\\/\\\/atlantic-hotel-paris.com\\\/\",\"name\":\"Atlantic H\u00f4tel Paris - H\u00f4tel Op\u00e9ra Saint Lazare Paris 8\",\"description\":\"Un site d\u00e9velopp\u00e9 par PMT HOTELS\",\"potentialAction\":[{\"@type\":\"SearchAction\",\"target\":{\"@type\":\"EntryPoint\",\"urlTemplate\":\"https:\\\/\\\/atlantic-hotel-paris.com\\\/?s={search_term_string}\"},\"query-input\":{\"@type\":\"PropertyValueSpecification\",\"valueRequired\":true,\"valueName\":\"search_term_string\"}}],\"inLanguage\":\"en-US\"}]}<\/script>\n<!-- \/ Yoast SEO plugin. -->","yoast_head_json":{"title":"Atlantic H\u00f4tel Paris - 3* Deluxe Hotel in Paris Op\u00e9ra Saint Lazare","description":"Contemporary hotel in the 8th arrondissement of Paris with particular attention paid to comfort, decoration and the buffet breakfast served in an exceptional setting.","robots":{"index":"index","follow":"follow","max-snippet":"max-snippet:-1","max-image-preview":"max-image-preview:large","max-video-preview":"max-video-preview:-1"},"canonical":"https:\/\/atlantic-hotel-paris.com\/en\/breakfast\/","og_locale":"en_US","og_type":"article","og_title":"Atlantic H\u00f4tel Paris - 3* Deluxe Hotel in Paris Op\u00e9ra Saint Lazare","og_description":"Contemporary hotel in the 8th arrondissement of Paris with particular attention paid to comfort, decoration and the buffet breakfast served in an exceptional setting.","og_url":"https:\/\/atlantic-hotel-paris.com\/en\/breakfast\/","og_site_name":"Atlantic H\u00f4tel Paris - H\u00f4tel Op\u00e9ra Saint Lazare Paris 8","article_modified_time":"2024-05-16T11:08:59+00:00","twitter_card":"summary_large_image","twitter_misc":{"Est. reading time":"4 minutes"},"schema":{"@context":"https:\/\/schema.org","@graph":[{"@type":"WebPage","@id":"https:\/\/atlantic-hotel-paris.com\/en\/breakfast\/","url":"https:\/\/atlantic-hotel-paris.com\/en\/breakfast\/","name":"Atlantic H\u00f4tel Paris - 3* Deluxe Hotel in Paris Op\u00e9ra Saint Lazare","isPartOf":{"@id":"https:\/\/atlantic-hotel-paris.com\/#website"},"datePublished":"2023-12-07T16:11:29+00:00","dateModified":"2024-05-16T11:08:59+00:00","description":"Contemporary hotel in the 8th arrondissement of Paris with particular attention paid to comfort, decoration and the buffet breakfast served in an exceptional setting.","breadcrumb":{"@id":"https:\/\/atlantic-hotel-paris.com\/en\/breakfast\/#breadcrumb"},"inLanguage":"en-US","potentialAction":[{"@type":"ReadAction","target":["https:\/\/atlantic-hotel-paris.com\/en\/breakfast\/"]}]},{"@type":"BreadcrumbList","@id":"https:\/\/atlantic-hotel-paris.com\/en\/breakfast\/#breadcrumb","itemListElement":[{"@type":"ListItem","position":1,"name":"Accueil","item":"https:\/\/atlantic-hotel-paris.com\/en\/"},{"@type":"ListItem","position":2,"name":"Breakfast"}]},{"@type":"WebSite","@id":"https:\/\/atlantic-hotel-paris.com\/#website","url":"https:\/\/atlantic-hotel-paris.com\/","name":"Atlantic H\u00f4tel Paris - H\u00f4tel Op\u00e9ra Saint Lazare Paris 8","description":"Un site d\u00e9velopp\u00e9 par PMT HOTELS","potentialAction":[{"@type":"SearchAction","target":{"@type":"EntryPoint","urlTemplate":"https:\/\/atlantic-hotel-paris.com\/?s={search_term_string}"},"query-input":{"@type":"PropertyValueSpecification","valueRequired":true,"valueName":"search_term_string"}}],"inLanguage":"en-US"}]}},"_links":{"self":[{"href":"https:\/\/atlantic-hotel-paris.com\/en\/wp-json\/wp\/v2\/pages\/518","targetHints":{"allow":["GET"]}}],"collection":[{"href":"https:\/\/atlantic-hotel-paris.com\/en\/wp-json\/wp\/v2\/pages"}],"about":[{"href":"https:\/\/atlantic-hotel-paris.com\/en\/wp-json\/wp\/v2\/types\/page"}],"author":[{"embeddable":true,"href":"https:\/\/atlantic-hotel-paris.com\/en\/wp-json\/wp\/v2\/users\/1"}],"replies":[{"embeddable":true,"href":"https:\/\/atlantic-hotel-paris.com\/en\/wp-json\/wp\/v2\/comments?post=518"}],"version-history":[{"count":5,"href":"https:\/\/atlantic-hotel-paris.com\/en\/wp-json\/wp\/v2\/pages\/518\/revisions"}],"predecessor-version":[{"id":969,"href":"https:\/\/atlantic-hotel-paris.com\/en\/wp-json\/wp\/v2\/pages\/518\/revisions\/969"}],"wp:attachment":[{"href":"https:\/\/atlantic-hotel-paris.com\/en\/wp-json\/wp\/v2\/media?parent=518"}],"curies":[{"name":"wp","href":"https:\/\/api.w.org\/{rel}","templated":true}]}}