{"id":697,"date":"2023-12-07T16:55:13","date_gmt":"2023-12-07T15:55:13","guid":{"rendered":"https:\/\/atlantic-hotel-paris.com\/paris-opera\/"},"modified":"2024-05-14T13:21:52","modified_gmt":"2024-05-14T11:21:52","slug":"paris-opera","status":"publish","type":"page","link":"https:\/\/atlantic-hotel-paris.com\/es\/paris-opera\/","title":{"rendered":"Paris Op\u00e9ra"},"content":{"rendered":"<div class=\"wpb-content-wrapper\"><p>[vc_row type=\u00bbvc_default\u00bb full_width=\u00bbstretch_row_content\u00bb equal_height=\u00bbyes\u00bb bg_type=\u00bbimage\u00bb parallax_style=\u00bbvcpb-default\u00bb bg_image_new=\u00bbid^205|url^https:\/\/atlantic-hotel-paris.com\/wp-content\/uploads\/2023\/12\/Sculpture-lobby-2500-20pct-1-scaled.jpg|caption^null|alt^null|title^Sculpture-lobby-2500-20pct|description^null\u00bb bg_image_repeat=\u00bbno-repeat\u00bb css=\u00bb.vc_custom_1701954370177{margin-bottom: 0px !important;padding-top: 10px !important;padding-right: 20px !important;padding-bottom: 0px !important;padding-left: 20px !important;background-color: #fdfcfc !important;}\u00bb][vc_column width=\u00bb1\/2&#8243; css=\u00bb.vc_custom_1699521099502{margin-top: 0px !important;margin-right: 50px !important;margin-bottom: 0px !important;padding-top: 0px !important;padding-right: 100px !important;padding-bottom: 100px !important;padding-left: 100px !important;background-position: center !important;background-repeat: no-repeat !important;background-size: contain !important;}\u00bb offset=\u00bbvc_hidden-xs\u00bb]<div class=\"ult_row_spacer\"><div class=\"ult-sticky-anchor\"><div class=\"ult-sticky-section ult-sticky \"  data-gutter= '50' data-stick_behaviour= 'stick_with_scroll_row'  data-sticky_position= 'top' data-mobile='no' data-support='no'><div class=\"ult-spacer spacer-69ee491046637\" data-id=\"69ee491046637\" data-height=\"150\" data-height-mobile=\"150\" data-height-tab=\"150\" data-height-tab-portrait=\"\" data-height-mobile-landscape=\"\" style=\"clear:both;display:block;\"><\/div>[vc_custom_heading text=\u00bb<em>Op\u00e9ra &#8211; Saint-Lazare<\/em><br \/>\nUn barrio animado y c\u00e9ntrico<br \/>\nen el coraz\u00f3n del distrito financiero de Par\u00eds,<br \/>\ngrandes almacenes,<br \/>\nmonumentos y vida cultural\u00bb font_container=\u00bbtag:h2|font_size:24px|text_align:left|color:%2385754e|line_height:30px\u00bb use_theme_fonts=\u00bbyes\u00bb]<div class=\"ult-spacer spacer-69ee491046661\" data-id=\"69ee491046661\" data-height=\"140\" data-height-mobile=\"140\" data-height-tab=\"140\" data-height-tab-portrait=\"\" data-height-mobile-landscape=\"\" style=\"clear:both;display:block;\"><\/div><\/div><div class=\"ult-space\"><\/div><\/div><\/div>[\/vc_column][vc_column width=\u00bb1\/2&#8243; css=\u00bb.vc_custom_1624895408622{padding-top: 0px !important;padding-right: 100px !important;padding-bottom: 100px !important;padding-left: 100px !important;}\u00bb offset=\u00bbvc_hidden-xs\u00bb]<div class=\"ult-spacer spacer-69ee491046691\" data-id=\"69ee491046691\" data-height=\"100\" data-height-mobile=\"100\" data-height-tab=\"100\" data-height-tab-portrait=\"\" data-height-mobile-landscape=\"\" style=\"clear:both;display:block;\"><\/div>[vc_custom_heading text=\u00bbUn <i>hotel<\/i> en el barrio de la \u00d3pera de Par\u00eds\u00bb font_container=\u00bbtag:h1|text_align:left\u00bb use_theme_fonts=\u00bbyes\u00bb][vc_column_text css=\u00bb.vc_custom_1701965000301{margin-bottom: 10px !important;}\u00bb]<strong>Hotel de 3 estrellas<\/strong> situado en el barrio de la <strong>\u00d3pera<\/strong>, cerca de la <strong>Madeleine<\/strong>, el <strong>Atlantic H\u00f4tel<\/strong> es el punto de partida ideal para explorar Par\u00eds y sus tesoros.<\/p>\n<p>Reuniones de negocios, turismo, compras, espect\u00e1culos, gastronom\u00eda, el barrio de la \u00d3pera y los grandes almacenes del bulevar Haussmann colmar\u00e1n todas sus expectativas.<\/p>\n<p>Tanto si viaja por negocios como por placer, el Atlantic H\u00f4tel goza de una ubicaci\u00f3n privilegiada en el coraz\u00f3n del distrito 8. Con excelentes conexiones de transporte p\u00fablico, el Atlantic H\u00f4tel es la base perfecta para su estancia en Par\u00eds.<\/p>\n<p>A 5 minutos a pie de los grandes almacenes, a 10 minutos de la \u00d3pera, de la Madeleine, cerca de Concorde, de los Campos El\u00edseos, de Montmartre y a 45 minutos (en RER Auber) de Disneyland Par\u00eds\u00ae.[\/vc_column_text]<style type=\"text\/css\" data-type=\"the7_shortcodes-inline-css\">#default-btn-adeaa3b3efa334600f0c8acc697503af.ico-right-side > i {\n  margin-right: 0px;\n  margin-left: 8px;\n}\n#default-btn-adeaa3b3efa334600f0c8acc697503af > i {\n  margin-right: 8px;\n}<\/style><div class=\"btn-align-left\"><a href=\"https:\/\/atlantic-hotel-paris.com\/es\/reservas-en-paris\/\" class=\"default-btn-shortcode dt-btn dt-btn-m link-hover-off \" id=\"default-btn-adeaa3b3efa334600f0c8acc697503af\" title=\"Reservar en l\u00ednea\"><span>Reservar en l\u00ednea<\/span><\/a><\/div><div class=\"ult-spacer spacer-69ee49104680f\" data-id=\"69ee49104680f\" data-height=\"50\" data-height-mobile=\"50\" data-height-tab=\"50\" data-height-tab-portrait=\"\" data-height-mobile-landscape=\"\" style=\"clear:both;display:block;\"><\/div>[\/vc_column][\/vc_row][vc_row type=\u00bbvc_default\u00bb full_width=\u00bbstretch_row_content\u00bb equal_height=\u00bbyes\u00bb bg_type=\u00bbimage\u00bb parallax_style=\u00bbvcpb-default\u00bb bg_image_new=\u00bbid^205|url^https:\/\/atlantic-hotel-paris.com\/wp-content\/uploads\/2023\/12\/Sculpture-lobby-2500-20pct-1-scaled.jpg|caption^null|alt^null|title^Sculpture-lobby-2500-20pct|description^null\u00bb bg_image_repeat=\u00bbno-repeat\u00bb css=\u00bb.vc_custom_1701954370177{margin-bottom: 0px !important;padding-top: 10px !important;padding-right: 20px !important;padding-bottom: 0px !important;padding-left: 20px !important;background-color: #fdfcfc !important;}\u00bb][vc_column width=\u00bb1\/2&#8243; css=\u00bb.vc_custom_1715685701554{margin-top: 0px !important;margin-bottom: 0px !important;padding-top: 0px !important;padding-bottom: 100px !important;background-position: center !important;background-repeat: no-repeat !important;background-size: contain !important;}\u00bb offset=\u00bbvc_hidden-lg vc_hidden-md vc_hidden-sm\u00bb]<div class=\"ult_row_spacer\"><div class=\"ult-sticky-anchor\"><div class=\"ult-sticky-section ult-sticky \"  data-gutter= '50' data-stick_behaviour= 'stick_with_scroll_row'  data-sticky_position= 'top' data-mobile='no' data-support='no'><div class=\"ult-spacer spacer-69ee491046896\" data-id=\"69ee491046896\" data-height=\"150\" data-height-mobile=\"150\" data-height-tab=\"150\" data-height-tab-portrait=\"\" data-height-mobile-landscape=\"\" style=\"clear:both;display:block;\"><\/div>[vc_custom_heading text=\u00bb<em>Op\u00e9ra &#8211; Saint-Lazare<\/em><br \/>\nUn barrio animado y c\u00e9ntrico<br \/>\nen el coraz\u00f3n del distrito financiero de Par\u00eds,<br \/>\ngrandes almacenes,<br \/>\nmonumentos y vida cultural\u00bb font_container=\u00bbtag:h2|font_size:24px|text_align:center|color:%2385754e|line_height:30px\u00bb use_theme_fonts=\u00bbyes\u00bb css=\u00bb\u00bb]<div class=\"ult-spacer spacer-69ee4910468b5\" data-id=\"69ee4910468b5\" data-height=\"140\" data-height-mobile=\"140\" data-height-tab=\"\" data-height-tab-portrait=\"\" data-height-mobile-landscape=\"\" style=\"clear:both;display:block;\"><\/div><\/div><div class=\"ult-space\"><\/div><\/div><\/div>[\/vc_column][vc_column width=\u00bb1\/2&#8243; css=\u00bb.vc_custom_1715685710505{padding-top: 0px !important;padding-bottom: 100px !important;}\u00bb offset=\u00bbvc_hidden-lg vc_hidden-md vc_hidden-sm\u00bb][vc_custom_heading text=\u00bbUn <i>hotel<\/i> en el barrio de la \u00d3pera de Par\u00eds\u00bb font_container=\u00bbtag:h1|text_align:left\u00bb use_theme_fonts=\u00bbyes\u00bb][vc_column_text css=\u00bb.vc_custom_1701965000301{margin-bottom: 10px !important;}\u00bb]<strong>Hotel de 3 estrellas<\/strong> situado en el barrio de la <strong>\u00d3pera<\/strong>, cerca de la <strong>Madeleine<\/strong>, el <strong>Atlantic H\u00f4tel<\/strong> es el punto de partida ideal para explorar Par\u00eds y sus tesoros.<\/p>\n<p>Reuniones de negocios, turismo, compras, espect\u00e1culos, gastronom\u00eda, el barrio de la \u00d3pera y los grandes almacenes del bulevar Haussmann colmar\u00e1n todas sus expectativas.<\/p>\n<p>Tanto si viaja por negocios como por placer, el Atlantic H\u00f4tel goza de una ubicaci\u00f3n privilegiada en el coraz\u00f3n del distrito 8. Con excelentes conexiones de transporte p\u00fablico, el Atlantic H\u00f4tel es la base perfecta para su estancia en Par\u00eds.<\/p>\n<p>A 5 minutos a pie de los grandes almacenes, a 10 minutos de la \u00d3pera, de la Madeleine, cerca de Concorde, de los Campos El\u00edseos, de Montmartre y a 45 minutos (en RER Auber) de Disneyland Par\u00eds\u00ae.[\/vc_column_text]<style type=\"text\/css\" data-type=\"the7_shortcodes-inline-css\">#default-btn-adeaa3b3efa334600f0c8acc697503af.ico-right-side > i {\n  margin-right: 0px;\n  margin-left: 8px;\n}\n#default-btn-adeaa3b3efa334600f0c8acc697503af > i {\n  margin-right: 8px;\n}<\/style><div class=\"btn-align-left\"><a href=\"https:\/\/atlantic-hotel-paris.com\/es\/reservas-en-paris\/\" class=\"default-btn-shortcode dt-btn dt-btn-m link-hover-off \" id=\"default-btn-adeaa3b3efa334600f0c8acc697503af\" title=\"Reservar en l\u00ednea\"><span>Reservar en l\u00ednea<\/span><\/a><\/div><div class=\"ult-spacer spacer-69ee49104696d\" data-id=\"69ee49104696d\" data-height=\"50\" data-height-mobile=\"50\" data-height-tab=\"50\" data-height-tab-portrait=\"\" data-height-mobile-landscape=\"\" style=\"clear:both;display:block;\"><\/div>[\/vc_column][\/vc_row][vc_row type=\u00bbvc_default\u00bb full_width=\u00bbstretch_row_content_no_spaces\u00bb css=\u00bb.vc_custom_1699522972298{margin-top: 0px !important;padding-top: 0px !important;background-position: center !important;background-repeat: no-repeat !important;background-size: cover !important;}\u00bb][vc_column css=\u00bb.vc_custom_1699523036787{padding-top: 0px !important;}\u00bb][vc_single_image image=\u00bb94&#8243; img_size=\u00bbfull\u00bb alignment=\u00bbcenter\u00bb css=\u00bb.vc_custom_1701965148346{margin-top: 0px !important;margin-right: 0px !important;margin-bottom: 0px !important;margin-left: 0px !important;border-top-width: 0px !important;border-right-width: 0px !important;border-bottom-width: 0px !important;border-left-width: 0px !important;padding-top: 0px !important;padding-right: 0px !important;padding-bottom: 0px !important;padding-left: 0px !important;}\u00bb][\/vc_column][\/vc_row][vc_row type=\u00bbvc_default\u00bb full_width=\u00bbstretch_row\u00bb bg_type=\u00bbimage\u00bb parallax_style=\u00bbvcpb-default\u00bb bg_image_new=\u00bbid^200|url^https:\/\/atlantic-hotel-paris.com\/wp-content\/uploads\/2023\/12\/Sculpture-lobby-2500-6-20pct.jpg|caption^null|alt^null|title^Sculpture-lobby-2500-6-20pct|description^null\u00bb bg_image_repeat=\u00bbno-repeat\u00bb bg_image_posiiton=\u00bb0%\u00bb css=\u00bb.vc_custom_1701954421281{padding-top: 0px !important;}\u00bb][vc_column]<div class=\"ult-spacer spacer-69ee49104698d\" data-id=\"69ee49104698d\" data-height=\"50\" data-height-mobile=\"50\" data-height-tab=\"50\" data-height-tab-portrait=\"\" data-height-mobile-landscape=\"\" style=\"clear:both;display:block;\"><\/div>[vc_custom_heading text=\u00bbActividades\u00bb font_container=\u00bbtag:h2|text_align:center\u00bb use_theme_fonts=\u00bbyes\u00bb]<div class=\"ult-spacer spacer-69ee4910469a8\" data-id=\"69ee4910469a8\" data-height=\"25\" data-height-mobile=\"25\" data-height-tab=\"25\" data-height-tab-portrait=\"\" data-height-mobile-landscape=\"\" style=\"clear:both;display:block;\"><\/div>[vc_row_inner][vc_column_inner width=\u00bb1\/4&#8243;][vc_single_image image=\u00bb482&#8243; img_size=\u00bbfull\u00bb][vc_custom_heading text=\u00bbCultura y patrimonio a la carta\u00bb font_container=\u00bbtag:h5|text_align:left\u00bb use_theme_fonts=\u00bbyes\u00bb][vc_column_text]Porque Par\u00eds es una fiesta, un viaje a la capital es una oportunidad para descubrir los numerosos lugares animados de la \u00abCiudad de la Luz\u00bb.<br \/>\nA dos pasos del Atlantic H\u00f4tel, numerosos teatros y salas de conciertos ofrecen una gran programaci\u00f3n durante todo el a\u00f1o:<br \/>\nSum\u00e9rjase en el hechizante ballet del Palais Garnier o en el auditorio del Th\u00e9\u00e2tre Mogador o del Casino de Par\u00eds.<br \/>\nNo se pierda las Tuller\u00edas y el Louvre, el Museo de Orsay y la Torre Eiffel, a pocas paradas de metro.[\/vc_column_text]<div class=\"ult-spacer spacer-69ee4910469c1\" data-id=\"69ee4910469c1\" data-height=\"50\" data-height-mobile=\"50\" data-height-tab=\"50\" data-height-tab-portrait=\"\" data-height-mobile-landscape=\"\" style=\"clear:both;display:block;\"><\/div>[\/vc_column_inner][vc_column_inner width=\u00bb1\/4&#8243;][vc_single_image image=\u00bb479&#8243; img_size=\u00bbfull\u00bb][vc_custom_heading text=\u00bbExperiencias\u00bb font_container=\u00bbtag:h5|text_align:left\u00bb use_theme_fonts=\u00bbyes\u00bb][vc_column_text]Descubra las experiencias que le ofrece Par\u00eds y res\u00e9rvelas directamente.<br \/>\nVisite L&#8217;Olympia o asista a una representaci\u00f3n en el Th\u00e9\u00e2tre Edouard VII, a s\u00f3lo unos pasos.<br \/>\nLos cabarets parisinos, verdaderas instituciones del glamour y la vida nocturna, son f\u00e1cilmente accesibles desde nuestro hotel (Le Moulin Rouge, Le Crazy Horse&#8230;).<br \/>\nEncontrar\u00e1 multitud de ofertas a su disposici\u00f3n.<br \/>\n*sujeto a disponibilidad[\/vc_column_text]<style type=\"text\/css\" data-type=\"the7_shortcodes-inline-css\">#default-btn-e58213fcbe49e9069f43bf841bcd887f.ico-right-side > i {\n  margin-right: 0px;\n  margin-left: 8px;\n}\n#default-btn-e58213fcbe49e9069f43bf841bcd887f > i {\n  margin-right: 8px;\n}<\/style><div class=\"btn-align-left\"><a href=\"https:\/\/atlantic-hotel.guide.paris\" class=\"default-btn-shortcode dt-btn dt-btn-m link-hover-off \" target=\"_blank\" id=\"default-btn-e58213fcbe49e9069f43bf841bcd887f\" rel=\"noopener\"><span>Servicio de conserjer\u00eda en l\u00ednea<\/span><\/a><\/div><div class=\"ult-spacer spacer-69ee491046a55\" data-id=\"69ee491046a55\" data-height=\"50\" data-height-mobile=\"50\" data-height-tab=\"50\" data-height-tab-portrait=\"\" data-height-mobile-landscape=\"\" style=\"clear:both;display:block;\"><\/div>[\/vc_column_inner][vc_column_inner width=\u00bb1\/4&#8243;][vc_single_image image=\u00bb81&#8243; img_size=\u00bbfull\u00bb][vc_custom_heading text=\u00bbDe compras\u00bb font_container=\u00bbtag:h5|text_align:left\u00bb use_theme_fonts=\u00bbyes\u00bb][vc_column_text]Par\u00eds es uno de los lugares de visita obligada para los amantes de la moda y las compras.<br \/>\nPi\u00e9rdase por las Galer\u00edas Lafayette y Printemps, a s\u00f3lo 10 minutos a pie, o por algunas de las v\u00edas m\u00e1s chic de la capital, como Faubourg St Honor\u00e9 y Rue St Honor\u00e9.[\/vc_column_text]<div class=\"ult-spacer spacer-69ee491046a72\" data-id=\"69ee491046a72\" data-height=\"50\" data-height-mobile=\"50\" data-height-tab=\"50\" data-height-tab-portrait=\"\" data-height-mobile-landscape=\"\" style=\"clear:both;display:block;\"><\/div>[\/vc_column_inner][vc_column_inner width=\u00bb1\/4&#8243;][vc_single_image image=\u00bb486&#8243; img_size=\u00bbfull\u00bb][vc_custom_heading text=\u00bbGastronom\u00eda\u00bb font_container=\u00bbtag:h5|text_align:left\u00bb use_theme_fonts=\u00bbyes\u00bb][vc_column_text]Cene un plato bistron\u00f3mico o disfrute de un men\u00fa degustaci\u00f3n en uno de los restaurantes gourmet de nuestro distrito.<br \/>\nNuestro equipo encontrar\u00e1 la direcci\u00f3n adecuada para usted.[\/vc_column_text]<div class=\"ult-spacer spacer-69ee491046a8b\" data-id=\"69ee491046a8b\" data-height=\"50\" data-height-mobile=\"50\" data-height-tab=\"50\" data-height-tab-portrait=\"\" data-height-mobile-landscape=\"\" style=\"clear:both;display:block;\"><\/div>[\/vc_column_inner][\/vc_row_inner][\/vc_column][\/vc_row][vc_row type=\u00bbvc_default\u00bb full_width=\u00bbstretch_row_content_no_spaces\u00bb][vc_column css=\u00bb.vc_custom_1699527067217{padding-top: 0px !important;}\u00bb]<div class=\"sbvcgmap-map-wrapper\" style=\"width:100%;height:500px\"><div class=\"sbvcgmap-map\" zoom=\"14\" maptype=\"ROADMAP\" panoramatogglebutton=\"no\" pancontrol=\"yes\" pancontrol_position=\"TOP_LEFT\" zoomcontrol=\"yes\" zoomcontrol_position=\"TOP_LEFT\" zoomcontrolstyle=\"DEFAULT\" maptypecontrol=\"yes\" maptypecontrol_position=\"TOP_RIGHT\" streetviewcontrol=\"yes\" streetviewcontrol_position=\"TOP_LEFT\" overviewmapcontrol=\"yes\" overviewmapcontrolvisible=\"no\" maptypecontrolstyle=\"DEFAULT\" mapstyle=\"style-2\" weather=\"no\" traffic=\"no\" transit=\"no\" bicycle=\"no\" panoramio=\"no\" draggable=\"yes\" scrollwheel=\"no\" cplatitude=\"48.869939714222\" cplongitude=\"2.3249010268383\" scalecontrol=\"yes\" searchtype=\"disabled\" searchradius=\"500\" searchiconanimation=\"NONE\" searchdirectiontext=\"\" reloadonresize=\"no\" clustering=\"no\" style=\"width:100%;height:500px\"><div class=\"sbvcgmap-marker\" data-lat=\"48.878136859428\" data-lng=\"2.3263889978413\" infowindow=\"no\" animation=\"NONE\" customstyles=\"no\" ><\/p>\n<p style=\"text-align: center;\"><strong>Atlantic H\u00f4tel Paris<\/strong><br \/>\n44, rue de Londres<br \/>\n75008 Paris<\/p>\n<p><\/div><\/div><\/div>[\/vc_column][\/vc_row]<\/p>\n<\/div>","protected":false},"excerpt":{"rendered":"<p>[vc_row type=\u00bbvc_default\u00bb full_width=\u00bbstretch_row_content\u00bb equal_height=\u00bbyes\u00bb bg_type=\u00bbimage\u00bb parallax_style=\u00bbvcpb-default\u00bb bg_image_new=\u00bbid^205|url^https:\/\/atlantic-hotel-paris.com\/wp-content\/uploads\/2023\/12\/Sculpture-lobby-2500-20pct-1-scaled.jpg|caption^null|alt^null|title^Sculpture-lobby-2500-20pct|description^null\u00bb bg_image_repeat=\u00bbno-repeat\u00bb css=\u00bb.vc_custom_1701954370177{margin-bottom: 0px !important;padding-top: 10px !important;padding-right: 20px !important;padding-bottom: 0px !important;padding-left: 20px !important;background-color: #fdfcfc !important;}\u00bb][vc_column width=\u00bb1\/2&#8243; css=\u00bb.vc_custom_1699521099502{margin-top: 0px !important;margin-right: 50px !important;margin-bottom: 0px !important;padding-top: 0px !important;padding-right: 100px !important;padding-bottom: 100px !important;padding-left: 100px !important;background-position: center !important;background-repeat: no-repeat !important;background-size: contain !important;}\u00bb offset=\u00bbvc_hidden-xs\u00bb][\/vc_column][vc_column width=\u00bb1\/2&#8243; css=\u00bb.vc_custom_1624895408622{padding-top: 0px !important;padding-right: 100px !important;padding-bottom: 100px !important;padding-left: 100px !important;}\u00bb offset=\u00bbvc_hidden-xs\u00bb][vc_custom_heading&hellip;<\/p>\n","protected":false},"author":1,"featured_media":0,"parent":0,"menu_order":2,"comment_status":"closed","ping_status":"closed","template":"","meta":{"footnotes":""},"class_list":["post-697","page","type-page","status-publish","hentry","description-off"],"yoast_head":"<!-- This site is optimized with the Yoast SEO plugin v27.4 - https:\/\/yoast.com\/product\/yoast-seo-wordpress\/ -->\n<title>Atlantic H\u00f4tel Paris - Hotel de lujo 3* en el distrito 8 de Par\u00eds<\/title>\n<meta name=\"description\" content=\"Hotel contempor\u00e1neo renovado con habitaciones confortables en el barrio de Op\u00e9ra - St Lazare. Hotel cerca de la Madeleine, Grands Boulevards y Galeries Lafayette.\" \/>\n<meta name=\"robots\" content=\"index, follow, max-snippet:-1, max-image-preview:large, max-video-preview:-1\" \/>\n<link rel=\"canonical\" href=\"https:\/\/atlantic-hotel-paris.com\/es\/paris-opera\/\" \/>\n<meta property=\"og:locale\" content=\"es_ES\" \/>\n<meta property=\"og:type\" content=\"article\" \/>\n<meta property=\"og:title\" content=\"Atlantic H\u00f4tel Paris - Hotel de lujo 3* en el distrito 8 de Par\u00eds\" \/>\n<meta property=\"og:description\" content=\"Hotel contempor\u00e1neo renovado con habitaciones confortables en el barrio de Op\u00e9ra - St Lazare. Hotel cerca de la Madeleine, Grands Boulevards y Galeries Lafayette.\" \/>\n<meta property=\"og:url\" content=\"https:\/\/atlantic-hotel-paris.com\/es\/paris-opera\/\" \/>\n<meta property=\"og:site_name\" content=\"Atlantic H\u00f4tel Paris - H\u00f4tel Op\u00e9ra Saint Lazare Paris 8\" \/>\n<meta property=\"article:modified_time\" content=\"2024-05-14T11:21:52+00:00\" \/>\n<meta name=\"twitter:card\" content=\"summary_large_image\" \/>\n<meta name=\"twitter:label1\" content=\"Tiempo de lectura\" \/>\n\t<meta name=\"twitter:data1\" content=\"6 minutos\" \/>\n<script type=\"application\/ld+json\" class=\"yoast-schema-graph\">{\"@context\":\"https:\\\/\\\/schema.org\",\"@graph\":[{\"@type\":\"WebPage\",\"@id\":\"https:\\\/\\\/atlantic-hotel-paris.com\\\/es\\\/paris-opera\\\/\",\"url\":\"https:\\\/\\\/atlantic-hotel-paris.com\\\/es\\\/paris-opera\\\/\",\"name\":\"Atlantic H\u00f4tel Paris - Hotel de lujo 3* en el distrito 8 de Par\u00eds\",\"isPartOf\":{\"@id\":\"https:\\\/\\\/atlantic-hotel-paris.com\\\/#website\"},\"datePublished\":\"2023-12-07T15:55:13+00:00\",\"dateModified\":\"2024-05-14T11:21:52+00:00\",\"description\":\"Hotel contempor\u00e1neo renovado con habitaciones confortables en el barrio de Op\u00e9ra - St Lazare. Hotel cerca de la Madeleine, Grands Boulevards y Galeries Lafayette.\",\"breadcrumb\":{\"@id\":\"https:\\\/\\\/atlantic-hotel-paris.com\\\/es\\\/paris-opera\\\/#breadcrumb\"},\"inLanguage\":\"es\",\"potentialAction\":[{\"@type\":\"ReadAction\",\"target\":[\"https:\\\/\\\/atlantic-hotel-paris.com\\\/es\\\/paris-opera\\\/\"]}]},{\"@type\":\"BreadcrumbList\",\"@id\":\"https:\\\/\\\/atlantic-hotel-paris.com\\\/es\\\/paris-opera\\\/#breadcrumb\",\"itemListElement\":[{\"@type\":\"ListItem\",\"position\":1,\"name\":\"Accueil\",\"item\":\"https:\\\/\\\/atlantic-hotel-paris.com\\\/es\\\/\"},{\"@type\":\"ListItem\",\"position\":2,\"name\":\"Paris Op\u00e9ra\"}]},{\"@type\":\"WebSite\",\"@id\":\"https:\\\/\\\/atlantic-hotel-paris.com\\\/#website\",\"url\":\"https:\\\/\\\/atlantic-hotel-paris.com\\\/\",\"name\":\"Atlantic H\u00f4tel Paris - H\u00f4tel Op\u00e9ra Saint Lazare Paris 8\",\"description\":\"Un site d\u00e9velopp\u00e9 par PMT HOTELS\",\"potentialAction\":[{\"@type\":\"SearchAction\",\"target\":{\"@type\":\"EntryPoint\",\"urlTemplate\":\"https:\\\/\\\/atlantic-hotel-paris.com\\\/?s={search_term_string}\"},\"query-input\":{\"@type\":\"PropertyValueSpecification\",\"valueRequired\":true,\"valueName\":\"search_term_string\"}}],\"inLanguage\":\"es\"}]}<\/script>\n<!-- \/ Yoast SEO plugin. -->","yoast_head_json":{"title":"Atlantic H\u00f4tel Paris - Hotel de lujo 3* en el distrito 8 de Par\u00eds","description":"Hotel contempor\u00e1neo renovado con habitaciones confortables en el barrio de Op\u00e9ra - St Lazare. Hotel cerca de la Madeleine, Grands Boulevards y Galeries Lafayette.","robots":{"index":"index","follow":"follow","max-snippet":"max-snippet:-1","max-image-preview":"max-image-preview:large","max-video-preview":"max-video-preview:-1"},"canonical":"https:\/\/atlantic-hotel-paris.com\/es\/paris-opera\/","og_locale":"es_ES","og_type":"article","og_title":"Atlantic H\u00f4tel Paris - Hotel de lujo 3* en el distrito 8 de Par\u00eds","og_description":"Hotel contempor\u00e1neo renovado con habitaciones confortables en el barrio de Op\u00e9ra - St Lazare. Hotel cerca de la Madeleine, Grands Boulevards y Galeries Lafayette.","og_url":"https:\/\/atlantic-hotel-paris.com\/es\/paris-opera\/","og_site_name":"Atlantic H\u00f4tel Paris - H\u00f4tel Op\u00e9ra Saint Lazare Paris 8","article_modified_time":"2024-05-14T11:21:52+00:00","twitter_card":"summary_large_image","twitter_misc":{"Tiempo de lectura":"6 minutos"},"schema":{"@context":"https:\/\/schema.org","@graph":[{"@type":"WebPage","@id":"https:\/\/atlantic-hotel-paris.com\/es\/paris-opera\/","url":"https:\/\/atlantic-hotel-paris.com\/es\/paris-opera\/","name":"Atlantic H\u00f4tel Paris - Hotel de lujo 3* en el distrito 8 de Par\u00eds","isPartOf":{"@id":"https:\/\/atlantic-hotel-paris.com\/#website"},"datePublished":"2023-12-07T15:55:13+00:00","dateModified":"2024-05-14T11:21:52+00:00","description":"Hotel contempor\u00e1neo renovado con habitaciones confortables en el barrio de Op\u00e9ra - St Lazare. Hotel cerca de la Madeleine, Grands Boulevards y Galeries Lafayette.","breadcrumb":{"@id":"https:\/\/atlantic-hotel-paris.com\/es\/paris-opera\/#breadcrumb"},"inLanguage":"es","potentialAction":[{"@type":"ReadAction","target":["https:\/\/atlantic-hotel-paris.com\/es\/paris-opera\/"]}]},{"@type":"BreadcrumbList","@id":"https:\/\/atlantic-hotel-paris.com\/es\/paris-opera\/#breadcrumb","itemListElement":[{"@type":"ListItem","position":1,"name":"Accueil","item":"https:\/\/atlantic-hotel-paris.com\/es\/"},{"@type":"ListItem","position":2,"name":"Paris Op\u00e9ra"}]},{"@type":"WebSite","@id":"https:\/\/atlantic-hotel-paris.com\/#website","url":"https:\/\/atlantic-hotel-paris.com\/","name":"Atlantic H\u00f4tel Paris - H\u00f4tel Op\u00e9ra Saint Lazare Paris 8","description":"Un site d\u00e9velopp\u00e9 par PMT HOTELS","potentialAction":[{"@type":"SearchAction","target":{"@type":"EntryPoint","urlTemplate":"https:\/\/atlantic-hotel-paris.com\/?s={search_term_string}"},"query-input":{"@type":"PropertyValueSpecification","valueRequired":true,"valueName":"search_term_string"}}],"inLanguage":"es"}]}},"_links":{"self":[{"href":"https:\/\/atlantic-hotel-paris.com\/es\/wp-json\/wp\/v2\/pages\/697","targetHints":{"allow":["GET"]}}],"collection":[{"href":"https:\/\/atlantic-hotel-paris.com\/es\/wp-json\/wp\/v2\/pages"}],"about":[{"href":"https:\/\/atlantic-hotel-paris.com\/es\/wp-json\/wp\/v2\/types\/page"}],"author":[{"embeddable":true,"href":"https:\/\/atlantic-hotel-paris.com\/es\/wp-json\/wp\/v2\/users\/1"}],"replies":[{"embeddable":true,"href":"https:\/\/atlantic-hotel-paris.com\/es\/wp-json\/wp\/v2\/comments?post=697"}],"version-history":[{"count":9,"href":"https:\/\/atlantic-hotel-paris.com\/es\/wp-json\/wp\/v2\/pages\/697\/revisions"}],"predecessor-version":[{"id":944,"href":"https:\/\/atlantic-hotel-paris.com\/es\/wp-json\/wp\/v2\/pages\/697\/revisions\/944"}],"wp:attachment":[{"href":"https:\/\/atlantic-hotel-paris.com\/es\/wp-json\/wp\/v2\/media?parent=697"}],"curies":[{"name":"wp","href":"https:\/\/api.w.org\/{rel}","templated":true}]}}