{"id":706,"date":"2023-12-07T16:03:06","date_gmt":"2023-12-07T15:03:06","guid":{"rendered":"https:\/\/atlantic-hotel-paris.com\/reservas-en-paris\/"},"modified":"2025-10-20T11:45:25","modified_gmt":"2025-10-20T09:45:25","slug":"reservas-en-paris","status":"publish","type":"page","link":"https:\/\/atlantic-hotel-paris.com\/es\/reservas-en-paris\/","title":{"rendered":"Reservas en Par\u00eds"},"content":{"rendered":"<div class=\"wpb-content-wrapper\"><p>[vc_row type=\u00bbvc_default\u00bb full_width=\u00bbstretch_row\u00bb margin_top=\u00bb-50px\u00bb full_width_row=\u00bbtrue\u00bb bg_type=\u00bbimage\u00bb parallax_style=\u00bbvcpb-default\u00bb][vc_column]<div class=\"ult-spacer spacer-69e4528aed731\" data-id=\"69e4528aed731\" data-height=\"50\" data-height-mobile=\"50\" data-height-tab=\"50\" data-height-tab-portrait=\"\" data-height-mobile-landscape=\"\" style=\"clear:both;display:block;\"><\/div>[vc_raw_html css=\u00bb\u00bb]JTNDZGl2JTIwaWQlM0QlMjJmYi13aWRnZXQtMSUyMiUyMGNsYXNzJTNEJTIyZmItd2lkZ2V0JTIyJTIwZGF0YS1mYkNvbmZpZyUzRCUyMjAlMjIlM0UlM0MlMkZkaXYlM0UlMEElM0NzY3JpcHQlMjBjbGFzcyUzRCUyMmZiLXdpZGdldC1jb25maWclMjIlMjBkYXRhLWZiQ29uZmlnJTNEJTIyMCUyMiUyMHR5cGUlM0QlMjJhcHBsaWNhdGlvbiUyRmpzb24lMjIlM0UlMEElN0IlMEElMjJwYXJhbXMlMjIlM0ElMjAlNUIlMEElN0IlMEElMjJjYWxlbmRhciUyMiUzQSUyMCU3QiUwQSUyMmZpcnN0RGF5T2ZXZWVrJTIyJTNBJTIwMSUyQyUwQSUyMm5iTW9udGhzMmRpc3BsYXklMjIlM0ElMjAyJTJDJTBBJTIydGl0bGUlMjIlM0ElMjAlMjIlMjIlMEElMkMlMEElMjJzaG93QmVzdFByaWNlJTIyJTNBJTIwdHJ1ZSUyQyUwQSUyMnNob3dMYXN0Um9vbSUyMiUzQSUyMHRydWUlMkMlMEElMjJzaG93TGFzdFJvb21UaHJlc2hvbGQlMjIlM0ElMjAxJTJDJTBBJTIyc2hvd01pblN0YXlEZXBhcnR1cmVEYXRlcyUyMiUzQXRydWUlMkMlMEElMjJoaWRlQ29udHJvbHMlMjIlM0FmYWxzZSUyQyUwQSUyMnNob3dDaGlsZHJlbkFnZXMlMjIlM0ElMjBmYWxzZSUyQyUwQSUyMnRoZW1lRGFyayUyMiUzQSUyMGZhbHNlJTJDJTBBJTIybGF5b3V0TnVtJTIyJTNBJTIwMSUyQyUwQSUyMnJvb21SYXRlRmlsdGVyaW5nJTIyJTNBJTIwMCUyQyUwQSUyMnJhdGVGaWx0ZXIlMjIlM0ElMjAlNUIlNUQlMkMlMEElMjJyb29tRmlsdGVyJTIyJTNBJTIwJTVCJTVEJTJDJTBBJTIydXNlTG95YWx0eSUyMiUzQSUyMGZhbHNlJTJDJTBBJTIybG95YWx0eSUyMiUzQSUyMCUyMiUyMiUyQyUwQSUyMmxveWFsdHlQYXJhbXMlMjIlM0ElMjAlN0IlN0QlMkMlMEElMjJ1c2VSZWRpcmVjdFVybEZyb21BcGklMjIlMjAlM0ElMjB0cnVlJTJDJTBBJTIyZGF5c0xvb2tBaGVhZCUyMiUyMCUzQSUyMDM2NSUwQSU3RCUyQyUwQSUyMmN1cnJlbmN5JTIyJTNBJTIwJTIyRVVSJTIyJTJDJTBBJTIybG9jYWxlJTIyJTNBJTIwJTIyZXNfRVMlMjIlMkMlMEElMjJtYXhBZHVsdHMlMjIlM0ElMjAxMCUyQyUwQSUyMm1heENoaWxkcmVuJTIyJTNBJTIwMiUyQyUwQSUyMm1haW5Db2xvciUyMiUzQSUyMCUyMiUyM2IwYTA2YyUyMiUyQyUwQSUyMnRoZW1lRGFyayUyMiUzQSUyMGZhbHNlJTJDJTBBJTIyb3BlbkZyb250SW5OZXdUYWIlMjIlM0ElMjB0cnVlJTJDJTBBJTIycHJvcGVydHklMjIlM0ElMjAlMjJKSE5GLTMwNjA1JTIyJTJDJTBBJTIydGl0bGUlMjIlM0ElMjAlMjJBdGxhbnRpYyUyMEhvdGVsJTIwUGFyaXMlMjIlMkMlMEElMjJjaGlsZHJlbk1heEFnZSUyMiUzQSUyMDEyJTJDJTBBJTIyZmJXaWRnZXQlMjIlM0ElMjAlMjJDYWxlbmRhciUyMiUwQSU3RCUwQSU1RCUyQyUwQSUyMmNvbW1vblBhcmFtcyUyMiUzQSUyMCU3QiUwQSUyMnJlZGlyZWN0VXJsJTIyJTNBJTIwJTIyaHR0cHMlM0ElMkYlMkZ3d3cuc2VjdXJlLWhvdGVsLWJvb2tpbmcuY29tJTIyJTJDJTBBJTIyc2hvd1Byb3BlcnRpZXNMaXN0JTIyJTNBJTIwdHJ1ZSUyQyUwQSUyMmRlbW9Nb2RlJTIyJTNBJTIwZmFsc2UlMkMlMEElMjJmcm9udFVybCUyMiUzQSUyMCUyMmh0dHBzJTNBJTJGJTJGd3d3LnNlY3VyZS1ob3RlbC1ib29raW5nLmNvbSUyMiUwQSU3RCUyQyUwQSUyMl9hdXRoQ29kZSUyMiUzQSUyMmV5SmhiR2NpT2lKSVV6VXhNaUlzSW5SNWNDSTZJa3BYVkNKOS5leUppYjI5cmFXNW5SVzVuYVc1bFVtVm1aWEpsYm1ObElqb2lTa2hPUmlJc0ltaHZkR1ZzU1dRaU9pSXpNRFl3TlNJc0ltZHliM1Z3U1dRaU9pSXhPRE0yTXlJc0luSmxabVZ5Wlc1alpWSmhkR1ZEYjJSbElqb2lRbFZTSWl3aVpHbHpjR3hoZVU1aGJXVWlPaUpCZEd4aGJuUnBZeTFJYjNSbGJDMVFZWEpwY3lJc0ltNWlaaUk2TVRjek9ESTBNVE0yT1N3aVpYaHdJam95TlRNME1ESXpNREE0TURBc0ltbGhkQ0k2TVRjek9ESTBNVE0yT1N3aWFYTnpJam9pUVhaaGFXeHdjbThnUVZCSklFMWhibUZuWlhJaUxDSmhkV1FpT2lKa0xXVmtaMlVpZlEuTk1xQlFmOHdXWmJaTWtZUDhfZXZkMEtNOVJ2YWFQWXFnaU9MaFZjX0FZRFZTUGpfVFI5SDFKdldseV8tX3A5YzJLbVFKQ2NERnh1V2p5TGtQNi1hQ1ElMjIlMkMlMEElMjJwcm9wZXJ0eUluZGV4JTIyJTNBJTIwMCUyQyUwQSUyMnZlcnNpb24lMjIlM0ElMjAlMjIxLjM1LjAlMjIlMkMlMEElMjJiYXNlSG9zdCUyMiUzQSUyMCUyMmh0dHBzJTNBJTJGJTJGd2Vic2RrLmQtZWRnZS5jb20lMjIlMEElN0QlMEElM0MlMkZzY3JpcHQlM0UlMEElM0NsaW5rJTIwcmVsJTNEJTIyc3R5bGVzaGVldCUyMiUyMHByb3BlcnR5JTNEJTIyc3R5bGVzaGVldCUyMiUyMGhyZWYlM0QlMjJodHRwcyUzQSUyRiUyRndlYnNkay5kLWVkZ2UuY29tJTJGd2lkZ2V0cyUyRmFwcC5jc3MlMjIlM0UlMEElM0NzY3JpcHQlMjB0eXBlJTNEJTIydGV4dCUyRmphdmFzY3JpcHQlMjIlMjBzcmMlM0QlMjJodHRwcyUzQSUyRiUyRndlYnNkay5kLWVkZ2UuY29tJTJGd2lkZ2V0cyUyRmFwcC5qcyUyMiUzRSUzQyUyRnNjcmlwdCUzRQ==[\/vc_raw_html][\/vc_column][\/vc_row][vc_row type=\u00bbvc_default\u00bb full_width=\u00bbstretch_row_content\u00bb css=\u00bb.vc_custom_1706607515934{background: #d8d8d8 url(https:\/\/atlantic-hotel-paris.com\/wp-content\/uploads\/2023\/12\/Sculpture-lobby-2500-5-20pct.jpg?id=201) !important;background-position: center !important;background-repeat: no-repeat !important;background-size: cover !important;}\u00bb][vc_column]<div class=\"ult-spacer spacer-69e4528aed764\" data-id=\"69e4528aed764\" data-height=\"50\" data-height-mobile=\"50\" data-height-tab=\"50\" data-height-tab-portrait=\"\" data-height-mobile-landscape=\"\" style=\"clear:both;display:block;\"><\/div>[vc_custom_heading text=\u00bbPor qu\u00e9 hacer su reserva<br \/>\nde hotel en directo ?\u00bb font_container=\u00bbtag:h2|text_align:center\u00bb use_theme_fonts=\u00bbyes\u00bb]<div class=\"ult-spacer spacer-69e4528aed780\" data-id=\"69e4528aed780\" data-height=\"50\" data-height-mobile=\"50\" data-height-tab=\"50\" data-height-tab-portrait=\"\" data-height-mobile-landscape=\"\" style=\"clear:both;display:block;\"><\/div>[vc_row_inner content_placement=\u00bbtop\u00bb gap=\u00bb10&#8243;][vc_column_inner width=\u00bb1\/6&#8243;]<div class=\"ult-just-icon-wrapper  \"><div class=\"align-icon\" style=\"text-align:center;\">\n<div class=\"aio-icon advanced \"  style=\"color:#85754e;background:rgba(255,255,255,0.01);border-style:solid;border-color:#85754e;border-width:1px;width:50px;height:50px;line-height:50px;border-radius:500px;font-size:20px;display:inline-block;\">\n\t<i class=\"Defaults-bed hotel\"><\/i>\n<\/div><\/div><\/div><div class=\"ult-spacer spacer-69e4528aed939\" data-id=\"69e4528aed939\" data-height=\"15\" data-height-mobile=\"15\" data-height-tab=\"15\" data-height-tab-portrait=\"\" data-height-mobile-landscape=\"\" style=\"clear:both;display:block;\"><\/div>[vc_custom_heading text=\u00bb-14% de descuento<br \/>\nen la habitaci\u00f3n\u00bb font_container=\u00bbtag:h5|text_align:center\u00bb use_theme_fonts=\u00bbyes\u00bb][\/vc_column_inner][vc_column_inner width=\u00bb1\/6&#8243;]<div class=\"ult-just-icon-wrapper  \"><div class=\"align-icon\" style=\"text-align:center;\">\n<div class=\"aio-icon advanced \"  style=\"color:#85754e;background:rgba(255,255,255,0.01);border-style:solid;border-color:#85754e;border-width:1px;width:50px;height:50px;line-height:50px;border-radius:500px;font-size:20px;display:inline-block;\">\n\t<i class=\"far fa-calendar-times\"><\/i>\n<\/div><\/div><\/div><div class=\"ult-spacer spacer-69e4528aed977\" data-id=\"69e4528aed977\" data-height=\"15\" data-height-mobile=\"15\" data-height-tab=\"15\" data-height-tab-portrait=\"\" data-height-mobile-landscape=\"\" style=\"clear:both;display:block;\"><\/div>[vc_custom_heading text=\u00bbCondiciones de anulaci\u00f3n<br \/>\nm\u00e1s flexibles\u00bb font_container=\u00bbtag:h5|text_align:center\u00bb use_theme_fonts=\u00bbyes\u00bb][\/vc_column_inner][vc_column_inner width=\u00bb1\/6&#8243;]<div class=\"ult-just-icon-wrapper  \"><div class=\"align-icon\" style=\"text-align:center;\">\n<div class=\"aio-icon advanced \"  style=\"color:#85754e;background:rgba(255,255,255,0.01);border-style:solid;border-color:#85754e;border-width:1px;width:50px;height:50px;line-height:50px;border-radius:500px;font-size:20px;display:inline-block;\">\n\t<i class=\"Defaults-coffee\"><\/i>\n<\/div><\/div><\/div><div class=\"ult-spacer spacer-69e4528aed9a4\" data-id=\"69e4528aed9a4\" data-height=\"15\" data-height-mobile=\"15\" data-height-tab=\"15\" data-height-tab-portrait=\"\" data-height-mobile-landscape=\"\" style=\"clear:both;display:block;\"><\/div>[vc_custom_heading text=\u00bb-25% de descuento<br \/>\nen su desayuno<br \/>\nBuffet o Continental\u00bb font_container=\u00bbtag:h5|text_align:center\u00bb use_theme_fonts=\u00bbyes\u00bb][\/vc_column_inner][vc_column_inner width=\u00bb1\/6&#8243;]<div class=\"ult-just-icon-wrapper  \"><div class=\"align-icon\" style=\"text-align:center;\">\n<div class=\"aio-icon advanced \"  style=\"color:#85754e;background:rgba(255,255,255,0.01);border-style:solid;border-color:#85754e;border-width:1px;width:50px;height:50px;line-height:50px;border-radius:500px;font-size:20px;display:inline-block;\">\n\t<i class=\"Defaults-newspaper-o\"><\/i>\n<\/div><\/div><\/div><div class=\"ult-spacer spacer-69e4528aed9ce\" data-id=\"69e4528aed9ce\" data-height=\"15\" data-height-mobile=\"15\" data-height-tab=\"15\" data-height-tab-portrait=\"\" data-height-mobile-landscape=\"\" style=\"clear:both;display:block;\"><\/div>[vc_custom_heading text=\u00bbAcceso gratuito a m\u00e1s de<br \/>\n7000 peri\u00f3dicos internacionales<br \/>\nrevistas electr\u00f3nicas internacionales\u00bb font_container=\u00bbtag:h5|text_align:center\u00bb use_theme_fonts=\u00bbyes\u00bb][\/vc_column_inner][vc_column_inner width=\u00bb1\/6&#8243;]<div class=\"ult-just-icon-wrapper  \"><div class=\"align-icon\" style=\"text-align:center;\">\n<div class=\"aio-icon advanced \"  style=\"color:#85754e;background:rgba(255,255,255,0.01);border-style:solid;border-color:#85754e;border-width:1px;width:50px;height:50px;line-height:50px;border-radius:500px;font-size:20px;display:inline-block;\">\n\t<i class=\"fas fa-car\"><\/i>\n<\/div><\/div><\/div><div class=\"ult-spacer spacer-69e4528aed9f6\" data-id=\"69e4528aed9f6\" data-height=\"15\" data-height-mobile=\"15\" data-height-tab=\"15\" data-height-tab-portrait=\"\" data-height-mobile-landscape=\"\" style=\"clear:both;display:block;\"><\/div>[vc_custom_heading text=\u00bb-40% de descuento en<br \/>\nel aparcamiento St-Lazare<br \/>\n(2 min a pie desde<br \/>\nRue de Londres)\u00bb font_container=\u00bbtag:h5|text_align:center\u00bb use_theme_fonts=\u00bbyes\u00bb css=\u00bb\u00bb][\/vc_column_inner][vc_column_inner width=\u00bb1\/6&#8243;]<div class=\"ult-just-icon-wrapper  \"><div class=\"align-icon\" style=\"text-align:center;\">\n<div class=\"aio-icon advanced \"  style=\"color:#85754e;background:rgba(255,255,255,0.01);border-style:solid;border-color:#85754e;border-width:1px;width:50px;height:50px;line-height:50px;border-radius:500px;font-size:20px;display:inline-block;\">\n\t<i class=\"fas fa-car\"><\/i>\n<\/div><\/div><\/div><div class=\"ult-spacer spacer-69e4528aeda20\" data-id=\"69e4528aeda20\" data-height=\"15\" data-height-mobile=\"15\" data-height-tab=\"15\" data-height-tab-portrait=\"\" data-height-mobile-landscape=\"\" style=\"clear:both;display:block;\"><\/div>[vc_custom_heading text=\u00bb-15% de descuento en el<br \/>\naparcamiento de Batignolles<br \/>\n(a 8 minutos a pie)<br \/>\nEstaciones de carga\u00bb font_container=\u00bbtag:h5|text_align:center\u00bb use_theme_fonts=\u00bbyes\u00bb][\/vc_column_inner][\/vc_row_inner]<div class=\"ult-spacer spacer-69e4528aeda31\" data-id=\"69e4528aeda31\" data-height=\"50\" data-height-mobile=\"50\" data-height-tab=\"50\" data-height-tab-portrait=\"\" data-height-mobile-landscape=\"\" style=\"clear:both;display:block;\"><\/div>[\/vc_column][\/vc_row][vc_row][vc_column]<div class=\"ult-spacer spacer-69e4528aeda44\" data-id=\"69e4528aeda44\" data-height=\"50\" data-height-mobile=\"50\" data-height-tab=\"50\" data-height-tab-portrait=\"\" data-height-mobile-landscape=\"\" style=\"clear:both;display:block;\"><\/div>[vc_row_inner][vc_column_inner width=\u00bb1\/6&#8243;][\/vc_column_inner][vc_column_inner width=\u00bb2\/3&#8243;][vc_column_text]<\/p>\n<h3 style=\"text-align: center;\">Al reservar su hotel en Par\u00eds directamente en nuestra p\u00e1gina web, todo el equipo del hotel Atlantic Paris est\u00e1 a su disposici\u00f3n para organizar y hacer que su estancia sea inolvidable.<\/h3>\n<p>&nbsp;<\/p>\n<p style=\"text-align: center;\">Preg\u00fantenos por los \u00faltimos acontecimientos culturales de Par\u00eds, los mejores restaurantes del barrio de la \u00d3pera, Saint-Lazare o cualquier otro lugar que le apetezca.<\/p>\n<p style=\"text-align: center;\">Parigi, Capitale della moda. Durante il Vostro soggiorno , non vi lasciate sfuggire l\u2019occasione di fare dello shopping nei vicinissimi quartieri dell\u2019Opera-Haussmann , Saint-Lazare che distano qualche minuto a piedi dal nostro Hotel. Chiedete il parere della R\u00e9ception per non perdere i migliori indirizzi che fanno tendenza a Parigi.<\/p>\n<p>&nbsp;<\/p>\n<h3 style=\"text-align: center;\">A prestissimo qui a l\u2019Hotel Atlantic di Parigi!<\/h3>\n<p>[\/vc_column_text][\/vc_column_inner][vc_column_inner width=\u00bb1\/6&#8243;][\/vc_column_inner][\/vc_row_inner]<div class=\"ult-spacer spacer-69e4528aeda58\" data-id=\"69e4528aeda58\" data-height=\"100\" data-height-mobile=\"100\" data-height-tab=\"100\" data-height-tab-portrait=\"\" data-height-mobile-landscape=\"\" style=\"clear:both;display:block;\"><\/div>[\/vc_column][\/vc_row][vc_row type=\u00bbvc_default\u00bb full_width=\u00bbstretch_row_content_no_spaces\u00bb][vc_column css=\u00bb.vc_custom_1699527067217{padding-top: 0px !important;}\u00bb]<div class=\"sbvcgmap-map-wrapper\" style=\"width:100%;height:500px\"><div class=\"sbvcgmap-map\" zoom=\"14\" maptype=\"ROADMAP\" panoramatogglebutton=\"no\" pancontrol=\"yes\" pancontrol_position=\"TOP_LEFT\" zoomcontrol=\"yes\" zoomcontrol_position=\"TOP_LEFT\" zoomcontrolstyle=\"DEFAULT\" maptypecontrol=\"yes\" maptypecontrol_position=\"TOP_RIGHT\" streetviewcontrol=\"yes\" streetviewcontrol_position=\"TOP_LEFT\" overviewmapcontrol=\"yes\" overviewmapcontrolvisible=\"no\" maptypecontrolstyle=\"DEFAULT\" mapstyle=\"style-2\" weather=\"no\" traffic=\"no\" transit=\"no\" bicycle=\"no\" panoramio=\"no\" draggable=\"yes\" scrollwheel=\"no\" cplatitude=\"48.869939714222\" cplongitude=\"2.3249010268383\" scalecontrol=\"yes\" searchtype=\"disabled\" searchradius=\"500\" searchiconanimation=\"NONE\" searchdirectiontext=\"\" reloadonresize=\"no\" clustering=\"no\" style=\"width:100%;height:500px\"><div class=\"sbvcgmap-marker\" data-lat=\"48.878136859428\" data-lng=\"2.3263889978413\" infowindow=\"no\" animation=\"NONE\" customstyles=\"no\" ><\/p>\n<p style=\"text-align: center;\"><strong>Atlantic H\u00f4tel Paris<\/strong><br \/>\n44, rue de Londres<br \/>\n75008 Paris<\/p>\n<p><\/div><\/div><\/div>[\/vc_column][\/vc_row]<\/p>\n<\/div>","protected":false},"excerpt":{"rendered":"<p>[vc_row type=\u00bbvc_default\u00bb full_width=\u00bbstretch_row\u00bb margin_top=\u00bb-50px\u00bb full_width_row=\u00bbtrue\u00bb bg_type=\u00bbimage\u00bb parallax_style=\u00bbvcpb-default\u00bb][vc_column][vc_raw_html css=\u00bb\u00bb]JTNDZGl2JTIwaWQlM0QlMjJmYi13aWRnZXQtMSUyMiUyMGNsYXNzJTNEJTIyZmItd2lkZ2V0JTIyJTIwZGF0YS1mYkNvbmZpZyUzRCUyMjAlMjIlM0UlM0MlMkZkaXYlM0UlMEElM0NzY3JpcHQlMjBjbGFzcyUzRCUyMmZiLXdpZGdldC1jb25maWclMjIlMjBkYXRhLWZiQ29uZmlnJTNEJTIyMCUyMiUyMHR5cGUlM0QlMjJhcHBsaWNhdGlvbiUyRmpzb24lMjIlM0UlMEElN0IlMEElMjJwYXJhbXMlMjIlM0ElMjAlNUIlMEElN0IlMEElMjJjYWxlbmRhciUyMiUzQSUyMCU3QiUwQSUyMmZpcnN0RGF5T2ZXZWVrJTIyJTNBJTIwMSUyQyUwQSUyMm5iTW9udGhzMmRpc3BsYXklMjIlM0ElMjAyJTJDJTBBJTIydGl0bGUlMjIlM0ElMjAlMjIlMjIlMEElMkMlMEElMjJzaG93QmVzdFByaWNlJTIyJTNBJTIwdHJ1ZSUyQyUwQSUyMnNob3dMYXN0Um9vbSUyMiUzQSUyMHRydWUlMkMlMEElMjJzaG93TGFzdFJvb21UaHJlc2hvbGQlMjIlM0ElMjAxJTJDJTBBJTIyc2hvd01pblN0YXlEZXBhcnR1cmVEYXRlcyUyMiUzQXRydWUlMkMlMEElMjJoaWRlQ29udHJvbHMlMjIlM0FmYWxzZSUyQyUwQSUyMnNob3dDaGlsZHJlbkFnZXMlMjIlM0ElMjBmYWxzZSUyQyUwQSUyMnRoZW1lRGFyayUyMiUzQSUyMGZhbHNlJTJDJTBBJTIybGF5b3V0TnVtJTIyJTNBJTIwMSUyQyUwQSUyMnJvb21SYXRlRmlsdGVyaW5nJTIyJTNBJTIwMCUyQyUwQSUyMnJhdGVGaWx0ZXIlMjIlM0ElMjAlNUIlNUQlMkMlMEElMjJyb29tRmlsdGVyJTIyJTNBJTIwJTVCJTVEJTJDJTBBJTIydXNlTG95YWx0eSUyMiUzQSUyMGZhbHNlJTJDJTBBJTIybG95YWx0eSUyMiUzQSUyMCUyMiUyMiUyQyUwQSUyMmxveWFsdHlQYXJhbXMlMjIlM0ElMjAlN0IlN0QlMkMlMEElMjJ1c2VSZWRpcmVjdFVybEZyb21BcGklMjIlMjAlM0ElMjB0cnVlJTJDJTBBJTIyZGF5c0xvb2tBaGVhZCUyMiUyMCUzQSUyMDM2NSUwQSU3RCUyQyUwQSUyMmN1cnJlbmN5JTIyJTNBJTIwJTIyRVVSJTIyJTJDJTBBJTIybG9jYWxlJTIyJTNBJTIwJTIyZXNfRVMlMjIlMkMlMEElMjJtYXhBZHVsdHMlMjIlM0ElMjAxMCUyQyUwQSUyMm1heENoaWxkcmVuJTIyJTNBJTIwMiUyQyUwQSUyMm1haW5Db2xvciUyMiUzQSUyMCUyMiUyM2IwYTA2YyUyMiUyQyUwQSUyMnRoZW1lRGFyayUyMiUzQSUyMGZhbHNlJTJDJTBBJTIyb3BlbkZyb250SW5OZXdUYWIlMjIlM0ElMjB0cnVlJTJDJTBBJTIycHJvcGVydHklMjIlM0ElMjAlMjJKSE5GLTMwNjA1JTIyJTJDJTBBJTIydGl0bGUlMjIlM0ElMjAlMjJBdGxhbnRpYyUyMEhvdGVsJTIwUGFyaXMlMjIlMkMlMEElMjJjaGlsZHJlbk1heEFnZSUyMiUzQSUyMDEyJTJDJTBBJTIyZmJXaWRnZXQlMjIlM0ElMjAlMjJDYWxlbmRhciUyMiUwQSU3RCUwQSU1RCUyQyUwQSUyMmNvbW1vblBhcmFtcyUyMiUzQSUyMCU3QiUwQSUyMnJlZGlyZWN0VXJsJTIyJTNBJTIwJTIyaHR0cHMlM0ElMkYlMkZ3d3cuc2VjdXJlLWhvdGVsLWJvb2tpbmcuY29tJTIyJTJDJTBBJTIyc2hvd1Byb3BlcnRpZXNMaXN0JTIyJTNBJTIwdHJ1ZSUyQyUwQSUyMmRlbW9Nb2RlJTIyJTNBJTIwZmFsc2UlMkMlMEElMjJmcm9udFVybCUyMiUzQSUyMCUyMmh0dHBzJTNBJTJGJTJGd3d3LnNlY3VyZS1ob3RlbC1ib29raW5nLmNvbSUyMiUwQSU3RCUyQyUwQSUyMl9hdXRoQ29kZSUyMiUzQSUyMmV5SmhiR2NpT2lKSVV6VXhNaUlzSW5SNWNDSTZJa3BYVkNKOS5leUppYjI5cmFXNW5SVzVuYVc1bFVtVm1aWEpsYm1ObElqb2lTa2hPUmlJc0ltaHZkR1ZzU1dRaU9pSXpNRFl3TlNJc0ltZHliM1Z3U1dRaU9pSXhPRE0yTXlJc0luSmxabVZ5Wlc1alpWSmhkR1ZEYjJSbElqb2lRbFZTSWl3aVpHbHpjR3hoZVU1aGJXVWlPaUpCZEd4aGJuUnBZeTFJYjNSbGJDMVFZWEpwY3lJc0ltNWlaaUk2TVRjek9ESTBNVE0yT1N3aVpYaHdJam95TlRNME1ESXpNREE0TURBc0ltbGhkQ0k2TVRjek9ESTBNVE0yT1N3aWFYTnpJam9pUVhaaGFXeHdjbThnUVZCSklFMWhibUZuWlhJaUxDSmhkV1FpT2lKa0xXVmtaMlVpZlEuTk1xQlFmOHdXWmJaTWtZUDhfZXZkMEtNOVJ2YWFQWXFnaU9MaFZjX0FZRFZTUGpfVFI5SDFKdldseV8tX3A5YzJLbVFKQ2NERnh1V2p5TGtQNi1hQ1ElMjIlMkMlMEElMjJwcm9wZXJ0eUluZGV4JTIyJTNBJTIwMCUyQyUwQSUyMnZlcnNpb24lMjIlM0ElMjAlMjIxLjM1LjAlMjIlMkMlMEElMjJiYXNlSG9zdCUyMiUzQSUyMCUyMmh0dHBzJTNBJTJGJTJGd2Vic2RrLmQtZWRnZS5jb20lMjIlMEElN0QlMEElM0MlMkZzY3JpcHQlM0UlMEElM0NsaW5rJTIwcmVsJTNEJTIyc3R5bGVzaGVldCUyMiUyMHByb3BlcnR5JTNEJTIyc3R5bGVzaGVldCUyMiUyMGhyZWYlM0QlMjJodHRwcyUzQSUyRiUyRndlYnNkay5kLWVkZ2UuY29tJTJGd2lkZ2V0cyUyRmFwcC5jc3MlMjIlM0UlMEElM0NzY3JpcHQlMjB0eXBlJTNEJTIydGV4dCUyRmphdmFzY3JpcHQlMjIlMjBzcmMlM0QlMjJodHRwcyUzQSUyRiUyRndlYnNkay5kLWVkZ2UuY29tJTJGd2lkZ2V0cyUyRmFwcC5qcyUyMiUzRSUzQyUyRnNjcmlwdCUzRQ==[\/vc_raw_html][\/vc_column][\/vc_row][vc_row type=\u00bbvc_default\u00bb full_width=\u00bbstretch_row_content\u00bb css=\u00bb.vc_custom_1706607515934{background: #d8d8d8 url(https:\/\/atlantic-hotel-paris.com\/wp-content\/uploads\/2023\/12\/Sculpture-lobby-2500-5-20pct.jpg?id=201) !important;background-position: center !important;background-repeat: no-repeat !important;background-size: cover !important;}\u00bb][vc_column][vc_custom_heading text=\u00bbPor qu\u00e9 hacer su reserva de hotel en directo ?\u00bb font_container=\u00bbtag:h2|text_align:center\u00bb use_theme_fonts=\u00bbyes\u00bb][vc_row_inner content_placement=\u00bbtop\u00bb gap=\u00bb10&#8243;][vc_column_inner width=\u00bb1\/6&#8243;][vc_custom_heading text=\u00bb-14% de descuento en la habitaci\u00f3n\u00bb font_container=\u00bbtag:h5|text_align:center\u00bb use_theme_fonts=\u00bbyes\u00bb][\/vc_column_inner][vc_column_inner width=\u00bb1\/6&#8243;][vc_custom_heading text=\u00bbCondiciones de anulaci\u00f3n m\u00e1s flexibles\u00bb font_container=\u00bbtag:h5|text_align:center\u00bb use_theme_fonts=\u00bbyes\u00bb][\/vc_column_inner][vc_column_inner width=\u00bb1\/6&#8243;][vc_custom_heading text=\u00bb-25% de descuento&hellip;<\/p>\n","protected":false},"author":1,"featured_media":0,"parent":0,"menu_order":1,"comment_status":"closed","ping_status":"closed","template":"","meta":{"footnotes":""},"class_list":["post-706","page","type-page","status-publish","hentry","description-off"],"yoast_head":"<!-- This site is optimized with the Yoast SEO plugin v27.4 - https:\/\/yoast.com\/product\/yoast-seo-wordpress\/ -->\n<title>Reservas en Par\u00eds - Atlantic H\u00f4tel Paris - H\u00f4tel Op\u00e9ra Saint Lazare Paris 8<\/title>\n<meta name=\"description\" content=\"Hotel de dise\u00f1o en Par\u00eds, en el barrio de la \u00d3pera Saint Lazare. Amplias habitaciones contempor\u00e1neas renovadas. Hotel de 3 estrellas con encanto. Reserva segura en l\u00ednea.\" \/>\n<meta name=\"robots\" content=\"index, follow, max-snippet:-1, max-image-preview:large, max-video-preview:-1\" \/>\n<link rel=\"canonical\" href=\"https:\/\/atlantic-hotel-paris.com\/es\/reservas-en-paris\/\" \/>\n<meta property=\"og:locale\" content=\"es_ES\" \/>\n<meta property=\"og:type\" content=\"article\" \/>\n<meta property=\"og:title\" content=\"Reservas en Par\u00eds - Atlantic H\u00f4tel Paris - H\u00f4tel Op\u00e9ra Saint Lazare Paris 8\" \/>\n<meta property=\"og:description\" content=\"Hotel de dise\u00f1o en Par\u00eds, en el barrio de la \u00d3pera Saint Lazare. Amplias habitaciones contempor\u00e1neas renovadas. Hotel de 3 estrellas con encanto. Reserva segura en l\u00ednea.\" \/>\n<meta property=\"og:url\" content=\"https:\/\/atlantic-hotel-paris.com\/es\/reservas-en-paris\/\" \/>\n<meta property=\"og:site_name\" content=\"Atlantic H\u00f4tel Paris - H\u00f4tel Op\u00e9ra Saint Lazare Paris 8\" \/>\n<meta property=\"article:modified_time\" content=\"2025-10-20T09:45:25+00:00\" \/>\n<meta name=\"twitter:card\" content=\"summary_large_image\" \/>\n<meta name=\"twitter:label1\" content=\"Tiempo de lectura\" \/>\n\t<meta name=\"twitter:data1\" content=\"2 minutos\" \/>\n<script type=\"application\/ld+json\" class=\"yoast-schema-graph\">{\"@context\":\"https:\\\/\\\/schema.org\",\"@graph\":[{\"@type\":\"WebPage\",\"@id\":\"https:\\\/\\\/atlantic-hotel-paris.com\\\/es\\\/reservas-en-paris\\\/\",\"url\":\"https:\\\/\\\/atlantic-hotel-paris.com\\\/es\\\/reservas-en-paris\\\/\",\"name\":\"Reservas en Par\u00eds - Atlantic H\u00f4tel Paris - H\u00f4tel Op\u00e9ra Saint Lazare Paris 8\",\"isPartOf\":{\"@id\":\"https:\\\/\\\/atlantic-hotel-paris.com\\\/#website\"},\"datePublished\":\"2023-12-07T15:03:06+00:00\",\"dateModified\":\"2025-10-20T09:45:25+00:00\",\"description\":\"Hotel de dise\u00f1o en Par\u00eds, en el barrio de la \u00d3pera Saint Lazare. Amplias habitaciones contempor\u00e1neas renovadas. Hotel de 3 estrellas con encanto. Reserva segura en l\u00ednea.\",\"breadcrumb\":{\"@id\":\"https:\\\/\\\/atlantic-hotel-paris.com\\\/es\\\/reservas-en-paris\\\/#breadcrumb\"},\"inLanguage\":\"es\",\"potentialAction\":[{\"@type\":\"ReadAction\",\"target\":[\"https:\\\/\\\/atlantic-hotel-paris.com\\\/es\\\/reservas-en-paris\\\/\"]}]},{\"@type\":\"BreadcrumbList\",\"@id\":\"https:\\\/\\\/atlantic-hotel-paris.com\\\/es\\\/reservas-en-paris\\\/#breadcrumb\",\"itemListElement\":[{\"@type\":\"ListItem\",\"position\":1,\"name\":\"Accueil\",\"item\":\"https:\\\/\\\/atlantic-hotel-paris.com\\\/es\\\/\"},{\"@type\":\"ListItem\",\"position\":2,\"name\":\"Reservas en Par\u00eds\"}]},{\"@type\":\"WebSite\",\"@id\":\"https:\\\/\\\/atlantic-hotel-paris.com\\\/#website\",\"url\":\"https:\\\/\\\/atlantic-hotel-paris.com\\\/\",\"name\":\"Atlantic H\u00f4tel Paris - H\u00f4tel Op\u00e9ra Saint Lazare Paris 8\",\"description\":\"Un site d\u00e9velopp\u00e9 par PMT HOTELS\",\"potentialAction\":[{\"@type\":\"SearchAction\",\"target\":{\"@type\":\"EntryPoint\",\"urlTemplate\":\"https:\\\/\\\/atlantic-hotel-paris.com\\\/?s={search_term_string}\"},\"query-input\":{\"@type\":\"PropertyValueSpecification\",\"valueRequired\":true,\"valueName\":\"search_term_string\"}}],\"inLanguage\":\"es\"}]}<\/script>\n<!-- \/ Yoast SEO plugin. -->","yoast_head_json":{"title":"Reservas en Par\u00eds - Atlantic H\u00f4tel Paris - H\u00f4tel Op\u00e9ra Saint Lazare Paris 8","description":"Hotel de dise\u00f1o en Par\u00eds, en el barrio de la \u00d3pera Saint Lazare. Amplias habitaciones contempor\u00e1neas renovadas. Hotel de 3 estrellas con encanto. Reserva segura en l\u00ednea.","robots":{"index":"index","follow":"follow","max-snippet":"max-snippet:-1","max-image-preview":"max-image-preview:large","max-video-preview":"max-video-preview:-1"},"canonical":"https:\/\/atlantic-hotel-paris.com\/es\/reservas-en-paris\/","og_locale":"es_ES","og_type":"article","og_title":"Reservas en Par\u00eds - Atlantic H\u00f4tel Paris - H\u00f4tel Op\u00e9ra Saint Lazare Paris 8","og_description":"Hotel de dise\u00f1o en Par\u00eds, en el barrio de la \u00d3pera Saint Lazare. Amplias habitaciones contempor\u00e1neas renovadas. Hotel de 3 estrellas con encanto. Reserva segura en l\u00ednea.","og_url":"https:\/\/atlantic-hotel-paris.com\/es\/reservas-en-paris\/","og_site_name":"Atlantic H\u00f4tel Paris - H\u00f4tel Op\u00e9ra Saint Lazare Paris 8","article_modified_time":"2025-10-20T09:45:25+00:00","twitter_card":"summary_large_image","twitter_misc":{"Tiempo de lectura":"2 minutos"},"schema":{"@context":"https:\/\/schema.org","@graph":[{"@type":"WebPage","@id":"https:\/\/atlantic-hotel-paris.com\/es\/reservas-en-paris\/","url":"https:\/\/atlantic-hotel-paris.com\/es\/reservas-en-paris\/","name":"Reservas en Par\u00eds - Atlantic H\u00f4tel Paris - H\u00f4tel Op\u00e9ra Saint Lazare Paris 8","isPartOf":{"@id":"https:\/\/atlantic-hotel-paris.com\/#website"},"datePublished":"2023-12-07T15:03:06+00:00","dateModified":"2025-10-20T09:45:25+00:00","description":"Hotel de dise\u00f1o en Par\u00eds, en el barrio de la \u00d3pera Saint Lazare. Amplias habitaciones contempor\u00e1neas renovadas. Hotel de 3 estrellas con encanto. Reserva segura en l\u00ednea.","breadcrumb":{"@id":"https:\/\/atlantic-hotel-paris.com\/es\/reservas-en-paris\/#breadcrumb"},"inLanguage":"es","potentialAction":[{"@type":"ReadAction","target":["https:\/\/atlantic-hotel-paris.com\/es\/reservas-en-paris\/"]}]},{"@type":"BreadcrumbList","@id":"https:\/\/atlantic-hotel-paris.com\/es\/reservas-en-paris\/#breadcrumb","itemListElement":[{"@type":"ListItem","position":1,"name":"Accueil","item":"https:\/\/atlantic-hotel-paris.com\/es\/"},{"@type":"ListItem","position":2,"name":"Reservas en Par\u00eds"}]},{"@type":"WebSite","@id":"https:\/\/atlantic-hotel-paris.com\/#website","url":"https:\/\/atlantic-hotel-paris.com\/","name":"Atlantic H\u00f4tel Paris - H\u00f4tel Op\u00e9ra Saint Lazare Paris 8","description":"Un site d\u00e9velopp\u00e9 par PMT HOTELS","potentialAction":[{"@type":"SearchAction","target":{"@type":"EntryPoint","urlTemplate":"https:\/\/atlantic-hotel-paris.com\/?s={search_term_string}"},"query-input":{"@type":"PropertyValueSpecification","valueRequired":true,"valueName":"search_term_string"}}],"inLanguage":"es"}]}},"_links":{"self":[{"href":"https:\/\/atlantic-hotel-paris.com\/es\/wp-json\/wp\/v2\/pages\/706","targetHints":{"allow":["GET"]}}],"collection":[{"href":"https:\/\/atlantic-hotel-paris.com\/es\/wp-json\/wp\/v2\/pages"}],"about":[{"href":"https:\/\/atlantic-hotel-paris.com\/es\/wp-json\/wp\/v2\/types\/page"}],"author":[{"embeddable":true,"href":"https:\/\/atlantic-hotel-paris.com\/es\/wp-json\/wp\/v2\/users\/1"}],"replies":[{"embeddable":true,"href":"https:\/\/atlantic-hotel-paris.com\/es\/wp-json\/wp\/v2\/comments?post=706"}],"version-history":[{"count":8,"href":"https:\/\/atlantic-hotel-paris.com\/es\/wp-json\/wp\/v2\/pages\/706\/revisions"}],"predecessor-version":[{"id":1124,"href":"https:\/\/atlantic-hotel-paris.com\/es\/wp-json\/wp\/v2\/pages\/706\/revisions\/1124"}],"wp:attachment":[{"href":"https:\/\/atlantic-hotel-paris.com\/es\/wp-json\/wp\/v2\/media?parent=706"}],"curies":[{"name":"wp","href":"https:\/\/api.w.org\/{rel}","templated":true}]}}