{"id":719,"date":"2023-12-07T17:11:29","date_gmt":"2023-12-07T16:11:29","guid":{"rendered":"https:\/\/atlantic-hotel-paris.com\/desayuno\/"},"modified":"2024-10-15T14:16:18","modified_gmt":"2024-10-15T12:16:18","slug":"desayuno","status":"publish","type":"page","link":"https:\/\/atlantic-hotel-paris.com\/es\/desayuno\/","title":{"rendered":"Desayuno"},"content":{"rendered":"<div class=\"wpb-content-wrapper\"><p>[vc_row type=\u00bbvc_default\u00bb full_width=\u00bbstretch_row_content\u00bb equal_height=\u00bbyes\u00bb bg_type=\u00bbimage\u00bb parallax_style=\u00bbvcpb-default\u00bb bg_image_new=\u00bbid^201|url^https:\/\/atlantic-hotel-paris.com\/wp-content\/uploads\/2023\/12\/Sculpture-lobby-2500-5-20pct.jpg|caption^null|alt^null|title^Sculpture-lobby-2500-5-20pct|description^null\u00bb bg_image_repeat=\u00bbno-repeat\u00bb css=\u00bb.vc_custom_1701966354351{margin-bottom: 0px !important;padding-top: 10px !important;padding-right: 20px !important;padding-bottom: 0px !important;padding-left: 20px !important;background-color: #fdfcfc !important;}\u00bb][vc_column width=\u00bb1\/2&#8243; css=\u00bb.vc_custom_1699521099502{margin-top: 0px !important;margin-right: 50px !important;margin-bottom: 0px !important;padding-top: 0px !important;padding-right: 100px !important;padding-bottom: 100px !important;padding-left: 100px !important;background-position: center !important;background-repeat: no-repeat !important;background-size: contain !important;}\u00bb offset=\u00bbvc_hidden-xs\u00bb]<div class=\"ult_row_spacer\"><div class=\"ult-sticky-anchor\"><div class=\"ult-sticky-section ult-sticky \"  data-gutter= '50' data-stick_behaviour= 'stick_with_scroll_row'  data-sticky_position= 'top' data-mobile='no' data-support='no'><div class=\"ult-spacer spacer-69df2a2ea076f\" data-id=\"69df2a2ea076f\" data-height=\"150\" data-height-mobile=\"150\" data-height-tab=\"150\" data-height-tab-portrait=\"\" data-height-mobile-landscape=\"\" style=\"clear:both;display:block;\"><\/div>[vc_custom_heading text=\u00bbUn d\u00eda parisino comienza<br \/>\ncon un desayuno<br \/>\no un desayuno expr\u00e9s,<br \/>\nsiempre con elegancia\u00bb font_container=\u00bbtag:h2|font_size:24px|text_align:left|color:%2385754e|line_height:30px\u00bb use_theme_fonts=\u00bbyes\u00bb]<div class=\"ult-spacer spacer-69df2a2ea078c\" data-id=\"69df2a2ea078c\" data-height=\"140\" data-height-mobile=\"140\" data-height-tab=\"140\" data-height-tab-portrait=\"\" data-height-mobile-landscape=\"\" style=\"clear:both;display:block;\"><\/div><\/div><div class=\"ult-space\"><\/div><\/div><\/div>[\/vc_column][vc_column width=\u00bb1\/2&#8243; css=\u00bb.vc_custom_1624895408622{padding-top: 0px !important;padding-right: 100px !important;padding-bottom: 100px !important;padding-left: 100px !important;}\u00bb offset=\u00bbvc_hidden-xs\u00bb]<div class=\"ult-spacer spacer-69df2a2ea07a7\" data-id=\"69df2a2ea07a7\" data-height=\"100\" data-height-mobile=\"100\" data-height-tab=\"100\" data-height-tab-portrait=\"\" data-height-mobile-landscape=\"\" style=\"clear:both;display:block;\"><\/div>[vc_custom_heading text=\u00bbEl <i>placer<\/i><br \/>\nde desayunar en el hotel\u00bb font_container=\u00bbtag:h1|text_align:left\u00bb use_theme_fonts=\u00bbyes\u00bb][vc_column_text css=\u00bb.vc_custom_1728994576178{margin-bottom: 10px !important;}\u00bb]<\/p>\n<h4><span style=\"color: #85754e;\">Nuestro hotel les ofrece la posibilidad de descubrir una selecci\u00f3n de tres desayunos:<\/span><\/h4>\n<p>&nbsp;<\/p>\n<h3>Desayuno buffet<\/h3>\n<p>Nuestro <strong>desayuno bufet<\/strong> tiene lugar en nuestra sala principal ba\u00f1ada de luz gracias a nuestra cristalera de estilo moderno.<\/p>\n<p>Se sirve cada d\u00eda de las 6h45 hasta las 10h30 y se compone de una gran variedad de panes y boller\u00eda de nuestro panadero as\u00ed como de una selecci\u00f3n de zumos de fruta (manzana y naranja), de quesos (emmental, cammenbert), de crema para untar, de yogurt natural y con frutas, de queso fresco, ensalada de frutas frescas, cereales (cornflakes, muesli, coco pops, special K), de una selecci\u00f3n de mermeladas y miel, de embutidos, de huevos cocidos o revueltos al natural o con beicon. Todo eso complementado por una bebida caliente a elegir (caf\u00e9, t\u00e9 o chocolate).<\/p>\n<p>Su precio es de 18\u20ac por persona y d\u00eda.<\/p>\n<p>&nbsp;<\/p>\n<h3>Desayuno continental<\/h3>\n<p>Nuestro <strong>desayuno continental<\/strong> se sirve cada d\u00eda en su habitaci\u00f3n de las 7h hasta las 11h y se compone de una bebida caliente a elegir (caf\u00e9, t\u00e9 o chocolate), de un zumo de frutas (manzana o naranja) de un yogurt natural o con frutas, de un panecillo, de un croissant y una boller\u00eda, de una porci\u00f3n de mermelada y una porci\u00f3n de miel.<\/p>\n<p>Su precio es de 16\u20ac por persona y d\u00eda.<\/p>\n<p>&nbsp;<\/p>\n<h3>Desayuno express<\/h3>\n<p>Nuestro <strong>desayuno express<\/strong> se sirve cada d\u00eda dentro de nuestra secunda sala de la planta baja de las 7h00 hasta las 10h30 y se compone de un panecillo, de 2 croissants, de una porci\u00f3n de mermelada y una porci\u00f3n de miel, de un zumo de frutas (manzana o naranja), y de una bebida caliente a elegir (caf\u00e9, t\u00e9 o chocolate).<\/p>\n<p>Su precio es de 9\u20ac por persona y d\u00eda.[\/vc_column_text]<div class=\"ult-spacer spacer-69df2a2ea07bc\" data-id=\"69df2a2ea07bc\" data-height=\"50\" data-height-mobile=\"50\" data-height-tab=\"50\" data-height-tab-portrait=\"\" data-height-mobile-landscape=\"\" style=\"clear:both;display:block;\"><\/div>[\/vc_column][\/vc_row][vc_row type=\u00bbvc_default\u00bb full_width=\u00bbstretch_row_content\u00bb equal_height=\u00bbyes\u00bb bg_type=\u00bbimage\u00bb parallax_style=\u00bbvcpb-default\u00bb bg_image_new=\u00bbid^201|url^https:\/\/atlantic-hotel-paris.com\/wp-content\/uploads\/2023\/12\/Sculpture-lobby-2500-5-20pct.jpg|caption^null|alt^null|title^Sculpture-lobby-2500-5-20pct|description^null\u00bb bg_image_repeat=\u00bbno-repeat\u00bb css=\u00bb.vc_custom_1701966354351{margin-bottom: 0px !important;padding-top: 10px !important;padding-right: 20px !important;padding-bottom: 0px !important;padding-left: 20px !important;background-color: #fdfcfc !important;}\u00bb][vc_column width=\u00bb1\/2&#8243; css=\u00bb.vc_custom_1715686250051{margin-top: 0px !important;margin-bottom: 0px !important;padding-top: 0px !important;padding-bottom: 100px !important;background-position: center !important;background-repeat: no-repeat !important;background-size: contain !important;}\u00bb offset=\u00bbvc_hidden-lg vc_hidden-md vc_hidden-sm\u00bb]<div class=\"ult_row_spacer\"><div class=\"ult-sticky-anchor\"><div class=\"ult-sticky-section ult-sticky \"  data-gutter= '50' data-stick_behaviour= 'stick_with_scroll_row'  data-sticky_position= 'top' data-mobile='no' data-support='no'><div class=\"ult-spacer spacer-69df2a2ea0809\" data-id=\"69df2a2ea0809\" data-height=\"150\" data-height-mobile=\"150\" data-height-tab=\"150\" data-height-tab-portrait=\"\" data-height-mobile-landscape=\"\" style=\"clear:both;display:block;\"><\/div>[vc_custom_heading text=\u00bbUn d\u00eda parisino comienza<br \/>\ncon un desayuno<br \/>\no un desayuno expr\u00e9s,<br \/>\nsiempre con elegancia\u00bb font_container=\u00bbtag:h2|font_size:24px|text_align:center|color:%2385754e|line_height:30px\u00bb use_theme_fonts=\u00bbyes\u00bb css=\u00bb\u00bb]<div class=\"ult-spacer spacer-69df2a2ea081a\" data-id=\"69df2a2ea081a\" data-height=\"140\" data-height-mobile=\"40\" data-height-tab=\"\" data-height-tab-portrait=\"\" data-height-mobile-landscape=\"\" style=\"clear:both;display:block;\"><\/div><\/div><div class=\"ult-space\"><\/div><\/div><\/div>[\/vc_column][vc_column width=\u00bb1\/2&#8243; css=\u00bb.vc_custom_1715686261581{padding-top: 0px !important;padding-bottom: 100px !important;}\u00bb offset=\u00bbvc_hidden-lg vc_hidden-md vc_hidden-sm\u00bb][vc_custom_heading text=\u00bbEl <i>placer<\/i><br \/>\nde desayunar en el hotel\u00bb font_container=\u00bbtag:h1|text_align:left\u00bb use_theme_fonts=\u00bbyes\u00bb][vc_column_text css=\u00bb.vc_custom_1701966618726{margin-bottom: 10px !important;}\u00bb]<\/p>\n<h4><span style=\"color: #85754e;\">Nuestro hotel les ofrece la posibilidad de descubrir una selecci\u00f3n de tres desayunos:<\/span><\/h4>\n<p>&nbsp;<\/p>\n<h3>Desayuno buffet<\/h3>\n<p>Nuestro <strong>desayuno bufet<\/strong> tiene lugar en nuestra sala principal ba\u00f1ada de luz gracias a nuestra cristalera de estilo moderno.<\/p>\n<p>Se sirve cada d\u00eda de las 6h45 hasta las 10h30 y se compone de una gran variedad de panes y boller\u00eda de nuestro panadero as\u00ed como de una selecci\u00f3n de zumos de fruta (manzana y naranja), de quesos (emmental, cammenbert), de crema para untar, de yogurt natural y con frutas, de queso fresco, ensalada de frutas frescas, cereales (cornflakes, muesli, coco pops, special K), de una selecci\u00f3n de mermeladas y miel, de embutidos, de huevos cocidos o revueltos al natural o con beicon. Todo eso complementado por una bebida caliente a elegir (caf\u00e9, t\u00e9 o chocolate).<\/p>\n<p>Su precio es de 18\u20ac por persona y d\u00eda.<\/p>\n<p>&nbsp;<\/p>\n<h3>Desayuno continental<\/h3>\n<p>Nuestro <strong>desayuno continental<\/strong> se sirve cada d\u00eda en su habitaci\u00f3n de las 7h hasta las 11h y se compone de una bebida caliente a elegir (caf\u00e9, t\u00e9 o chocolate), de un zumo de frutas (manzana o naranja) de un yogurt natural o con frutas, de un panecillo, de un croissant y una boller\u00eda, de una porci\u00f3n de mermelada y una porci\u00f3n de miel.<\/p>\n<p>Su precio es de 16\u20ac por persona y d\u00eda.<\/p>\n<p>&nbsp;<\/p>\n<h3>Desayuno express<\/h3>\n<p>Nuestro <strong>desayuno express<\/strong> se sirve cada d\u00eda dentro de nuestra secunda sala de la planta baja de las 6h45 hasta las 10h30 y se compone de un panecillo, de 2 croissants, de una porci\u00f3n de mermelada y una porci\u00f3n de miel, de un zumo de frutas (manzana o naranja), y de una bebida caliente a elegir (caf\u00e9, t\u00e9 o chocolate).<\/p>\n<p>Su precio es de 9\u20ac por persona y d\u00eda.[\/vc_column_text]<div class=\"ult-spacer spacer-69df2a2ea082e\" data-id=\"69df2a2ea082e\" data-height=\"50\" data-height-mobile=\"50\" data-height-tab=\"50\" data-height-tab-portrait=\"\" data-height-mobile-landscape=\"\" style=\"clear:both;display:block;\"><\/div>[\/vc_column][\/vc_row][vc_row type=\u00bbvc_default\u00bb full_width=\u00bbstretch_row_content_no_spaces\u00bb][vc_column css=\u00bb.vc_custom_1699527067217{padding-top: 0px !important;}\u00bb]<div class=\"sbvcgmap-map-wrapper\" style=\"width:100%;height:500px\"><div class=\"sbvcgmap-map\" zoom=\"14\" maptype=\"ROADMAP\" panoramatogglebutton=\"no\" pancontrol=\"yes\" pancontrol_position=\"TOP_LEFT\" zoomcontrol=\"yes\" zoomcontrol_position=\"TOP_LEFT\" zoomcontrolstyle=\"DEFAULT\" maptypecontrol=\"yes\" maptypecontrol_position=\"TOP_RIGHT\" streetviewcontrol=\"yes\" streetviewcontrol_position=\"TOP_LEFT\" overviewmapcontrol=\"yes\" overviewmapcontrolvisible=\"no\" maptypecontrolstyle=\"DEFAULT\" mapstyle=\"style-2\" weather=\"no\" traffic=\"no\" transit=\"no\" bicycle=\"no\" panoramio=\"no\" draggable=\"yes\" scrollwheel=\"no\" cplatitude=\"48.869939714222\" cplongitude=\"2.3249010268383\" scalecontrol=\"yes\" searchtype=\"disabled\" searchradius=\"500\" searchiconanimation=\"NONE\" searchdirectiontext=\"\" reloadonresize=\"no\" clustering=\"no\" style=\"width:100%;height:500px\"><div class=\"sbvcgmap-marker\" data-lat=\"48.878136859428\" data-lng=\"2.3263889978413\" infowindow=\"no\" animation=\"NONE\" customstyles=\"no\" ><\/p>\n<p style=\"text-align: center;\"><strong>Atlantic H\u00f4tel Paris<\/strong><br \/>\n44, rue de Londres<br \/>\n75008 Paris<\/p>\n<p><\/div><\/div><\/div>[\/vc_column][\/vc_row]<\/p>\n<\/div>","protected":false},"excerpt":{"rendered":"<p>[vc_row type=\u00bbvc_default\u00bb full_width=\u00bbstretch_row_content\u00bb equal_height=\u00bbyes\u00bb bg_type=\u00bbimage\u00bb parallax_style=\u00bbvcpb-default\u00bb bg_image_new=\u00bbid^201|url^https:\/\/atlantic-hotel-paris.com\/wp-content\/uploads\/2023\/12\/Sculpture-lobby-2500-5-20pct.jpg|caption^null|alt^null|title^Sculpture-lobby-2500-5-20pct|description^null\u00bb bg_image_repeat=\u00bbno-repeat\u00bb css=\u00bb.vc_custom_1701966354351{margin-bottom: 0px !important;padding-top: 10px !important;padding-right: 20px !important;padding-bottom: 0px !important;padding-left: 20px !important;background-color: #fdfcfc !important;}\u00bb][vc_column width=\u00bb1\/2&#8243; css=\u00bb.vc_custom_1699521099502{margin-top: 0px !important;margin-right: 50px !important;margin-bottom: 0px !important;padding-top: 0px !important;padding-right: 100px !important;padding-bottom: 100px !important;padding-left: 100px !important;background-position: center !important;background-repeat: no-repeat !important;background-size: contain !important;}\u00bb offset=\u00bbvc_hidden-xs\u00bb][\/vc_column][vc_column width=\u00bb1\/2&#8243; css=\u00bb.vc_custom_1624895408622{padding-top: 0px !important;padding-right: 100px !important;padding-bottom: 100px !important;padding-left: 100px !important;}\u00bb offset=\u00bbvc_hidden-xs\u00bb][vc_custom_heading&hellip;<\/p>\n","protected":false},"author":1,"featured_media":0,"parent":0,"menu_order":4,"comment_status":"closed","ping_status":"closed","template":"","meta":{"footnotes":""},"class_list":["post-719","page","type-page","status-publish","hentry","description-off"],"yoast_head":"<!-- This site is optimized with the Yoast SEO plugin v27.4 - https:\/\/yoast.com\/product\/yoast-seo-wordpress\/ -->\n<title>Atlantic H\u00f4tel Paris - Hotel de lujo 3* en Par\u00eds Op\u00e9ra Saint Lazare<\/title>\n<meta name=\"description\" content=\"Hotel contempor\u00e1neo en el distrito 8 de Par\u00eds, con especial atenci\u00f3n al confort, la decoraci\u00f3n y el desayuno buffet servido en un marco excepcional.\" \/>\n<meta name=\"robots\" content=\"index, follow, max-snippet:-1, max-image-preview:large, max-video-preview:-1\" \/>\n<link rel=\"canonical\" href=\"https:\/\/atlantic-hotel-paris.com\/es\/desayuno\/\" \/>\n<meta property=\"og:locale\" content=\"es_ES\" \/>\n<meta property=\"og:type\" content=\"article\" \/>\n<meta property=\"og:title\" content=\"Atlantic H\u00f4tel Paris - Hotel de lujo 3* en Par\u00eds Op\u00e9ra Saint Lazare\" \/>\n<meta property=\"og:description\" content=\"Hotel contempor\u00e1neo en el distrito 8 de Par\u00eds, con especial atenci\u00f3n al confort, la decoraci\u00f3n y el desayuno buffet servido en un marco excepcional.\" \/>\n<meta property=\"og:url\" content=\"https:\/\/atlantic-hotel-paris.com\/es\/desayuno\/\" \/>\n<meta property=\"og:site_name\" content=\"Atlantic H\u00f4tel Paris - H\u00f4tel Op\u00e9ra Saint Lazare Paris 8\" \/>\n<meta property=\"article:modified_time\" content=\"2024-10-15T12:16:18+00:00\" \/>\n<meta name=\"twitter:card\" content=\"summary_large_image\" \/>\n<meta name=\"twitter:label1\" content=\"Tiempo de lectura\" \/>\n\t<meta name=\"twitter:data1\" content=\"4 minutos\" \/>\n<script type=\"application\/ld+json\" class=\"yoast-schema-graph\">{\"@context\":\"https:\\\/\\\/schema.org\",\"@graph\":[{\"@type\":\"WebPage\",\"@id\":\"https:\\\/\\\/atlantic-hotel-paris.com\\\/es\\\/desayuno\\\/\",\"url\":\"https:\\\/\\\/atlantic-hotel-paris.com\\\/es\\\/desayuno\\\/\",\"name\":\"Atlantic H\u00f4tel Paris - Hotel de lujo 3* en Par\u00eds Op\u00e9ra Saint Lazare\",\"isPartOf\":{\"@id\":\"https:\\\/\\\/atlantic-hotel-paris.com\\\/#website\"},\"datePublished\":\"2023-12-07T16:11:29+00:00\",\"dateModified\":\"2024-10-15T12:16:18+00:00\",\"description\":\"Hotel contempor\u00e1neo en el distrito 8 de Par\u00eds, con especial atenci\u00f3n al confort, la decoraci\u00f3n y el desayuno buffet servido en un marco excepcional.\",\"breadcrumb\":{\"@id\":\"https:\\\/\\\/atlantic-hotel-paris.com\\\/es\\\/desayuno\\\/#breadcrumb\"},\"inLanguage\":\"es\",\"potentialAction\":[{\"@type\":\"ReadAction\",\"target\":[\"https:\\\/\\\/atlantic-hotel-paris.com\\\/es\\\/desayuno\\\/\"]}]},{\"@type\":\"BreadcrumbList\",\"@id\":\"https:\\\/\\\/atlantic-hotel-paris.com\\\/es\\\/desayuno\\\/#breadcrumb\",\"itemListElement\":[{\"@type\":\"ListItem\",\"position\":1,\"name\":\"Accueil\",\"item\":\"https:\\\/\\\/atlantic-hotel-paris.com\\\/es\\\/\"},{\"@type\":\"ListItem\",\"position\":2,\"name\":\"Desayuno\"}]},{\"@type\":\"WebSite\",\"@id\":\"https:\\\/\\\/atlantic-hotel-paris.com\\\/#website\",\"url\":\"https:\\\/\\\/atlantic-hotel-paris.com\\\/\",\"name\":\"Atlantic H\u00f4tel Paris - H\u00f4tel Op\u00e9ra Saint Lazare Paris 8\",\"description\":\"Un site d\u00e9velopp\u00e9 par PMT HOTELS\",\"potentialAction\":[{\"@type\":\"SearchAction\",\"target\":{\"@type\":\"EntryPoint\",\"urlTemplate\":\"https:\\\/\\\/atlantic-hotel-paris.com\\\/?s={search_term_string}\"},\"query-input\":{\"@type\":\"PropertyValueSpecification\",\"valueRequired\":true,\"valueName\":\"search_term_string\"}}],\"inLanguage\":\"es\"}]}<\/script>\n<!-- \/ Yoast SEO plugin. -->","yoast_head_json":{"title":"Atlantic H\u00f4tel Paris - Hotel de lujo 3* en Par\u00eds Op\u00e9ra Saint Lazare","description":"Hotel contempor\u00e1neo en el distrito 8 de Par\u00eds, con especial atenci\u00f3n al confort, la decoraci\u00f3n y el desayuno buffet servido en un marco excepcional.","robots":{"index":"index","follow":"follow","max-snippet":"max-snippet:-1","max-image-preview":"max-image-preview:large","max-video-preview":"max-video-preview:-1"},"canonical":"https:\/\/atlantic-hotel-paris.com\/es\/desayuno\/","og_locale":"es_ES","og_type":"article","og_title":"Atlantic H\u00f4tel Paris - Hotel de lujo 3* en Par\u00eds Op\u00e9ra Saint Lazare","og_description":"Hotel contempor\u00e1neo en el distrito 8 de Par\u00eds, con especial atenci\u00f3n al confort, la decoraci\u00f3n y el desayuno buffet servido en un marco excepcional.","og_url":"https:\/\/atlantic-hotel-paris.com\/es\/desayuno\/","og_site_name":"Atlantic H\u00f4tel Paris - H\u00f4tel Op\u00e9ra Saint Lazare Paris 8","article_modified_time":"2024-10-15T12:16:18+00:00","twitter_card":"summary_large_image","twitter_misc":{"Tiempo de lectura":"4 minutos"},"schema":{"@context":"https:\/\/schema.org","@graph":[{"@type":"WebPage","@id":"https:\/\/atlantic-hotel-paris.com\/es\/desayuno\/","url":"https:\/\/atlantic-hotel-paris.com\/es\/desayuno\/","name":"Atlantic H\u00f4tel Paris - Hotel de lujo 3* en Par\u00eds Op\u00e9ra Saint Lazare","isPartOf":{"@id":"https:\/\/atlantic-hotel-paris.com\/#website"},"datePublished":"2023-12-07T16:11:29+00:00","dateModified":"2024-10-15T12:16:18+00:00","description":"Hotel contempor\u00e1neo en el distrito 8 de Par\u00eds, con especial atenci\u00f3n al confort, la decoraci\u00f3n y el desayuno buffet servido en un marco excepcional.","breadcrumb":{"@id":"https:\/\/atlantic-hotel-paris.com\/es\/desayuno\/#breadcrumb"},"inLanguage":"es","potentialAction":[{"@type":"ReadAction","target":["https:\/\/atlantic-hotel-paris.com\/es\/desayuno\/"]}]},{"@type":"BreadcrumbList","@id":"https:\/\/atlantic-hotel-paris.com\/es\/desayuno\/#breadcrumb","itemListElement":[{"@type":"ListItem","position":1,"name":"Accueil","item":"https:\/\/atlantic-hotel-paris.com\/es\/"},{"@type":"ListItem","position":2,"name":"Desayuno"}]},{"@type":"WebSite","@id":"https:\/\/atlantic-hotel-paris.com\/#website","url":"https:\/\/atlantic-hotel-paris.com\/","name":"Atlantic H\u00f4tel Paris - H\u00f4tel Op\u00e9ra Saint Lazare Paris 8","description":"Un site d\u00e9velopp\u00e9 par PMT HOTELS","potentialAction":[{"@type":"SearchAction","target":{"@type":"EntryPoint","urlTemplate":"https:\/\/atlantic-hotel-paris.com\/?s={search_term_string}"},"query-input":{"@type":"PropertyValueSpecification","valueRequired":true,"valueName":"search_term_string"}}],"inLanguage":"es"}]}},"_links":{"self":[{"href":"https:\/\/atlantic-hotel-paris.com\/es\/wp-json\/wp\/v2\/pages\/719","targetHints":{"allow":["GET"]}}],"collection":[{"href":"https:\/\/atlantic-hotel-paris.com\/es\/wp-json\/wp\/v2\/pages"}],"about":[{"href":"https:\/\/atlantic-hotel-paris.com\/es\/wp-json\/wp\/v2\/types\/page"}],"author":[{"embeddable":true,"href":"https:\/\/atlantic-hotel-paris.com\/es\/wp-json\/wp\/v2\/users\/1"}],"replies":[{"embeddable":true,"href":"https:\/\/atlantic-hotel-paris.com\/es\/wp-json\/wp\/v2\/comments?post=719"}],"version-history":[{"count":6,"href":"https:\/\/atlantic-hotel-paris.com\/es\/wp-json\/wp\/v2\/pages\/719\/revisions"}],"predecessor-version":[{"id":973,"href":"https:\/\/atlantic-hotel-paris.com\/es\/wp-json\/wp\/v2\/pages\/719\/revisions\/973"}],"wp:attachment":[{"href":"https:\/\/atlantic-hotel-paris.com\/es\/wp-json\/wp\/v2\/media?parent=719"}],"curies":[{"name":"wp","href":"https:\/\/api.w.org\/{rel}","templated":true}]}}