{"id":726,"date":"2024-01-22T14:34:29","date_gmt":"2024-01-22T13:34:29","guid":{"rendered":"https:\/\/atlantic-hotel-paris.com\/contacto-y-localizacion\/"},"modified":"2025-10-16T23:16:34","modified_gmt":"2025-10-16T21:16:34","slug":"contacto-y-localizacion","status":"publish","type":"page","link":"https:\/\/atlantic-hotel-paris.com\/es\/contacto-y-localizacion\/","title":{"rendered":"Contacto y localizaci\u00f3n"},"content":{"rendered":"<div class=\"wpb-content-wrapper\"><p>[vc_row][vc_column]<div class=\"ult-spacer spacer-69d23131a8a47\" data-id=\"69d23131a8a47\" data-height=\"100\" data-height-mobile=\"100\" data-height-tab=\"100\" data-height-tab-portrait=\"\" data-height-mobile-landscape=\"\" style=\"clear:both;display:block;\"><\/div>[vc_row_inner][vc_column_inner width=\u00bb1\/6&#8243;][\/vc_column_inner][vc_column_inner width=\u00bb2\/3&#8243;][vc_column_text css=\u00bb\u00bb]<\/p>\n<h3 style=\"text-align: center;\">Si reservan su habitaci\u00f3n con nuestro sitio internet o por tel\u00e9fono,<br \/>\naprovechar\u00e1n de una tarifa horaria ventajosa en los siguientes aparcamientos aconsejados:<\/h3>\n<p>&nbsp;<\/p>\n<p style=\"text-align: center;\"><strong>40% en el Parking EFFIA St-Lazare<\/strong><br \/>\n(2 minutos a pie)<br \/>\n29, rue de Londres \u2013 75009 Paris<\/p>\n<p>&nbsp;<\/p>\n<p style=\"text-align: center;\"><strong>15% en el Parking EFFIA Batignolles<\/strong><br \/>\n(8 minutos a pie)<br \/>\n43, boulevard des Batignolles \u2013 75008 Paris<\/p>\n<p>&nbsp;<\/p>\n<h4 style=\"text-align: center;\">Para beneficiarse de esta oferta, solo deber\u00e1 hacer clic en el enlace indicado en su confirmaci\u00f3n para reservar y pagar, ingresando el c\u00f3digo de descuento que aparece en la p\u00e1gina.<\/h4>\n<p>[\/vc_column_text]<div class=\"ult-spacer spacer-69d23131a8a7d\" data-id=\"69d23131a8a7d\" data-height=\"40\" data-height-mobile=\"40\" data-height-tab=\"40\" data-height-tab-portrait=\"\" data-height-mobile-landscape=\"\" style=\"clear:both;display:block;\"><\/div>[vc_column_text css=\u00bb\u00bb]<\/p>\n<h3 style=\"text-align: center;\">Con el metro, 4 estaciones a 4 minutos<\/h3>\n<p>&nbsp;<\/p>\n<p style=\"text-align: center;\"><strong>St-Lazare<\/strong>: L\u00edneas 3, 12, 13 et 14<\/p>\n<p style=\"text-align: center;\"><strong>Haussmann-St-Lazare:<\/strong> RER E (aeropuerto CDG)<\/p>\n<p style=\"text-align: center;\"><strong>Li\u00e8ge<\/strong>: L\u00ednea 13<\/p>\n<p style=\"text-align: center;\"><strong>Europe<\/strong>: L\u00ednea 3<\/p>\n<p>[\/vc_column_text]<div class=\"ult-spacer spacer-69d23131a8a97\" data-id=\"69d23131a8a97\" data-height=\"60\" data-height-mobile=\"60\" data-height-tab=\"60\" data-height-tab-portrait=\"\" data-height-mobile-landscape=\"\" style=\"clear:both;display:block;\"><\/div>[vc_column_text]<\/p>\n<h3 style=\"text-align: center;\">Todo el equipo del hotel Atlantic Paris est\u00e1 a su servicio para organizar su viaje y hacer que su estancia sea inolvidable.<\/h3>\n<p>[\/vc_column_text][\/vc_column_inner][vc_column_inner width=\u00bb1\/6&#8243;][\/vc_column_inner][\/vc_row_inner]<div class=\"ult-spacer spacer-69d23131a8aaa\" data-id=\"69d23131a8aaa\" data-height=\"100\" data-height-mobile=\"100\" data-height-tab=\"100\" data-height-tab-portrait=\"\" data-height-mobile-landscape=\"\" style=\"clear:both;display:block;\"><\/div>[\/vc_column][\/vc_row][vc_row type=\u00bbvc_default\u00bb full_width=\u00bbstretch_row_content_no_spaces\u00bb][vc_column css=\u00bb.vc_custom_1699527067217{padding-top: 0px !important;}\u00bb]<div class=\"sbvcgmap-map-wrapper\" style=\"width:100%;height:500px\"><div class=\"sbvcgmap-map\" zoom=\"14\" maptype=\"ROADMAP\" panoramatogglebutton=\"no\" pancontrol=\"yes\" pancontrol_position=\"TOP_LEFT\" zoomcontrol=\"yes\" zoomcontrol_position=\"TOP_LEFT\" zoomcontrolstyle=\"DEFAULT\" maptypecontrol=\"yes\" maptypecontrol_position=\"TOP_RIGHT\" streetviewcontrol=\"yes\" streetviewcontrol_position=\"TOP_LEFT\" overviewmapcontrol=\"yes\" overviewmapcontrolvisible=\"no\" maptypecontrolstyle=\"DEFAULT\" mapstyle=\"style-2\" weather=\"no\" traffic=\"no\" transit=\"no\" bicycle=\"no\" panoramio=\"no\" draggable=\"yes\" scrollwheel=\"no\" cplatitude=\"48.869939714222\" cplongitude=\"2.3249010268383\" scalecontrol=\"yes\" searchtype=\"disabled\" searchradius=\"500\" searchiconanimation=\"NONE\" searchdirectiontext=\"\" reloadonresize=\"no\" clustering=\"no\" style=\"width:100%;height:500px\"><div class=\"sbvcgmap-marker\" data-lat=\"48.878136859428\" data-lng=\"2.3263889978413\" infowindow=\"no\" animation=\"NONE\" customstyles=\"no\" ><\/p>\n<p style=\"text-align: center;\"><strong>Atlantic H\u00f4tel Paris<\/strong><br \/>\n44, rue de Londres<br \/>\n75008 Paris<\/p>\n<p><\/div><\/div><\/div>[\/vc_column][\/vc_row]<\/p>\n<\/div>","protected":false},"excerpt":{"rendered":"<p>[vc_row][vc_column][vc_row_inner][vc_column_inner width=\u00bb1\/6&#8243;][\/vc_column_inner][vc_column_inner width=\u00bb2\/3&#8243;][vc_column_text css=\u00bb\u00bb] Si reservan su habitaci\u00f3n con nuestro sitio internet o por tel\u00e9fono, aprovechar\u00e1n de una tarifa horaria ventajosa en los siguientes aparcamientos aconsejados: &nbsp; 40% en el Parking EFFIA St-Lazare (2 minutos a pie) 29, rue de Londres \u2013 75009 Paris &nbsp; 15% en el Parking EFFIA Batignolles (8 minutos a pie)&hellip;<\/p>\n","protected":false},"author":1,"featured_media":0,"parent":0,"menu_order":6,"comment_status":"closed","ping_status":"closed","template":"","meta":{"footnotes":""},"class_list":["post-726","page","type-page","status-publish","hentry","description-off"],"yoast_head":"<!-- This site is optimized with the Yoast SEO plugin v27.3 - https:\/\/yoast.com\/product\/yoast-seo-wordpress\/ -->\n<title>Contacto y localizaci\u00f3n - Atlantic H\u00f4tel Paris - H\u00f4tel Op\u00e9ra Saint Lazare Paris 8<\/title>\n<meta name=\"description\" content=\"Hotel 3 stelle a Parigi con comfort di lusso vicino al quartiere degli affari e alle principali attrazioni turistiche di Parigi. Telefono: +33 1 43 87 45 40\" \/>\n<meta name=\"robots\" content=\"index, follow, max-snippet:-1, max-image-preview:large, max-video-preview:-1\" \/>\n<link rel=\"canonical\" href=\"https:\/\/atlantic-hotel-paris.com\/es\/contacto-y-localizacion\/\" \/>\n<meta property=\"og:locale\" content=\"es_ES\" \/>\n<meta property=\"og:type\" content=\"article\" \/>\n<meta property=\"og:title\" content=\"Contacto y localizaci\u00f3n - Atlantic H\u00f4tel Paris - H\u00f4tel Op\u00e9ra Saint Lazare Paris 8\" \/>\n<meta property=\"og:description\" content=\"Hotel 3 stelle a Parigi con comfort di lusso vicino al quartiere degli affari e alle principali attrazioni turistiche di Parigi. Telefono: +33 1 43 87 45 40\" \/>\n<meta property=\"og:url\" content=\"https:\/\/atlantic-hotel-paris.com\/es\/contacto-y-localizacion\/\" \/>\n<meta property=\"og:site_name\" content=\"Atlantic H\u00f4tel Paris - H\u00f4tel Op\u00e9ra Saint Lazare Paris 8\" \/>\n<meta property=\"article:modified_time\" content=\"2025-10-16T21:16:34+00:00\" \/>\n<meta name=\"twitter:card\" content=\"summary_large_image\" \/>\n<meta name=\"twitter:label1\" content=\"Tiempo de lectura\" \/>\n\t<meta name=\"twitter:data1\" content=\"1 minuto\" \/>\n<script type=\"application\/ld+json\" class=\"yoast-schema-graph\">{\"@context\":\"https:\\\/\\\/schema.org\",\"@graph\":[{\"@type\":\"WebPage\",\"@id\":\"https:\\\/\\\/atlantic-hotel-paris.com\\\/es\\\/contacto-y-localizacion\\\/\",\"url\":\"https:\\\/\\\/atlantic-hotel-paris.com\\\/es\\\/contacto-y-localizacion\\\/\",\"name\":\"Contacto y localizaci\u00f3n - Atlantic H\u00f4tel Paris - H\u00f4tel Op\u00e9ra Saint Lazare Paris 8\",\"isPartOf\":{\"@id\":\"https:\\\/\\\/atlantic-hotel-paris.com\\\/#website\"},\"datePublished\":\"2024-01-22T13:34:29+00:00\",\"dateModified\":\"2025-10-16T21:16:34+00:00\",\"description\":\"Hotel 3 stelle a Parigi con comfort di lusso vicino al quartiere degli affari e alle principali attrazioni turistiche di Parigi. Telefono: +33 1 43 87 45 40\",\"breadcrumb\":{\"@id\":\"https:\\\/\\\/atlantic-hotel-paris.com\\\/es\\\/contacto-y-localizacion\\\/#breadcrumb\"},\"inLanguage\":\"es\",\"potentialAction\":[{\"@type\":\"ReadAction\",\"target\":[\"https:\\\/\\\/atlantic-hotel-paris.com\\\/es\\\/contacto-y-localizacion\\\/\"]}]},{\"@type\":\"BreadcrumbList\",\"@id\":\"https:\\\/\\\/atlantic-hotel-paris.com\\\/es\\\/contacto-y-localizacion\\\/#breadcrumb\",\"itemListElement\":[{\"@type\":\"ListItem\",\"position\":1,\"name\":\"Accueil\",\"item\":\"https:\\\/\\\/atlantic-hotel-paris.com\\\/es\\\/\"},{\"@type\":\"ListItem\",\"position\":2,\"name\":\"Contacto y localizaci\u00f3n\"}]},{\"@type\":\"WebSite\",\"@id\":\"https:\\\/\\\/atlantic-hotel-paris.com\\\/#website\",\"url\":\"https:\\\/\\\/atlantic-hotel-paris.com\\\/\",\"name\":\"Atlantic H\u00f4tel Paris - H\u00f4tel Op\u00e9ra Saint Lazare Paris 8\",\"description\":\"Un site d\u00e9velopp\u00e9 par PMT HOTELS\",\"potentialAction\":[{\"@type\":\"SearchAction\",\"target\":{\"@type\":\"EntryPoint\",\"urlTemplate\":\"https:\\\/\\\/atlantic-hotel-paris.com\\\/?s={search_term_string}\"},\"query-input\":{\"@type\":\"PropertyValueSpecification\",\"valueRequired\":true,\"valueName\":\"search_term_string\"}}],\"inLanguage\":\"es\"}]}<\/script>\n<!-- \/ Yoast SEO plugin. -->","yoast_head_json":{"title":"Contacto y localizaci\u00f3n - Atlantic H\u00f4tel Paris - H\u00f4tel Op\u00e9ra Saint Lazare Paris 8","description":"Hotel 3 stelle a Parigi con comfort di lusso vicino al quartiere degli affari e alle principali attrazioni turistiche di Parigi. Telefono: +33 1 43 87 45 40","robots":{"index":"index","follow":"follow","max-snippet":"max-snippet:-1","max-image-preview":"max-image-preview:large","max-video-preview":"max-video-preview:-1"},"canonical":"https:\/\/atlantic-hotel-paris.com\/es\/contacto-y-localizacion\/","og_locale":"es_ES","og_type":"article","og_title":"Contacto y localizaci\u00f3n - Atlantic H\u00f4tel Paris - H\u00f4tel Op\u00e9ra Saint Lazare Paris 8","og_description":"Hotel 3 stelle a Parigi con comfort di lusso vicino al quartiere degli affari e alle principali attrazioni turistiche di Parigi. Telefono: +33 1 43 87 45 40","og_url":"https:\/\/atlantic-hotel-paris.com\/es\/contacto-y-localizacion\/","og_site_name":"Atlantic H\u00f4tel Paris - H\u00f4tel Op\u00e9ra Saint Lazare Paris 8","article_modified_time":"2025-10-16T21:16:34+00:00","twitter_card":"summary_large_image","twitter_misc":{"Tiempo de lectura":"1 minuto"},"schema":{"@context":"https:\/\/schema.org","@graph":[{"@type":"WebPage","@id":"https:\/\/atlantic-hotel-paris.com\/es\/contacto-y-localizacion\/","url":"https:\/\/atlantic-hotel-paris.com\/es\/contacto-y-localizacion\/","name":"Contacto y localizaci\u00f3n - Atlantic H\u00f4tel Paris - H\u00f4tel Op\u00e9ra Saint Lazare Paris 8","isPartOf":{"@id":"https:\/\/atlantic-hotel-paris.com\/#website"},"datePublished":"2024-01-22T13:34:29+00:00","dateModified":"2025-10-16T21:16:34+00:00","description":"Hotel 3 stelle a Parigi con comfort di lusso vicino al quartiere degli affari e alle principali attrazioni turistiche di Parigi. Telefono: +33 1 43 87 45 40","breadcrumb":{"@id":"https:\/\/atlantic-hotel-paris.com\/es\/contacto-y-localizacion\/#breadcrumb"},"inLanguage":"es","potentialAction":[{"@type":"ReadAction","target":["https:\/\/atlantic-hotel-paris.com\/es\/contacto-y-localizacion\/"]}]},{"@type":"BreadcrumbList","@id":"https:\/\/atlantic-hotel-paris.com\/es\/contacto-y-localizacion\/#breadcrumb","itemListElement":[{"@type":"ListItem","position":1,"name":"Accueil","item":"https:\/\/atlantic-hotel-paris.com\/es\/"},{"@type":"ListItem","position":2,"name":"Contacto y localizaci\u00f3n"}]},{"@type":"WebSite","@id":"https:\/\/atlantic-hotel-paris.com\/#website","url":"https:\/\/atlantic-hotel-paris.com\/","name":"Atlantic H\u00f4tel Paris - H\u00f4tel Op\u00e9ra Saint Lazare Paris 8","description":"Un site d\u00e9velopp\u00e9 par PMT HOTELS","potentialAction":[{"@type":"SearchAction","target":{"@type":"EntryPoint","urlTemplate":"https:\/\/atlantic-hotel-paris.com\/?s={search_term_string}"},"query-input":{"@type":"PropertyValueSpecification","valueRequired":true,"valueName":"search_term_string"}}],"inLanguage":"es"}]}},"_links":{"self":[{"href":"https:\/\/atlantic-hotel-paris.com\/es\/wp-json\/wp\/v2\/pages\/726","targetHints":{"allow":["GET"]}}],"collection":[{"href":"https:\/\/atlantic-hotel-paris.com\/es\/wp-json\/wp\/v2\/pages"}],"about":[{"href":"https:\/\/atlantic-hotel-paris.com\/es\/wp-json\/wp\/v2\/types\/page"}],"author":[{"embeddable":true,"href":"https:\/\/atlantic-hotel-paris.com\/es\/wp-json\/wp\/v2\/users\/1"}],"replies":[{"embeddable":true,"href":"https:\/\/atlantic-hotel-paris.com\/es\/wp-json\/wp\/v2\/comments?post=726"}],"version-history":[{"count":6,"href":"https:\/\/atlantic-hotel-paris.com\/es\/wp-json\/wp\/v2\/pages\/726\/revisions"}],"predecessor-version":[{"id":1117,"href":"https:\/\/atlantic-hotel-paris.com\/es\/wp-json\/wp\/v2\/pages\/726\/revisions\/1117"}],"wp:attachment":[{"href":"https:\/\/atlantic-hotel-paris.com\/es\/wp-json\/wp\/v2\/media?parent=726"}],"curies":[{"name":"wp","href":"https:\/\/api.w.org\/{rel}","templated":true}]}}