{"id":685,"date":"2023-12-07T16:03:06","date_gmt":"2023-12-07T15:03:06","guid":{"rendered":"https:\/\/atlantic-hotel-paris.com\/prenota-il-vostro-hotel-a-parigi\/"},"modified":"2025-10-20T11:44:56","modified_gmt":"2025-10-20T09:44:56","slug":"prenota-il-vostro-hotel-a-parigi","status":"publish","type":"page","link":"https:\/\/atlantic-hotel-paris.com\/it\/prenota-il-vostro-hotel-a-parigi\/","title":{"rendered":"Prenotate il vostro hotel a Parigi"},"content":{"rendered":"<div class=\"wpb-content-wrapper\"><p>[vc_row type=&#8221;vc_default&#8221; full_width=&#8221;stretch_row&#8221; margin_top=&#8221;-50px&#8221; full_width_row=&#8221;true&#8221; bg_type=&#8221;image&#8221; parallax_style=&#8221;vcpb-default&#8221;][vc_column]<div class=\"ult-spacer spacer-69f27cb4cc064\" data-id=\"69f27cb4cc064\" data-height=\"50\" data-height-mobile=\"50\" data-height-tab=\"50\" data-height-tab-portrait=\"\" data-height-mobile-landscape=\"\" style=\"clear:both;display:block;\"><\/div>[vc_raw_html css=&#8221;&#8221;]JTNDZGl2JTIwaWQlM0QlMjJmYi13aWRnZXQtMSUyMiUyMGNsYXNzJTNEJTIyZmItd2lkZ2V0JTIyJTIwZGF0YS1mYkNvbmZpZyUzRCUyMjAlMjIlM0UlM0MlMkZkaXYlM0UlMEElM0NzY3JpcHQlMjBjbGFzcyUzRCUyMmZiLXdpZGdldC1jb25maWclMjIlMjBkYXRhLWZiQ29uZmlnJTNEJTIyMCUyMiUyMHR5cGUlM0QlMjJhcHBsaWNhdGlvbiUyRmpzb24lMjIlM0UlMEElN0IlMEElMjJwYXJhbXMlMjIlM0ElMjAlNUIlMEElN0IlMEElMjJjYWxlbmRhciUyMiUzQSUyMCU3QiUwQSUyMmZpcnN0RGF5T2ZXZWVrJTIyJTNBJTIwMSUyQyUwQSUyMm5iTW9udGhzMmRpc3BsYXklMjIlM0ElMjAyJTJDJTBBJTIydGl0bGUlMjIlM0ElMjAlMjIlMjIlMEElMkMlMEElMjJzaG93QmVzdFByaWNlJTIyJTNBJTIwdHJ1ZSUyQyUwQSUyMnNob3dMYXN0Um9vbSUyMiUzQSUyMHRydWUlMkMlMEElMjJzaG93TGFzdFJvb21UaHJlc2hvbGQlMjIlM0ElMjAxJTJDJTBBJTIyc2hvd01pblN0YXlEZXBhcnR1cmVEYXRlcyUyMiUzQXRydWUlMkMlMEElMjJoaWRlQ29udHJvbHMlMjIlM0FmYWxzZSUyQyUwQSUyMnNob3dDaGlsZHJlbkFnZXMlMjIlM0ElMjBmYWxzZSUyQyUwQSUyMnRoZW1lRGFyayUyMiUzQSUyMGZhbHNlJTJDJTBBJTIybGF5b3V0TnVtJTIyJTNBJTIwMSUyQyUwQSUyMnJvb21SYXRlRmlsdGVyaW5nJTIyJTNBJTIwMCUyQyUwQSUyMnJhdGVGaWx0ZXIlMjIlM0ElMjAlNUIlNUQlMkMlMEElMjJyb29tRmlsdGVyJTIyJTNBJTIwJTVCJTVEJTJDJTBBJTIydXNlTG95YWx0eSUyMiUzQSUyMGZhbHNlJTJDJTBBJTIybG95YWx0eSUyMiUzQSUyMCUyMiUyMiUyQyUwQSUyMmxveWFsdHlQYXJhbXMlMjIlM0ElMjAlN0IlN0QlMkMlMEElMjJ1c2VSZWRpcmVjdFVybEZyb21BcGklMjIlMjAlM0ElMjB0cnVlJTJDJTBBJTIyZGF5c0xvb2tBaGVhZCUyMiUyMCUzQSUyMDM2NSUwQSU3RCUyQyUwQSUyMmN1cnJlbmN5JTIyJTNBJTIwJTIyRVVSJTIyJTJDJTBBJTIybG9jYWxlJTIyJTNBJTIwJTIyaXRfSVQlMjIlMkMlMEElMjJtYXhBZHVsdHMlMjIlM0ElMjAxMCUyQyUwQSUyMm1heENoaWxkcmVuJTIyJTNBJTIwMiUyQyUwQSUyMm1haW5Db2xvciUyMiUzQSUyMCUyMiUyM2IwYTA2YyUyMiUyQyUwQSUyMnRoZW1lRGFyayUyMiUzQSUyMGZhbHNlJTJDJTBBJTIyb3BlbkZyb250SW5OZXdUYWIlMjIlM0ElMjB0cnVlJTJDJTBBJTIycHJvcGVydHklMjIlM0ElMjAlMjJKSE5GLTMwNjA1JTIyJTJDJTBBJTIydGl0bGUlMjIlM0ElMjAlMjJBdGxhbnRpYyUyMEhvdGVsJTIwUGFyaXMlMjIlMkMlMEElMjJjaGlsZHJlbk1heEFnZSUyMiUzQSUyMDEyJTJDJTBBJTIyZmJXaWRnZXQlMjIlM0ElMjAlMjJDYWxlbmRhciUyMiUwQSU3RCUwQSU1RCUyQyUwQSUyMmNvbW1vblBhcmFtcyUyMiUzQSUyMCU3QiUwQSUyMnJlZGlyZWN0VXJsJTIyJTNBJTIwJTIyaHR0cHMlM0ElMkYlMkZ3d3cuc2VjdXJlLWhvdGVsLWJvb2tpbmcuY29tJTIyJTJDJTBBJTIyc2hvd1Byb3BlcnRpZXNMaXN0JTIyJTNBJTIwdHJ1ZSUyQyUwQSUyMmRlbW9Nb2RlJTIyJTNBJTIwZmFsc2UlMkMlMEElMjJmcm9udFVybCUyMiUzQSUyMCUyMmh0dHBzJTNBJTJGJTJGd3d3LnNlY3VyZS1ob3RlbC1ib29raW5nLmNvbSUyMiUwQSU3RCUyQyUwQSUyMl9hdXRoQ29kZSUyMiUzQSUyMmV5SmhiR2NpT2lKSVV6VXhNaUlzSW5SNWNDSTZJa3BYVkNKOS5leUppYjI5cmFXNW5SVzVuYVc1bFVtVm1aWEpsYm1ObElqb2lTa2hPUmlJc0ltaHZkR1ZzU1dRaU9pSXpNRFl3TlNJc0ltZHliM1Z3U1dRaU9pSXhPRE0yTXlJc0luSmxabVZ5Wlc1alpWSmhkR1ZEYjJSbElqb2lRbFZTSWl3aVpHbHpjR3hoZVU1aGJXVWlPaUpCZEd4aGJuUnBZeTFJYjNSbGJDMVFZWEpwY3lJc0ltNWlaaUk2TVRjek9ESTBNVE0yT1N3aVpYaHdJam95TlRNME1ESXpNREE0TURBc0ltbGhkQ0k2TVRjek9ESTBNVE0yT1N3aWFYTnpJam9pUVhaaGFXeHdjbThnUVZCSklFMWhibUZuWlhJaUxDSmhkV1FpT2lKa0xXVmtaMlVpZlEuTk1xQlFmOHdXWmJaTWtZUDhfZXZkMEtNOVJ2YWFQWXFnaU9MaFZjX0FZRFZTUGpfVFI5SDFKdldseV8tX3A5YzJLbVFKQ2NERnh1V2p5TGtQNi1hQ1ElMjIlMkMlMEElMjJwcm9wZXJ0eUluZGV4JTIyJTNBJTIwMCUyQyUwQSUyMnZlcnNpb24lMjIlM0ElMjAlMjIxLjM1LjAlMjIlMkMlMEElMjJiYXNlSG9zdCUyMiUzQSUyMCUyMmh0dHBzJTNBJTJGJTJGd2Vic2RrLmQtZWRnZS5jb20lMjIlMEElN0QlMEElM0MlMkZzY3JpcHQlM0UlMEElM0NsaW5rJTIwcmVsJTNEJTIyc3R5bGVzaGVldCUyMiUyMHByb3BlcnR5JTNEJTIyc3R5bGVzaGVldCUyMiUyMGhyZWYlM0QlMjJodHRwcyUzQSUyRiUyRndlYnNkay5kLWVkZ2UuY29tJTJGd2lkZ2V0cyUyRmFwcC5jc3MlMjIlM0UlMEElM0NzY3JpcHQlMjB0eXBlJTNEJTIydGV4dCUyRmphdmFzY3JpcHQlMjIlMjBzcmMlM0QlMjJodHRwcyUzQSUyRiUyRndlYnNkay5kLWVkZ2UuY29tJTJGd2lkZ2V0cyUyRmFwcC5qcyUyMiUzRSUzQyUyRnNjcmlwdCUzRQ==[\/vc_raw_html][\/vc_column][\/vc_row][vc_row type=&#8221;vc_default&#8221; full_width=&#8221;stretch_row_content&#8221; css=&#8221;.vc_custom_1706607515934{background: #d8d8d8 url(https:\/\/atlantic-hotel-paris.com\/wp-content\/uploads\/2023\/12\/Sculpture-lobby-2500-5-20pct.jpg?id=201) !important;background-position: center !important;background-repeat: no-repeat !important;background-size: cover !important;}&#8221;][vc_column]<div class=\"ult-spacer spacer-69f27cb4cc099\" data-id=\"69f27cb4cc099\" data-height=\"50\" data-height-mobile=\"50\" data-height-tab=\"50\" data-height-tab-portrait=\"\" data-height-mobile-landscape=\"\" style=\"clear:both;display:block;\"><\/div>[vc_custom_heading text=&#8221;Perch\u00e9 prenotare<br \/>\nil vostro hotel in diretta?&#8221; font_container=&#8221;tag:h2|text_align:center&#8221; use_theme_fonts=&#8221;yes&#8221;]<div class=\"ult-spacer spacer-69f27cb4cc0b3\" data-id=\"69f27cb4cc0b3\" data-height=\"50\" data-height-mobile=\"50\" data-height-tab=\"50\" data-height-tab-portrait=\"\" data-height-mobile-landscape=\"\" style=\"clear:both;display:block;\"><\/div>[vc_row_inner content_placement=&#8221;top&#8221; gap=&#8221;10&#8243;][vc_column_inner width=&#8221;1\/6&#8243;]<div class=\"ult-just-icon-wrapper  \"><div class=\"align-icon\" style=\"text-align:center;\">\n<div class=\"aio-icon advanced \"  style=\"color:#85754e;background:rgba(255,255,255,0.01);border-style:solid;border-color:#85754e;border-width:1px;width:50px;height:50px;line-height:50px;border-radius:500px;font-size:20px;display:inline-block;\">\n\t<i class=\"Defaults-bed hotel\"><\/i>\n<\/div><\/div><\/div><div class=\"ult-spacer spacer-69f27cb4cc210\" data-id=\"69f27cb4cc210\" data-height=\"15\" data-height-mobile=\"15\" data-height-tab=\"15\" data-height-tab-portrait=\"\" data-height-mobile-landscape=\"\" style=\"clear:both;display:block;\"><\/div>[vc_custom_heading text=&#8221;-14% di sconto<br \/>\nsulla camera&#8221; font_container=&#8221;tag:h5|text_align:center&#8221; use_theme_fonts=&#8221;yes&#8221;][\/vc_column_inner][vc_column_inner width=&#8221;1\/6&#8243;]<div class=\"ult-just-icon-wrapper  \"><div class=\"align-icon\" style=\"text-align:center;\">\n<div class=\"aio-icon advanced \"  style=\"color:#85754e;background:rgba(255,255,255,0.01);border-style:solid;border-color:#85754e;border-width:1px;width:50px;height:50px;line-height:50px;border-radius:500px;font-size:20px;display:inline-block;\">\n\t<i class=\"far fa-calendar-times\"><\/i>\n<\/div><\/div><\/div><div class=\"ult-spacer spacer-69f27cb4cc246\" data-id=\"69f27cb4cc246\" data-height=\"15\" data-height-mobile=\"15\" data-height-tab=\"15\" data-height-tab-portrait=\"\" data-height-mobile-landscape=\"\" style=\"clear:both;display:block;\"><\/div>[vc_custom_heading text=&#8221;Condizioni di<br \/>\ncancellazione<br \/>\npi\u00f9 flessibili&#8221; font_container=&#8221;tag:h5|text_align:center&#8221; use_theme_fonts=&#8221;yes&#8221;][\/vc_column_inner][vc_column_inner width=&#8221;1\/6&#8243;]<div class=\"ult-just-icon-wrapper  \"><div class=\"align-icon\" style=\"text-align:center;\">\n<div class=\"aio-icon advanced \"  style=\"color:#85754e;background:rgba(255,255,255,0.01);border-style:solid;border-color:#85754e;border-width:1px;width:50px;height:50px;line-height:50px;border-radius:500px;font-size:20px;display:inline-block;\">\n\t<i class=\"Defaults-coffee\"><\/i>\n<\/div><\/div><\/div><div class=\"ult-spacer spacer-69f27cb4cc275\" data-id=\"69f27cb4cc275\" data-height=\"15\" data-height-mobile=\"15\" data-height-tab=\"15\" data-height-tab-portrait=\"\" data-height-mobile-landscape=\"\" style=\"clear:both;display:block;\"><\/div>[vc_custom_heading text=&#8221;-25% di sconto<br \/>\nsulla colazione<br \/>\na buffet o continentale&#8221; font_container=&#8221;tag:h5|text_align:center&#8221; use_theme_fonts=&#8221;yes&#8221;][\/vc_column_inner][vc_column_inner width=&#8221;1\/6&#8243;]<div class=\"ult-just-icon-wrapper  \"><div class=\"align-icon\" style=\"text-align:center;\">\n<div class=\"aio-icon advanced \"  style=\"color:#85754e;background:rgba(255,255,255,0.01);border-style:solid;border-color:#85754e;border-width:1px;width:50px;height:50px;line-height:50px;border-radius:500px;font-size:20px;display:inline-block;\">\n\t<i class=\"Defaults-newspaper-o\"><\/i>\n<\/div><\/div><\/div><div class=\"ult-spacer spacer-69f27cb4cc29e\" data-id=\"69f27cb4cc29e\" data-height=\"15\" data-height-mobile=\"15\" data-height-tab=\"15\" data-height-tab-portrait=\"\" data-height-mobile-landscape=\"\" style=\"clear:both;display:block;\"><\/div>[vc_custom_heading text=&#8221;Accesso gratuito a oltre<br \/>\n7000 giornali internazionali<br \/>\nriviste elettroniche internazionali&#8221; font_container=&#8221;tag:h5|text_align:center&#8221; use_theme_fonts=&#8221;yes&#8221;][\/vc_column_inner][vc_column_inner width=&#8221;1\/6&#8243;]<div class=\"ult-just-icon-wrapper  \"><div class=\"align-icon\" style=\"text-align:center;\">\n<div class=\"aio-icon advanced \"  style=\"color:#85754e;background:rgba(255,255,255,0.01);border-style:solid;border-color:#85754e;border-width:1px;width:50px;height:50px;line-height:50px;border-radius:500px;font-size:20px;display:inline-block;\">\n\t<i class=\"fas fa-car\"><\/i>\n<\/div><\/div><\/div><div class=\"ult-spacer spacer-69f27cb4cc2c6\" data-id=\"69f27cb4cc2c6\" data-height=\"15\" data-height-mobile=\"15\" data-height-tab=\"15\" data-height-tab-portrait=\"\" data-height-mobile-landscape=\"\" style=\"clear:both;display:block;\"><\/div>[vc_custom_heading text=&#8221;-40% di sconto sul parcheggio St-Lazare<br \/>\n(2 minuti a piedi da<br \/>\nRue de Londres)&#8221; font_container=&#8221;tag:h5|text_align:center&#8221; use_theme_fonts=&#8221;yes&#8221; css=&#8221;&#8221;][\/vc_column_inner][vc_column_inner width=&#8221;1\/6&#8243;]<div class=\"ult-just-icon-wrapper  \"><div class=\"align-icon\" style=\"text-align:center;\">\n<div class=\"aio-icon advanced \"  style=\"color:#85754e;background:rgba(255,255,255,0.01);border-style:solid;border-color:#85754e;border-width:1px;width:50px;height:50px;line-height:50px;border-radius:500px;font-size:20px;display:inline-block;\">\n\t<i class=\"fas fa-car\"><\/i>\n<\/div><\/div><\/div><div class=\"ult-spacer spacer-69f27cb4cc2ef\" data-id=\"69f27cb4cc2ef\" data-height=\"15\" data-height-mobile=\"15\" data-height-tab=\"15\" data-height-tab-portrait=\"\" data-height-mobile-landscape=\"\" style=\"clear:both;display:block;\"><\/div>[vc_custom_heading text=&#8221;-15% di sconto sul parcheggio di Batignolles<br \/>\n(a 8 minuti a piedi)<br \/>\nStazioni di ricarica&#8221; font_container=&#8221;tag:h5|text_align:center&#8221; use_theme_fonts=&#8221;yes&#8221;][\/vc_column_inner][\/vc_row_inner]<div class=\"ult-spacer spacer-69f27cb4cc2ff\" data-id=\"69f27cb4cc2ff\" data-height=\"50\" data-height-mobile=\"50\" data-height-tab=\"50\" data-height-tab-portrait=\"\" data-height-mobile-landscape=\"\" style=\"clear:both;display:block;\"><\/div>[\/vc_column][\/vc_row][vc_row][vc_column]<div class=\"ult-spacer spacer-69f27cb4cc30e\" data-id=\"69f27cb4cc30e\" data-height=\"50\" data-height-mobile=\"50\" data-height-tab=\"50\" data-height-tab-portrait=\"\" data-height-mobile-landscape=\"\" style=\"clear:both;display:block;\"><\/div>[vc_row_inner][vc_column_inner width=&#8221;1\/6&#8243;][\/vc_column_inner][vc_column_inner width=&#8221;2\/3&#8243;][vc_column_text]<\/p>\n<h3 style=\"text-align: center;\">Riservando il Vostro Hotel a Parigi in diretta sul nostro sito internet , tutto lo staff sara\u2019 a vostra disposizione per organizzare al meglio il Vostro soggiorno a Parigi e renderlo indimenticabile.<\/h3>\n<p>&nbsp;<\/p>\n<p style=\"text-align: center;\">Chiedeteci degli eventi culturali d\u2019attualita\u2019 a Parigi o di prenotare per voi nei migliori ristoranti del quartiere Saint -Lazare o dell\u2019altresi vicino quartiere dell\u2019Opera o ovunque voi ne abbiate il desiderio.<\/p>\n<p style=\"text-align: center;\">Parigi, Capitale della moda. Durante il Vostro soggiorno , non vi lasciate sfuggire l\u2019occasione di fare dello shopping nei vicinissimi quartieri dell\u2019Opera-Haussmann , Saint-Lazare che distano qualche minuto a piedi dal nostro Hotel. Chiedete il parere della R\u00e9ception per non perdere i migliori indirizzi che fanno tendenza a Parigi.<\/p>\n<p>&nbsp;<\/p>\n<h3 style=\"text-align: center;\">A prestissimo qui a l\u2019Hotel Atlantic di Parigi!<\/h3>\n<p>[\/vc_column_text][\/vc_column_inner][vc_column_inner width=&#8221;1\/6&#8243;][\/vc_column_inner][\/vc_row_inner]<div class=\"ult-spacer spacer-69f27cb4cc31d\" data-id=\"69f27cb4cc31d\" data-height=\"100\" data-height-mobile=\"100\" data-height-tab=\"100\" data-height-tab-portrait=\"\" data-height-mobile-landscape=\"\" style=\"clear:both;display:block;\"><\/div>[\/vc_column][\/vc_row][vc_row type=&#8221;vc_default&#8221; full_width=&#8221;stretch_row_content_no_spaces&#8221;][vc_column css=&#8221;.vc_custom_1699527067217{padding-top: 0px !important;}&#8221;]<div class=\"sbvcgmap-map-wrapper\" style=\"width:100%;height:500px\"><div class=\"sbvcgmap-map\" zoom=\"14\" maptype=\"ROADMAP\" panoramatogglebutton=\"no\" pancontrol=\"yes\" pancontrol_position=\"TOP_LEFT\" zoomcontrol=\"yes\" zoomcontrol_position=\"TOP_LEFT\" zoomcontrolstyle=\"DEFAULT\" maptypecontrol=\"yes\" maptypecontrol_position=\"TOP_RIGHT\" streetviewcontrol=\"yes\" streetviewcontrol_position=\"TOP_LEFT\" overviewmapcontrol=\"yes\" overviewmapcontrolvisible=\"no\" maptypecontrolstyle=\"DEFAULT\" mapstyle=\"style-2\" weather=\"no\" traffic=\"no\" transit=\"no\" bicycle=\"no\" panoramio=\"no\" draggable=\"yes\" scrollwheel=\"no\" cplatitude=\"48.869939714222\" cplongitude=\"2.3249010268383\" scalecontrol=\"yes\" searchtype=\"disabled\" searchradius=\"500\" searchiconanimation=\"NONE\" searchdirectiontext=\"\" reloadonresize=\"no\" clustering=\"no\" style=\"width:100%;height:500px\"><div class=\"sbvcgmap-marker\" data-lat=\"48.878136859428\" data-lng=\"2.3263889978413\" infowindow=\"no\" animation=\"NONE\" customstyles=\"no\" ><\/p>\n<p style=\"text-align: center;\"><strong>Atlantic H\u00f4tel Paris<\/strong><br \/>\n44, rue de Londres<br \/>\n75008 Paris<\/p>\n<p><\/div><\/div><\/div>[\/vc_column][\/vc_row]<\/p>\n<\/div>","protected":false},"excerpt":{"rendered":"<p>[vc_row type=&#8221;vc_default&#8221; full_width=&#8221;stretch_row&#8221; margin_top=&#8221;-50px&#8221; full_width_row=&#8221;true&#8221; bg_type=&#8221;image&#8221; parallax_style=&#8221;vcpb-default&#8221;][vc_column][vc_raw_html css=&#8221;&#8221;]JTNDZGl2JTIwaWQlM0QlMjJmYi13aWRnZXQtMSUyMiUyMGNsYXNzJTNEJTIyZmItd2lkZ2V0JTIyJTIwZGF0YS1mYkNvbmZpZyUzRCUyMjAlMjIlM0UlM0MlMkZkaXYlM0UlMEElM0NzY3JpcHQlMjBjbGFzcyUzRCUyMmZiLXdpZGdldC1jb25maWclMjIlMjBkYXRhLWZiQ29uZmlnJTNEJTIyMCUyMiUyMHR5cGUlM0QlMjJhcHBsaWNhdGlvbiUyRmpzb24lMjIlM0UlMEElN0IlMEElMjJwYXJhbXMlMjIlM0ElMjAlNUIlMEElN0IlMEElMjJjYWxlbmRhciUyMiUzQSUyMCU3QiUwQSUyMmZpcnN0RGF5T2ZXZWVrJTIyJTNBJTIwMSUyQyUwQSUyMm5iTW9udGhzMmRpc3BsYXklMjIlM0ElMjAyJTJDJTBBJTIydGl0bGUlMjIlM0ElMjAlMjIlMjIlMEElMkMlMEElMjJzaG93QmVzdFByaWNlJTIyJTNBJTIwdHJ1ZSUyQyUwQSUyMnNob3dMYXN0Um9vbSUyMiUzQSUyMHRydWUlMkMlMEElMjJzaG93TGFzdFJvb21UaHJlc2hvbGQlMjIlM0ElMjAxJTJDJTBBJTIyc2hvd01pblN0YXlEZXBhcnR1cmVEYXRlcyUyMiUzQXRydWUlMkMlMEElMjJoaWRlQ29udHJvbHMlMjIlM0FmYWxzZSUyQyUwQSUyMnNob3dDaGlsZHJlbkFnZXMlMjIlM0ElMjBmYWxzZSUyQyUwQSUyMnRoZW1lRGFyayUyMiUzQSUyMGZhbHNlJTJDJTBBJTIybGF5b3V0TnVtJTIyJTNBJTIwMSUyQyUwQSUyMnJvb21SYXRlRmlsdGVyaW5nJTIyJTNBJTIwMCUyQyUwQSUyMnJhdGVGaWx0ZXIlMjIlM0ElMjAlNUIlNUQlMkMlMEElMjJyb29tRmlsdGVyJTIyJTNBJTIwJTVCJTVEJTJDJTBBJTIydXNlTG95YWx0eSUyMiUzQSUyMGZhbHNlJTJDJTBBJTIybG95YWx0eSUyMiUzQSUyMCUyMiUyMiUyQyUwQSUyMmxveWFsdHlQYXJhbXMlMjIlM0ElMjAlN0IlN0QlMkMlMEElMjJ1c2VSZWRpcmVjdFVybEZyb21BcGklMjIlMjAlM0ElMjB0cnVlJTJDJTBBJTIyZGF5c0xvb2tBaGVhZCUyMiUyMCUzQSUyMDM2NSUwQSU3RCUyQyUwQSUyMmN1cnJlbmN5JTIyJTNBJTIwJTIyRVVSJTIyJTJDJTBBJTIybG9jYWxlJTIyJTNBJTIwJTIyaXRfSVQlMjIlMkMlMEElMjJtYXhBZHVsdHMlMjIlM0ElMjAxMCUyQyUwQSUyMm1heENoaWxkcmVuJTIyJTNBJTIwMiUyQyUwQSUyMm1haW5Db2xvciUyMiUzQSUyMCUyMiUyM2IwYTA2YyUyMiUyQyUwQSUyMnRoZW1lRGFyayUyMiUzQSUyMGZhbHNlJTJDJTBBJTIyb3BlbkZyb250SW5OZXdUYWIlMjIlM0ElMjB0cnVlJTJDJTBBJTIycHJvcGVydHklMjIlM0ElMjAlMjJKSE5GLTMwNjA1JTIyJTJDJTBBJTIydGl0bGUlMjIlM0ElMjAlMjJBdGxhbnRpYyUyMEhvdGVsJTIwUGFyaXMlMjIlMkMlMEElMjJjaGlsZHJlbk1heEFnZSUyMiUzQSUyMDEyJTJDJTBBJTIyZmJXaWRnZXQlMjIlM0ElMjAlMjJDYWxlbmRhciUyMiUwQSU3RCUwQSU1RCUyQyUwQSUyMmNvbW1vblBhcmFtcyUyMiUzQSUyMCU3QiUwQSUyMnJlZGlyZWN0VXJsJTIyJTNBJTIwJTIyaHR0cHMlM0ElMkYlMkZ3d3cuc2VjdXJlLWhvdGVsLWJvb2tpbmcuY29tJTIyJTJDJTBBJTIyc2hvd1Byb3BlcnRpZXNMaXN0JTIyJTNBJTIwdHJ1ZSUyQyUwQSUyMmRlbW9Nb2RlJTIyJTNBJTIwZmFsc2UlMkMlMEElMjJmcm9udFVybCUyMiUzQSUyMCUyMmh0dHBzJTNBJTJGJTJGd3d3LnNlY3VyZS1ob3RlbC1ib29raW5nLmNvbSUyMiUwQSU3RCUyQyUwQSUyMl9hdXRoQ29kZSUyMiUzQSUyMmV5SmhiR2NpT2lKSVV6VXhNaUlzSW5SNWNDSTZJa3BYVkNKOS5leUppYjI5cmFXNW5SVzVuYVc1bFVtVm1aWEpsYm1ObElqb2lTa2hPUmlJc0ltaHZkR1ZzU1dRaU9pSXpNRFl3TlNJc0ltZHliM1Z3U1dRaU9pSXhPRE0yTXlJc0luSmxabVZ5Wlc1alpWSmhkR1ZEYjJSbElqb2lRbFZTSWl3aVpHbHpjR3hoZVU1aGJXVWlPaUpCZEd4aGJuUnBZeTFJYjNSbGJDMVFZWEpwY3lJc0ltNWlaaUk2TVRjek9ESTBNVE0yT1N3aVpYaHdJam95TlRNME1ESXpNREE0TURBc0ltbGhkQ0k2TVRjek9ESTBNVE0yT1N3aWFYTnpJam9pUVhaaGFXeHdjbThnUVZCSklFMWhibUZuWlhJaUxDSmhkV1FpT2lKa0xXVmtaMlVpZlEuTk1xQlFmOHdXWmJaTWtZUDhfZXZkMEtNOVJ2YWFQWXFnaU9MaFZjX0FZRFZTUGpfVFI5SDFKdldseV8tX3A5YzJLbVFKQ2NERnh1V2p5TGtQNi1hQ1ElMjIlMkMlMEElMjJwcm9wZXJ0eUluZGV4JTIyJTNBJTIwMCUyQyUwQSUyMnZlcnNpb24lMjIlM0ElMjAlMjIxLjM1LjAlMjIlMkMlMEElMjJiYXNlSG9zdCUyMiUzQSUyMCUyMmh0dHBzJTNBJTJGJTJGd2Vic2RrLmQtZWRnZS5jb20lMjIlMEElN0QlMEElM0MlMkZzY3JpcHQlM0UlMEElM0NsaW5rJTIwcmVsJTNEJTIyc3R5bGVzaGVldCUyMiUyMHByb3BlcnR5JTNEJTIyc3R5bGVzaGVldCUyMiUyMGhyZWYlM0QlMjJodHRwcyUzQSUyRiUyRndlYnNkay5kLWVkZ2UuY29tJTJGd2lkZ2V0cyUyRmFwcC5jc3MlMjIlM0UlMEElM0NzY3JpcHQlMjB0eXBlJTNEJTIydGV4dCUyRmphdmFzY3JpcHQlMjIlMjBzcmMlM0QlMjJodHRwcyUzQSUyRiUyRndlYnNkay5kLWVkZ2UuY29tJTJGd2lkZ2V0cyUyRmFwcC5qcyUyMiUzRSUzQyUyRnNjcmlwdCUzRQ==[\/vc_raw_html][\/vc_column][\/vc_row][vc_row type=&#8221;vc_default&#8221; full_width=&#8221;stretch_row_content&#8221; css=&#8221;.vc_custom_1706607515934{background: #d8d8d8 url(https:\/\/atlantic-hotel-paris.com\/wp-content\/uploads\/2023\/12\/Sculpture-lobby-2500-5-20pct.jpg?id=201) !important;background-position: center !important;background-repeat: no-repeat !important;background-size: cover !important;}&#8221;][vc_column][vc_custom_heading text=&#8221;Perch\u00e9 prenotare il vostro hotel in diretta?&#8221; font_container=&#8221;tag:h2|text_align:center&#8221; use_theme_fonts=&#8221;yes&#8221;][vc_row_inner content_placement=&#8221;top&#8221; gap=&#8221;10&#8243;][vc_column_inner width=&#8221;1\/6&#8243;][vc_custom_heading text=&#8221;-14% di sconto sulla camera&#8221; font_container=&#8221;tag:h5|text_align:center&#8221; use_theme_fonts=&#8221;yes&#8221;][\/vc_column_inner][vc_column_inner width=&#8221;1\/6&#8243;][vc_custom_heading text=&#8221;Condizioni di cancellazione pi\u00f9 flessibili&#8221; font_container=&#8221;tag:h5|text_align:center&#8221; use_theme_fonts=&#8221;yes&#8221;][\/vc_column_inner][vc_column_inner width=&#8221;1\/6&#8243;][vc_custom_heading text=&#8221;-25% di sconto sulla colazione a buffet&hellip;<\/p>\n","protected":false},"author":1,"featured_media":0,"parent":0,"menu_order":1,"comment_status":"closed","ping_status":"closed","template":"","meta":{"footnotes":""},"class_list":["post-685","page","type-page","status-publish","hentry","description-off"],"yoast_head":"<!-- This site is optimized with the Yoast SEO plugin v27.5 - https:\/\/yoast.com\/product\/yoast-seo-wordpress\/ -->\n<title>Prenotate il vostro hotel a Parigi - Atlantic H\u00f4tel Paris - H\u00f4tel Op\u00e9ra Saint Lazare Paris 8<\/title>\n<meta name=\"description\" content=\"Hotel di design a Parigi nel quartiere dell&#039;Opera Saint Lazare. Spaziose camere rinnovate e contemporanee. Affascinante hotel a 3 stelle. Prenotazione online sicura.\" \/>\n<meta name=\"robots\" content=\"index, follow, max-snippet:-1, max-image-preview:large, max-video-preview:-1\" \/>\n<link rel=\"canonical\" href=\"https:\/\/atlantic-hotel-paris.com\/it\/prenota-il-vostro-hotel-a-parigi\/\" \/>\n<meta property=\"og:locale\" content=\"it_IT\" \/>\n<meta property=\"og:type\" content=\"article\" \/>\n<meta property=\"og:title\" content=\"Prenotate il vostro hotel a Parigi - Atlantic H\u00f4tel Paris - H\u00f4tel Op\u00e9ra Saint Lazare Paris 8\" \/>\n<meta property=\"og:description\" content=\"Hotel di design a Parigi nel quartiere dell&#039;Opera Saint Lazare. Spaziose camere rinnovate e contemporanee. Affascinante hotel a 3 stelle. Prenotazione online sicura.\" \/>\n<meta property=\"og:url\" content=\"https:\/\/atlantic-hotel-paris.com\/it\/prenota-il-vostro-hotel-a-parigi\/\" \/>\n<meta property=\"og:site_name\" content=\"Atlantic H\u00f4tel Paris - H\u00f4tel Op\u00e9ra Saint Lazare Paris 8\" \/>\n<meta property=\"article:modified_time\" content=\"2025-10-20T09:44:56+00:00\" \/>\n<meta name=\"twitter:card\" content=\"summary_large_image\" \/>\n<meta name=\"twitter:label1\" content=\"Tempo di lettura stimato\" \/>\n\t<meta name=\"twitter:data1\" content=\"2 minuti\" \/>\n<script type=\"application\/ld+json\" class=\"yoast-schema-graph\">{\"@context\":\"https:\\\/\\\/schema.org\",\"@graph\":[{\"@type\":\"WebPage\",\"@id\":\"https:\\\/\\\/atlantic-hotel-paris.com\\\/it\\\/prenota-il-vostro-hotel-a-parigi\\\/\",\"url\":\"https:\\\/\\\/atlantic-hotel-paris.com\\\/it\\\/prenota-il-vostro-hotel-a-parigi\\\/\",\"name\":\"Prenotate il vostro hotel a Parigi - Atlantic H\u00f4tel Paris - H\u00f4tel Op\u00e9ra Saint Lazare Paris 8\",\"isPartOf\":{\"@id\":\"https:\\\/\\\/atlantic-hotel-paris.com\\\/#website\"},\"datePublished\":\"2023-12-07T15:03:06+00:00\",\"dateModified\":\"2025-10-20T09:44:56+00:00\",\"description\":\"Hotel di design a Parigi nel quartiere dell'Opera Saint Lazare. Spaziose camere rinnovate e contemporanee. Affascinante hotel a 3 stelle. Prenotazione online sicura.\",\"breadcrumb\":{\"@id\":\"https:\\\/\\\/atlantic-hotel-paris.com\\\/it\\\/prenota-il-vostro-hotel-a-parigi\\\/#breadcrumb\"},\"inLanguage\":\"it-IT\",\"potentialAction\":[{\"@type\":\"ReadAction\",\"target\":[\"https:\\\/\\\/atlantic-hotel-paris.com\\\/it\\\/prenota-il-vostro-hotel-a-parigi\\\/\"]}]},{\"@type\":\"BreadcrumbList\",\"@id\":\"https:\\\/\\\/atlantic-hotel-paris.com\\\/it\\\/prenota-il-vostro-hotel-a-parigi\\\/#breadcrumb\",\"itemListElement\":[{\"@type\":\"ListItem\",\"position\":1,\"name\":\"Accueil\",\"item\":\"https:\\\/\\\/atlantic-hotel-paris.com\\\/it\\\/\"},{\"@type\":\"ListItem\",\"position\":2,\"name\":\"Prenotate il vostro hotel a Parigi\"}]},{\"@type\":\"WebSite\",\"@id\":\"https:\\\/\\\/atlantic-hotel-paris.com\\\/#website\",\"url\":\"https:\\\/\\\/atlantic-hotel-paris.com\\\/\",\"name\":\"Atlantic H\u00f4tel Paris - H\u00f4tel Op\u00e9ra Saint Lazare Paris 8\",\"description\":\"Un site d\u00e9velopp\u00e9 par PMT HOTELS\",\"potentialAction\":[{\"@type\":\"SearchAction\",\"target\":{\"@type\":\"EntryPoint\",\"urlTemplate\":\"https:\\\/\\\/atlantic-hotel-paris.com\\\/?s={search_term_string}\"},\"query-input\":{\"@type\":\"PropertyValueSpecification\",\"valueRequired\":true,\"valueName\":\"search_term_string\"}}],\"inLanguage\":\"it-IT\"}]}<\/script>\n<!-- \/ Yoast SEO plugin. -->","yoast_head_json":{"title":"Prenotate il vostro hotel a Parigi - Atlantic H\u00f4tel Paris - H\u00f4tel Op\u00e9ra Saint Lazare Paris 8","description":"Hotel di design a Parigi nel quartiere dell'Opera Saint Lazare. Spaziose camere rinnovate e contemporanee. Affascinante hotel a 3 stelle. Prenotazione online sicura.","robots":{"index":"index","follow":"follow","max-snippet":"max-snippet:-1","max-image-preview":"max-image-preview:large","max-video-preview":"max-video-preview:-1"},"canonical":"https:\/\/atlantic-hotel-paris.com\/it\/prenota-il-vostro-hotel-a-parigi\/","og_locale":"it_IT","og_type":"article","og_title":"Prenotate il vostro hotel a Parigi - Atlantic H\u00f4tel Paris - H\u00f4tel Op\u00e9ra Saint Lazare Paris 8","og_description":"Hotel di design a Parigi nel quartiere dell'Opera Saint Lazare. Spaziose camere rinnovate e contemporanee. Affascinante hotel a 3 stelle. Prenotazione online sicura.","og_url":"https:\/\/atlantic-hotel-paris.com\/it\/prenota-il-vostro-hotel-a-parigi\/","og_site_name":"Atlantic H\u00f4tel Paris - H\u00f4tel Op\u00e9ra Saint Lazare Paris 8","article_modified_time":"2025-10-20T09:44:56+00:00","twitter_card":"summary_large_image","twitter_misc":{"Tempo di lettura stimato":"2 minuti"},"schema":{"@context":"https:\/\/schema.org","@graph":[{"@type":"WebPage","@id":"https:\/\/atlantic-hotel-paris.com\/it\/prenota-il-vostro-hotel-a-parigi\/","url":"https:\/\/atlantic-hotel-paris.com\/it\/prenota-il-vostro-hotel-a-parigi\/","name":"Prenotate il vostro hotel a Parigi - Atlantic H\u00f4tel Paris - H\u00f4tel Op\u00e9ra Saint Lazare Paris 8","isPartOf":{"@id":"https:\/\/atlantic-hotel-paris.com\/#website"},"datePublished":"2023-12-07T15:03:06+00:00","dateModified":"2025-10-20T09:44:56+00:00","description":"Hotel di design a Parigi nel quartiere dell'Opera Saint Lazare. Spaziose camere rinnovate e contemporanee. Affascinante hotel a 3 stelle. Prenotazione online sicura.","breadcrumb":{"@id":"https:\/\/atlantic-hotel-paris.com\/it\/prenota-il-vostro-hotel-a-parigi\/#breadcrumb"},"inLanguage":"it-IT","potentialAction":[{"@type":"ReadAction","target":["https:\/\/atlantic-hotel-paris.com\/it\/prenota-il-vostro-hotel-a-parigi\/"]}]},{"@type":"BreadcrumbList","@id":"https:\/\/atlantic-hotel-paris.com\/it\/prenota-il-vostro-hotel-a-parigi\/#breadcrumb","itemListElement":[{"@type":"ListItem","position":1,"name":"Accueil","item":"https:\/\/atlantic-hotel-paris.com\/it\/"},{"@type":"ListItem","position":2,"name":"Prenotate il vostro hotel a Parigi"}]},{"@type":"WebSite","@id":"https:\/\/atlantic-hotel-paris.com\/#website","url":"https:\/\/atlantic-hotel-paris.com\/","name":"Atlantic H\u00f4tel Paris - H\u00f4tel Op\u00e9ra Saint Lazare Paris 8","description":"Un site d\u00e9velopp\u00e9 par PMT HOTELS","potentialAction":[{"@type":"SearchAction","target":{"@type":"EntryPoint","urlTemplate":"https:\/\/atlantic-hotel-paris.com\/?s={search_term_string}"},"query-input":{"@type":"PropertyValueSpecification","valueRequired":true,"valueName":"search_term_string"}}],"inLanguage":"it-IT"}]}},"_links":{"self":[{"href":"https:\/\/atlantic-hotel-paris.com\/it\/wp-json\/wp\/v2\/pages\/685","targetHints":{"allow":["GET"]}}],"collection":[{"href":"https:\/\/atlantic-hotel-paris.com\/it\/wp-json\/wp\/v2\/pages"}],"about":[{"href":"https:\/\/atlantic-hotel-paris.com\/it\/wp-json\/wp\/v2\/types\/page"}],"author":[{"embeddable":true,"href":"https:\/\/atlantic-hotel-paris.com\/it\/wp-json\/wp\/v2\/users\/1"}],"replies":[{"embeddable":true,"href":"https:\/\/atlantic-hotel-paris.com\/it\/wp-json\/wp\/v2\/comments?post=685"}],"version-history":[{"count":11,"href":"https:\/\/atlantic-hotel-paris.com\/it\/wp-json\/wp\/v2\/pages\/685\/revisions"}],"predecessor-version":[{"id":1123,"href":"https:\/\/atlantic-hotel-paris.com\/it\/wp-json\/wp\/v2\/pages\/685\/revisions\/1123"}],"wp:attachment":[{"href":"https:\/\/atlantic-hotel-paris.com\/it\/wp-json\/wp\/v2\/media?parent=685"}],"curies":[{"name":"wp","href":"https:\/\/api.w.org\/{rel}","templated":true}]}}