{"id":693,"date":"2023-12-07T16:55:13","date_gmt":"2023-12-07T15:55:13","guid":{"rendered":"https:\/\/atlantic-hotel-paris.com\/paris-opera\/"},"modified":"2024-05-14T13:20:55","modified_gmt":"2024-05-14T11:20:55","slug":"paris-opera","status":"publish","type":"page","link":"https:\/\/atlantic-hotel-paris.com\/it\/paris-opera\/","title":{"rendered":"Paris Op\u00e9ra"},"content":{"rendered":"<div class=\"wpb-content-wrapper\"><p>[vc_row type=&#8221;vc_default&#8221; full_width=&#8221;stretch_row_content&#8221; equal_height=&#8221;yes&#8221; bg_type=&#8221;image&#8221; parallax_style=&#8221;vcpb-default&#8221; bg_image_new=&#8221;id^205|url^https:\/\/atlantic-hotel-paris.com\/wp-content\/uploads\/2023\/12\/Sculpture-lobby-2500-20pct-1-scaled.jpg|caption^null|alt^null|title^Sculpture-lobby-2500-20pct|description^null&#8221; bg_image_repeat=&#8221;no-repeat&#8221; css=&#8221;.vc_custom_1701954370177{margin-bottom: 0px !important;padding-top: 10px !important;padding-right: 20px !important;padding-bottom: 0px !important;padding-left: 20px !important;background-color: #fdfcfc !important;}&#8221;][vc_column width=&#8221;1\/2&#8243; css=&#8221;.vc_custom_1699521099502{margin-top: 0px !important;margin-right: 50px !important;margin-bottom: 0px !important;padding-top: 0px !important;padding-right: 100px !important;padding-bottom: 100px !important;padding-left: 100px !important;background-position: center !important;background-repeat: no-repeat !important;background-size: contain !important;}&#8221; offset=&#8221;vc_hidden-xs&#8221;]<div class=\"ult_row_spacer\"><div class=\"ult-sticky-anchor\"><div class=\"ult-sticky-section ult-sticky \"  data-gutter= '50' data-stick_behaviour= 'stick_with_scroll_row'  data-sticky_position= 'top' data-mobile='no' data-support='no'><div class=\"ult-spacer spacer-69e2037e5e35c\" data-id=\"69e2037e5e35c\" data-height=\"150\" data-height-mobile=\"150\" data-height-tab=\"150\" data-height-tab-portrait=\"\" data-height-mobile-landscape=\"\" style=\"clear:both;display:block;\"><\/div>[vc_custom_heading text=&#8221;<em>Op\u00e9ra &#8211; Saint-Lazare<\/em><br \/>\nUn quartiere vivace e centrale<br \/>\nnel cuore del quartiere degli affari di Parigi,<br \/>\ngrandi magazzini,<br \/>\nmonumenti e della vita culturale&#8221; font_container=&#8221;tag:h2|font_size:24px|text_align:left|color:%2385754e|line_height:30px&#8221; use_theme_fonts=&#8221;yes&#8221;]<div class=\"ult-spacer spacer-69e2037e5e378\" data-id=\"69e2037e5e378\" data-height=\"140\" data-height-mobile=\"140\" data-height-tab=\"140\" data-height-tab-portrait=\"\" data-height-mobile-landscape=\"\" style=\"clear:both;display:block;\"><\/div><\/div><div class=\"ult-space\"><\/div><\/div><\/div>[\/vc_column][vc_column width=&#8221;1\/2&#8243; css=&#8221;.vc_custom_1624895408622{padding-top: 0px !important;padding-right: 100px !important;padding-bottom: 100px !important;padding-left: 100px !important;}&#8221; offset=&#8221;vc_hidden-xs&#8221;]<div class=\"ult-spacer spacer-69e2037e5e397\" data-id=\"69e2037e5e397\" data-height=\"100\" data-height-mobile=\"100\" data-height-tab=\"100\" data-height-tab-portrait=\"\" data-height-mobile-landscape=\"\" style=\"clear:both;display:block;\"><\/div>[vc_custom_heading text=&#8221;Un <i>hotel<\/i> nel quartiere Op\u00e9ra di Parigi&#8221; font_container=&#8221;tag:h1|text_align:left&#8221; use_theme_fonts=&#8221;yes&#8221;][vc_column_text css=&#8221;.vc_custom_1701965000301{margin-bottom: 10px !important;}&#8221;]<strong>Hotel 3 stelle<\/strong> situato nel quartiere <strong>Op\u00e9ra<\/strong>, vicino alla <strong>Madeleine<\/strong>, l&#8217;<strong>Atlantic H\u00f4tel<\/strong> \u00e8 la base ideale per esplorare Parigi e i suoi tesori.<\/p>\n<p>Incontri d&#8217;affari, turismo, shopping, spettacoli, ristoranti raffinati, il quartiere dell&#8217;Op\u00e9ra e i grandi magazzini di Boulevard Haussmann soddisferanno tutte le vostre aspettative.<\/p>\n<p>Per affari o per piacere, l&#8217;Atlantic H\u00f4tel gode di una posizione privilegiata nel cuore dell&#8217;8\u00b0 arrondissement. Grazie agli ottimi collegamenti con i mezzi pubblici, l&#8217;Atlantic H\u00f4tel \u00e8 la base perfetta per il vostro soggiorno a Parigi.<\/p>\n<p>A 5 minuti a piedi dai grandi magazzini, a 10 minuti dall&#8217;Op\u00e9ra, dalla Madeleine, vicino alla Concorde, agli Champs-Elys\u00e9es, a Montmartre e a 45 minuti (con la RER Auber) da Disneyland Paris\u00ae.[\/vc_column_text]<style type=\"text\/css\" data-type=\"the7_shortcodes-inline-css\">#default-btn-e66872250876df22a5f22a73c9e09e1c.ico-right-side > i {\n  margin-right: 0px;\n  margin-left: 8px;\n}\n#default-btn-e66872250876df22a5f22a73c9e09e1c > i {\n  margin-right: 8px;\n}<\/style><div class=\"btn-align-left\"><a href=\"https:\/\/atlantic-hotel-paris.com\/it\/prenota-il-vostro-hotel-a-parigi\/\" class=\"default-btn-shortcode dt-btn dt-btn-m link-hover-off \" id=\"default-btn-e66872250876df22a5f22a73c9e09e1c\" title=\"Prenota online\"><span>Prenota online<\/span><\/a><\/div><div class=\"ult-spacer spacer-69e2037e5e460\" data-id=\"69e2037e5e460\" data-height=\"50\" data-height-mobile=\"50\" data-height-tab=\"50\" data-height-tab-portrait=\"\" data-height-mobile-landscape=\"\" style=\"clear:both;display:block;\"><\/div>[\/vc_column][\/vc_row][vc_row type=&#8221;vc_default&#8221; full_width=&#8221;stretch_row_content&#8221; equal_height=&#8221;yes&#8221; bg_type=&#8221;image&#8221; parallax_style=&#8221;vcpb-default&#8221; bg_image_new=&#8221;id^205|url^https:\/\/atlantic-hotel-paris.com\/wp-content\/uploads\/2023\/12\/Sculpture-lobby-2500-20pct-1-scaled.jpg|caption^null|alt^null|title^Sculpture-lobby-2500-20pct|description^null&#8221; bg_image_repeat=&#8221;no-repeat&#8221; css=&#8221;.vc_custom_1701954370177{margin-bottom: 0px !important;padding-top: 10px !important;padding-right: 20px !important;padding-bottom: 0px !important;padding-left: 20px !important;background-color: #fdfcfc !important;}&#8221;][vc_column width=&#8221;1\/2&#8243; css=&#8221;.vc_custom_1715685644105{margin-top: 0px !important;margin-bottom: 0px !important;padding-top: 0px !important;padding-bottom: 100px !important;background-position: center !important;background-repeat: no-repeat !important;background-size: contain !important;}&#8221; offset=&#8221;vc_hidden-lg vc_hidden-md vc_hidden-sm&#8221;]<div class=\"ult_row_spacer\"><div class=\"ult-sticky-anchor\"><div class=\"ult-sticky-section ult-sticky \"  data-gutter= '50' data-stick_behaviour= 'stick_with_scroll_row'  data-sticky_position= 'top' data-mobile='no' data-support='no'><div class=\"ult-spacer spacer-69e2037e5e4b1\" data-id=\"69e2037e5e4b1\" data-height=\"150\" data-height-mobile=\"150\" data-height-tab=\"150\" data-height-tab-portrait=\"\" data-height-mobile-landscape=\"\" style=\"clear:both;display:block;\"><\/div>[vc_custom_heading text=&#8221;<em>Op\u00e9ra &#8211; Saint-Lazare<\/em><br \/>\nUn quartiere vivace e centrale<br \/>\nnel cuore del quartiere degli affari di Parigi,<br \/>\ngrandi magazzini,<br \/>\nmonumenti e della vita culturale&#8221; font_container=&#8221;tag:h2|font_size:24px|text_align:center|color:%2385754e|line_height:30px&#8221; use_theme_fonts=&#8221;yes&#8221; css=&#8221;&#8221;]<div class=\"ult-spacer spacer-69e2037e5e4c8\" data-id=\"69e2037e5e4c8\" data-height=\"140\" data-height-mobile=\"40\" data-height-tab=\"\" data-height-tab-portrait=\"\" data-height-mobile-landscape=\"\" style=\"clear:both;display:block;\"><\/div><\/div><div class=\"ult-space\"><\/div><\/div><\/div>[\/vc_column][vc_column width=&#8221;1\/2&#8243; css=&#8221;.vc_custom_1715685653521{padding-top: 0px !important;padding-bottom: 100px !important;}&#8221; offset=&#8221;vc_hidden-lg vc_hidden-md vc_hidden-sm&#8221;][vc_custom_heading text=&#8221;Un <i>hotel<\/i> nel quartiere Op\u00e9ra di Parigi&#8221; font_container=&#8221;tag:h1|text_align:left&#8221; use_theme_fonts=&#8221;yes&#8221;][vc_column_text css=&#8221;.vc_custom_1701965000301{margin-bottom: 10px !important;}&#8221;]<strong>Hotel 3 stelle<\/strong> situato nel quartiere <strong>Op\u00e9ra<\/strong>, vicino alla <strong>Madeleine<\/strong>, l&#8217;<strong>Atlantic H\u00f4tel<\/strong> \u00e8 la base ideale per esplorare Parigi e i suoi tesori.<\/p>\n<p>Incontri d&#8217;affari, turismo, shopping, spettacoli, ristoranti raffinati, il quartiere dell&#8217;Op\u00e9ra e i grandi magazzini di Boulevard Haussmann soddisferanno tutte le vostre aspettative.<\/p>\n<p>Per affari o per piacere, l&#8217;Atlantic H\u00f4tel gode di una posizione privilegiata nel cuore dell&#8217;8\u00b0 arrondissement. Grazie agli ottimi collegamenti con i mezzi pubblici, l&#8217;Atlantic H\u00f4tel \u00e8 la base perfetta per il vostro soggiorno a Parigi.<\/p>\n<p>A 5 minuti a piedi dai grandi magazzini, a 10 minuti dall&#8217;Op\u00e9ra, dalla Madeleine, vicino alla Concorde, agli Champs-Elys\u00e9es, a Montmartre e a 45 minuti (con la RER Auber) da Disneyland Paris\u00ae.[\/vc_column_text]<style type=\"text\/css\" data-type=\"the7_shortcodes-inline-css\">#default-btn-e66872250876df22a5f22a73c9e09e1c.ico-right-side > i {\n  margin-right: 0px;\n  margin-left: 8px;\n}\n#default-btn-e66872250876df22a5f22a73c9e09e1c > i {\n  margin-right: 8px;\n}<\/style><div class=\"btn-align-left\"><a href=\"https:\/\/atlantic-hotel-paris.com\/it\/prenota-il-vostro-hotel-a-parigi\/\" class=\"default-btn-shortcode dt-btn dt-btn-m link-hover-off \" id=\"default-btn-e66872250876df22a5f22a73c9e09e1c\" title=\"Prenota online\"><span>Prenota online<\/span><\/a><\/div><div class=\"ult-spacer spacer-69e2037e5e542\" data-id=\"69e2037e5e542\" data-height=\"50\" data-height-mobile=\"50\" data-height-tab=\"50\" data-height-tab-portrait=\"\" data-height-mobile-landscape=\"\" style=\"clear:both;display:block;\"><\/div>[\/vc_column][\/vc_row][vc_row type=&#8221;vc_default&#8221; full_width=&#8221;stretch_row_content_no_spaces&#8221; css=&#8221;.vc_custom_1699522972298{margin-top: 0px !important;padding-top: 0px !important;background-position: center !important;background-repeat: no-repeat !important;background-size: cover !important;}&#8221;][vc_column css=&#8221;.vc_custom_1699523036787{padding-top: 0px !important;}&#8221;][vc_single_image image=&#8221;94&#8243; img_size=&#8221;full&#8221; alignment=&#8221;center&#8221; css=&#8221;.vc_custom_1701965148346{margin-top: 0px !important;margin-right: 0px !important;margin-bottom: 0px !important;margin-left: 0px !important;border-top-width: 0px !important;border-right-width: 0px !important;border-bottom-width: 0px !important;border-left-width: 0px !important;padding-top: 0px !important;padding-right: 0px !important;padding-bottom: 0px !important;padding-left: 0px !important;}&#8221;][\/vc_column][\/vc_row][vc_row type=&#8221;vc_default&#8221; full_width=&#8221;stretch_row&#8221; bg_type=&#8221;image&#8221; parallax_style=&#8221;vcpb-default&#8221; bg_image_new=&#8221;id^200|url^https:\/\/atlantic-hotel-paris.com\/wp-content\/uploads\/2023\/12\/Sculpture-lobby-2500-6-20pct.jpg|caption^null|alt^null|title^Sculpture-lobby-2500-6-20pct|description^null&#8221; bg_image_repeat=&#8221;no-repeat&#8221; bg_image_posiiton=&#8221;0%&#8221; css=&#8221;.vc_custom_1701954421281{padding-top: 0px !important;}&#8221;][vc_column]<div class=\"ult-spacer spacer-69e2037e5e556\" data-id=\"69e2037e5e556\" data-height=\"50\" data-height-mobile=\"50\" data-height-tab=\"50\" data-height-tab-portrait=\"\" data-height-mobile-landscape=\"\" style=\"clear:both;display:block;\"><\/div>[vc_custom_heading text=&#8221;Cose da fare&#8221; font_container=&#8221;tag:h2|text_align:center&#8221; use_theme_fonts=&#8221;yes&#8221;]<div class=\"ult-spacer spacer-69e2037e5e568\" data-id=\"69e2037e5e568\" data-height=\"25\" data-height-mobile=\"25\" data-height-tab=\"25\" data-height-tab-portrait=\"\" data-height-mobile-landscape=\"\" style=\"clear:both;display:block;\"><\/div>[vc_row_inner][vc_column_inner width=&#8221;1\/4&#8243;][vc_single_image image=&#8221;482&#8243; img_size=&#8221;full&#8221;][vc_custom_heading text=&#8221;Cultura e patrimonio \u00e0 la carte&#8221; font_container=&#8221;tag:h5|text_align:left&#8221; use_theme_fonts=&#8221;yes&#8221;][vc_column_text]Poich\u00e9 Parigi \u00e8 una festa, un viaggio nella capitale \u00e8 un&#8217;occasione per scoprire i tanti luoghi vivaci della &#8220;Citt\u00e0 della Luce&#8221;.<br \/>\nA pochi passi dall&#8217;Atlantic H\u00f4tel, una serie di teatri e sale da concerto offrono un&#8217;ampia programmazione di eventi durante tutto l&#8217;anno:<br \/>\nimmergetevi nell&#8217;incantato balletto del Palais Garnier o nell&#8217;auditorium del Th\u00e9\u00e2tre Mogador o del Casino de Paris.<br \/>\nNon perdetevi le Tuileries e il Louvre, il Museo d&#8217;Orsay e la Torre Eiffel, a poche fermate di metropolitana.[\/vc_column_text]<div class=\"ult-spacer spacer-69e2037e5e579\" data-id=\"69e2037e5e579\" data-height=\"50\" data-height-mobile=\"50\" data-height-tab=\"50\" data-height-tab-portrait=\"\" data-height-mobile-landscape=\"\" style=\"clear:both;display:block;\"><\/div>[\/vc_column_inner][vc_column_inner width=&#8221;1\/4&#8243;][vc_single_image image=&#8221;479&#8243; img_size=&#8221;full&#8221;][vc_custom_heading text=&#8221;Esperienze&#8221; font_container=&#8221;tag:h5|text_align:left&#8221; use_theme_fonts=&#8221;yes&#8221;][vc_column_text]Scoprite le esperienze che Parigi ha da offrire e prenotatele direttamente.<br \/>\nVisitate L&#8217;Olympia o assistete a uno spettacolo al Th\u00e9\u00e2tre Edouard VII, a pochi passi di distanza.<br \/>\nI cabaret parigini, vere e proprie istituzioni del glamour e della vita notturna, sono facilmente raggiungibili dal nostro hotel (Le Moulin Rouge, Le Crazy Horse&#8230;).<br \/>\nTroverete una moltitudine di offerte a vostra disposizione.<br \/>\n*soggetto a disponibilit\u00e0[\/vc_column_text]<style type=\"text\/css\" data-type=\"the7_shortcodes-inline-css\">#default-btn-e58213fcbe49e9069f43bf841bcd887f.ico-right-side > i {\n  margin-right: 0px;\n  margin-left: 8px;\n}\n#default-btn-e58213fcbe49e9069f43bf841bcd887f > i {\n  margin-right: 8px;\n}<\/style><div class=\"btn-align-left\"><a href=\"https:\/\/atlantic-hotel.guide.paris\" class=\"default-btn-shortcode dt-btn dt-btn-m link-hover-off \" target=\"_blank\" id=\"default-btn-e58213fcbe49e9069f43bf841bcd887f\" rel=\"noopener\"><span>Servizio di concierge online<\/span><\/a><\/div><div class=\"ult-spacer spacer-69e2037e5e5d0\" data-id=\"69e2037e5e5d0\" data-height=\"50\" data-height-mobile=\"50\" data-height-tab=\"50\" data-height-tab-portrait=\"\" data-height-mobile-landscape=\"\" style=\"clear:both;display:block;\"><\/div>[\/vc_column_inner][vc_column_inner width=&#8221;1\/4&#8243;][vc_single_image image=&#8221;81&#8243; img_size=&#8221;full&#8221;][vc_custom_heading text=&#8221;Shopping in libert\u00e0&#8221; font_container=&#8221;tag:h5|text_align:left&#8221; use_theme_fonts=&#8221;yes&#8221;][vc_column_text]Parigi \u00e8 uno dei luoghi da non perdere per gli amanti della moda e dello shopping.<br \/>\nPerdetevi nelle Galeries Lafayette e Printemps, a soli 10 minuti a piedi, o in una delle vie pi\u00f9 chic della capitale, Faubourg St Honor\u00e9 e Rue St Honor\u00e9.[\/vc_column_text]<div class=\"ult-spacer spacer-69e2037e5e5e1\" data-id=\"69e2037e5e5e1\" data-height=\"50\" data-height-mobile=\"50\" data-height-tab=\"50\" data-height-tab-portrait=\"\" data-height-mobile-landscape=\"\" style=\"clear:both;display:block;\"><\/div>[\/vc_column_inner][vc_column_inner width=&#8221;1\/4&#8243;][vc_single_image image=&#8221;486&#8243; img_size=&#8221;full&#8221;][vc_custom_heading text=&#8221;Gastronomia&#8221; font_container=&#8221;tag:h5|text_align:left&#8221; use_theme_fonts=&#8221;yes&#8221;][vc_column_text]Cenate con un piatto bistronomico o assaporate un menu degustazione in uno dei ristoranti gourmet del nostro distretto.<br \/>\nIl nostro team trover\u00e0 l&#8217;indirizzo giusto per voi.[\/vc_column_text]<div class=\"ult-spacer spacer-69e2037e5e5f0\" data-id=\"69e2037e5e5f0\" data-height=\"50\" data-height-mobile=\"50\" data-height-tab=\"50\" data-height-tab-portrait=\"\" data-height-mobile-landscape=\"\" style=\"clear:both;display:block;\"><\/div>[\/vc_column_inner][\/vc_row_inner][\/vc_column][\/vc_row][vc_row type=&#8221;vc_default&#8221; full_width=&#8221;stretch_row_content_no_spaces&#8221;][vc_column css=&#8221;.vc_custom_1699527067217{padding-top: 0px !important;}&#8221;]<div class=\"sbvcgmap-map-wrapper\" style=\"width:100%;height:500px\"><div class=\"sbvcgmap-map\" zoom=\"14\" maptype=\"ROADMAP\" panoramatogglebutton=\"no\" pancontrol=\"yes\" pancontrol_position=\"TOP_LEFT\" zoomcontrol=\"yes\" zoomcontrol_position=\"TOP_LEFT\" zoomcontrolstyle=\"DEFAULT\" maptypecontrol=\"yes\" maptypecontrol_position=\"TOP_RIGHT\" streetviewcontrol=\"yes\" streetviewcontrol_position=\"TOP_LEFT\" overviewmapcontrol=\"yes\" overviewmapcontrolvisible=\"no\" maptypecontrolstyle=\"DEFAULT\" mapstyle=\"style-2\" weather=\"no\" traffic=\"no\" transit=\"no\" bicycle=\"no\" panoramio=\"no\" draggable=\"yes\" scrollwheel=\"no\" cplatitude=\"48.869939714222\" cplongitude=\"2.3249010268383\" scalecontrol=\"yes\" searchtype=\"disabled\" searchradius=\"500\" searchiconanimation=\"NONE\" searchdirectiontext=\"\" reloadonresize=\"no\" clustering=\"no\" style=\"width:100%;height:500px\"><div class=\"sbvcgmap-marker\" data-lat=\"48.878136859428\" data-lng=\"2.3263889978413\" infowindow=\"no\" animation=\"NONE\" customstyles=\"no\" ><\/p>\n<p style=\"text-align: center;\"><strong>Atlantic H\u00f4tel Paris<\/strong><br \/>\n44, rue de Londres<br \/>\n75008 Paris<\/p>\n<p><\/div><\/div><\/div>[\/vc_column][\/vc_row]<\/p>\n<\/div>","protected":false},"excerpt":{"rendered":"<p>[vc_row type=&#8221;vc_default&#8221; full_width=&#8221;stretch_row_content&#8221; equal_height=&#8221;yes&#8221; bg_type=&#8221;image&#8221; parallax_style=&#8221;vcpb-default&#8221; bg_image_new=&#8221;id^205|url^https:\/\/atlantic-hotel-paris.com\/wp-content\/uploads\/2023\/12\/Sculpture-lobby-2500-20pct-1-scaled.jpg|caption^null|alt^null|title^Sculpture-lobby-2500-20pct|description^null&#8221; bg_image_repeat=&#8221;no-repeat&#8221; css=&#8221;.vc_custom_1701954370177{margin-bottom: 0px !important;padding-top: 10px !important;padding-right: 20px !important;padding-bottom: 0px !important;padding-left: 20px !important;background-color: #fdfcfc !important;}&#8221;][vc_column width=&#8221;1\/2&#8243; css=&#8221;.vc_custom_1699521099502{margin-top: 0px !important;margin-right: 50px !important;margin-bottom: 0px !important;padding-top: 0px !important;padding-right: 100px !important;padding-bottom: 100px !important;padding-left: 100px !important;background-position: center !important;background-repeat: no-repeat !important;background-size: contain !important;}&#8221; offset=&#8221;vc_hidden-xs&#8221;][\/vc_column][vc_column width=&#8221;1\/2&#8243; css=&#8221;.vc_custom_1624895408622{padding-top: 0px !important;padding-right: 100px !important;padding-bottom: 100px !important;padding-left: 100px !important;}&#8221; offset=&#8221;vc_hidden-xs&#8221;][vc_custom_heading&hellip;<\/p>\n","protected":false},"author":1,"featured_media":0,"parent":0,"menu_order":2,"comment_status":"closed","ping_status":"closed","template":"","meta":{"footnotes":""},"class_list":["post-693","page","type-page","status-publish","hentry","description-off"],"yoast_head":"<!-- This site is optimized with the Yoast SEO plugin v27.4 - https:\/\/yoast.com\/product\/yoast-seo-wordpress\/ -->\n<title>Atlantic H\u00f4tel Paris - Hotel 3* Deluxe nell&#039;8\u00b0 distretto di Parigi<\/title>\n<meta name=\"description\" content=\"Hotel contemporaneo ristrutturato con camere confortevoli nel quartiere Op\u00e9ra - St Lazare. Hotel vicino alla Madeleine, ai Grands Boulevards e alle Galeries Lafayette.\" \/>\n<meta name=\"robots\" content=\"index, follow, max-snippet:-1, max-image-preview:large, max-video-preview:-1\" \/>\n<link rel=\"canonical\" href=\"https:\/\/atlantic-hotel-paris.com\/it\/paris-opera\/\" \/>\n<meta property=\"og:locale\" content=\"it_IT\" \/>\n<meta property=\"og:type\" content=\"article\" \/>\n<meta property=\"og:title\" content=\"Atlantic H\u00f4tel Paris - Hotel 3* Deluxe nell&#039;8\u00b0 distretto di Parigi\" \/>\n<meta property=\"og:description\" content=\"Hotel contemporaneo ristrutturato con camere confortevoli nel quartiere Op\u00e9ra - St Lazare. Hotel vicino alla Madeleine, ai Grands Boulevards e alle Galeries Lafayette.\" \/>\n<meta property=\"og:url\" content=\"https:\/\/atlantic-hotel-paris.com\/it\/paris-opera\/\" \/>\n<meta property=\"og:site_name\" content=\"Atlantic H\u00f4tel Paris - H\u00f4tel Op\u00e9ra Saint Lazare Paris 8\" \/>\n<meta property=\"article:modified_time\" content=\"2024-05-14T11:20:55+00:00\" \/>\n<meta name=\"twitter:card\" content=\"summary_large_image\" \/>\n<meta name=\"twitter:label1\" content=\"Tempo di lettura stimato\" \/>\n\t<meta name=\"twitter:data1\" content=\"5 minuti\" \/>\n<script type=\"application\/ld+json\" class=\"yoast-schema-graph\">{\"@context\":\"https:\\\/\\\/schema.org\",\"@graph\":[{\"@type\":\"WebPage\",\"@id\":\"https:\\\/\\\/atlantic-hotel-paris.com\\\/it\\\/paris-opera\\\/\",\"url\":\"https:\\\/\\\/atlantic-hotel-paris.com\\\/it\\\/paris-opera\\\/\",\"name\":\"Atlantic H\u00f4tel Paris - Hotel 3* Deluxe nell'8\u00b0 distretto di Parigi\",\"isPartOf\":{\"@id\":\"https:\\\/\\\/atlantic-hotel-paris.com\\\/#website\"},\"datePublished\":\"2023-12-07T15:55:13+00:00\",\"dateModified\":\"2024-05-14T11:20:55+00:00\",\"description\":\"Hotel contemporaneo ristrutturato con camere confortevoli nel quartiere Op\u00e9ra - St Lazare. Hotel vicino alla Madeleine, ai Grands Boulevards e alle Galeries Lafayette.\",\"breadcrumb\":{\"@id\":\"https:\\\/\\\/atlantic-hotel-paris.com\\\/it\\\/paris-opera\\\/#breadcrumb\"},\"inLanguage\":\"it-IT\",\"potentialAction\":[{\"@type\":\"ReadAction\",\"target\":[\"https:\\\/\\\/atlantic-hotel-paris.com\\\/it\\\/paris-opera\\\/\"]}]},{\"@type\":\"BreadcrumbList\",\"@id\":\"https:\\\/\\\/atlantic-hotel-paris.com\\\/it\\\/paris-opera\\\/#breadcrumb\",\"itemListElement\":[{\"@type\":\"ListItem\",\"position\":1,\"name\":\"Accueil\",\"item\":\"https:\\\/\\\/atlantic-hotel-paris.com\\\/it\\\/\"},{\"@type\":\"ListItem\",\"position\":2,\"name\":\"Paris Op\u00e9ra\"}]},{\"@type\":\"WebSite\",\"@id\":\"https:\\\/\\\/atlantic-hotel-paris.com\\\/#website\",\"url\":\"https:\\\/\\\/atlantic-hotel-paris.com\\\/\",\"name\":\"Atlantic H\u00f4tel Paris - H\u00f4tel Op\u00e9ra Saint Lazare Paris 8\",\"description\":\"Un site d\u00e9velopp\u00e9 par PMT HOTELS\",\"potentialAction\":[{\"@type\":\"SearchAction\",\"target\":{\"@type\":\"EntryPoint\",\"urlTemplate\":\"https:\\\/\\\/atlantic-hotel-paris.com\\\/?s={search_term_string}\"},\"query-input\":{\"@type\":\"PropertyValueSpecification\",\"valueRequired\":true,\"valueName\":\"search_term_string\"}}],\"inLanguage\":\"it-IT\"}]}<\/script>\n<!-- \/ Yoast SEO plugin. -->","yoast_head_json":{"title":"Atlantic H\u00f4tel Paris - Hotel 3* Deluxe nell'8\u00b0 distretto di Parigi","description":"Hotel contemporaneo ristrutturato con camere confortevoli nel quartiere Op\u00e9ra - St Lazare. Hotel vicino alla Madeleine, ai Grands Boulevards e alle Galeries Lafayette.","robots":{"index":"index","follow":"follow","max-snippet":"max-snippet:-1","max-image-preview":"max-image-preview:large","max-video-preview":"max-video-preview:-1"},"canonical":"https:\/\/atlantic-hotel-paris.com\/it\/paris-opera\/","og_locale":"it_IT","og_type":"article","og_title":"Atlantic H\u00f4tel Paris - Hotel 3* Deluxe nell'8\u00b0 distretto di Parigi","og_description":"Hotel contemporaneo ristrutturato con camere confortevoli nel quartiere Op\u00e9ra - St Lazare. Hotel vicino alla Madeleine, ai Grands Boulevards e alle Galeries Lafayette.","og_url":"https:\/\/atlantic-hotel-paris.com\/it\/paris-opera\/","og_site_name":"Atlantic H\u00f4tel Paris - H\u00f4tel Op\u00e9ra Saint Lazare Paris 8","article_modified_time":"2024-05-14T11:20:55+00:00","twitter_card":"summary_large_image","twitter_misc":{"Tempo di lettura stimato":"5 minuti"},"schema":{"@context":"https:\/\/schema.org","@graph":[{"@type":"WebPage","@id":"https:\/\/atlantic-hotel-paris.com\/it\/paris-opera\/","url":"https:\/\/atlantic-hotel-paris.com\/it\/paris-opera\/","name":"Atlantic H\u00f4tel Paris - Hotel 3* Deluxe nell'8\u00b0 distretto di Parigi","isPartOf":{"@id":"https:\/\/atlantic-hotel-paris.com\/#website"},"datePublished":"2023-12-07T15:55:13+00:00","dateModified":"2024-05-14T11:20:55+00:00","description":"Hotel contemporaneo ristrutturato con camere confortevoli nel quartiere Op\u00e9ra - St Lazare. Hotel vicino alla Madeleine, ai Grands Boulevards e alle Galeries Lafayette.","breadcrumb":{"@id":"https:\/\/atlantic-hotel-paris.com\/it\/paris-opera\/#breadcrumb"},"inLanguage":"it-IT","potentialAction":[{"@type":"ReadAction","target":["https:\/\/atlantic-hotel-paris.com\/it\/paris-opera\/"]}]},{"@type":"BreadcrumbList","@id":"https:\/\/atlantic-hotel-paris.com\/it\/paris-opera\/#breadcrumb","itemListElement":[{"@type":"ListItem","position":1,"name":"Accueil","item":"https:\/\/atlantic-hotel-paris.com\/it\/"},{"@type":"ListItem","position":2,"name":"Paris Op\u00e9ra"}]},{"@type":"WebSite","@id":"https:\/\/atlantic-hotel-paris.com\/#website","url":"https:\/\/atlantic-hotel-paris.com\/","name":"Atlantic H\u00f4tel Paris - H\u00f4tel Op\u00e9ra Saint Lazare Paris 8","description":"Un site d\u00e9velopp\u00e9 par PMT HOTELS","potentialAction":[{"@type":"SearchAction","target":{"@type":"EntryPoint","urlTemplate":"https:\/\/atlantic-hotel-paris.com\/?s={search_term_string}"},"query-input":{"@type":"PropertyValueSpecification","valueRequired":true,"valueName":"search_term_string"}}],"inLanguage":"it-IT"}]}},"_links":{"self":[{"href":"https:\/\/atlantic-hotel-paris.com\/it\/wp-json\/wp\/v2\/pages\/693","targetHints":{"allow":["GET"]}}],"collection":[{"href":"https:\/\/atlantic-hotel-paris.com\/it\/wp-json\/wp\/v2\/pages"}],"about":[{"href":"https:\/\/atlantic-hotel-paris.com\/it\/wp-json\/wp\/v2\/types\/page"}],"author":[{"embeddable":true,"href":"https:\/\/atlantic-hotel-paris.com\/it\/wp-json\/wp\/v2\/users\/1"}],"replies":[{"embeddable":true,"href":"https:\/\/atlantic-hotel-paris.com\/it\/wp-json\/wp\/v2\/comments?post=693"}],"version-history":[{"count":9,"href":"https:\/\/atlantic-hotel-paris.com\/it\/wp-json\/wp\/v2\/pages\/693\/revisions"}],"predecessor-version":[{"id":943,"href":"https:\/\/atlantic-hotel-paris.com\/it\/wp-json\/wp\/v2\/pages\/693\/revisions\/943"}],"wp:attachment":[{"href":"https:\/\/atlantic-hotel-paris.com\/it\/wp-json\/wp\/v2\/media?parent=693"}],"curies":[{"name":"wp","href":"https:\/\/api.w.org\/{rel}","templated":true}]}}