{"id":714,"date":"2023-12-07T17:11:29","date_gmt":"2023-12-07T16:11:29","guid":{"rendered":"https:\/\/atlantic-hotel-paris.com\/colazione\/"},"modified":"2024-10-15T14:15:55","modified_gmt":"2024-10-15T12:15:55","slug":"colazione","status":"publish","type":"page","link":"https:\/\/atlantic-hotel-paris.com\/it\/colazione\/","title":{"rendered":"Colazione"},"content":{"rendered":"<div class=\"wpb-content-wrapper\"><p>[vc_row type=&#8221;vc_default&#8221; full_width=&#8221;stretch_row_content&#8221; equal_height=&#8221;yes&#8221; bg_type=&#8221;image&#8221; parallax_style=&#8221;vcpb-default&#8221; bg_image_new=&#8221;id^201|url^https:\/\/atlantic-hotel-paris.com\/wp-content\/uploads\/2023\/12\/Sculpture-lobby-2500-5-20pct.jpg|caption^null|alt^null|title^Sculpture-lobby-2500-5-20pct|description^null&#8221; bg_image_repeat=&#8221;no-repeat&#8221; css=&#8221;.vc_custom_1701966354351{margin-bottom: 0px !important;padding-top: 10px !important;padding-right: 20px !important;padding-bottom: 0px !important;padding-left: 20px !important;background-color: #fdfcfc !important;}&#8221;][vc_column width=&#8221;1\/2&#8243; css=&#8221;.vc_custom_1699521099502{margin-top: 0px !important;margin-right: 50px !important;margin-bottom: 0px !important;padding-top: 0px !important;padding-right: 100px !important;padding-bottom: 100px !important;padding-left: 100px !important;background-position: center !important;background-repeat: no-repeat !important;background-size: contain !important;}&#8221; offset=&#8221;vc_hidden-xs&#8221;]<div class=\"ult_row_spacer\"><div class=\"ult-sticky-anchor\"><div class=\"ult-sticky-section ult-sticky \"  data-gutter= '50' data-stick_behaviour= 'stick_with_scroll_row'  data-sticky_position= 'top' data-mobile='no' data-support='no'><div class=\"ult-spacer spacer-69d7ebf02137e\" data-id=\"69d7ebf02137e\" data-height=\"150\" data-height-mobile=\"150\" data-height-tab=\"150\" data-height-tab-portrait=\"\" data-height-mobile-landscape=\"\" style=\"clear:both;display:block;\"><\/div>[vc_custom_heading text=&#8221;Una giornata parigina inizia<br \/>\ncon una colazione completa o<br \/>\no una colazione espressa,<br \/>\nsempre con eleganza&#8221; font_container=&#8221;tag:h2|font_size:24px|text_align:left|color:%2385754e|line_height:30px&#8221; use_theme_fonts=&#8221;yes&#8221;]<div class=\"ult-spacer spacer-69d7ebf02139a\" data-id=\"69d7ebf02139a\" data-height=\"140\" data-height-mobile=\"140\" data-height-tab=\"140\" data-height-tab-portrait=\"\" data-height-mobile-landscape=\"\" style=\"clear:both;display:block;\"><\/div><\/div><div class=\"ult-space\"><\/div><\/div><\/div>[\/vc_column][vc_column width=&#8221;1\/2&#8243; css=&#8221;.vc_custom_1624895408622{padding-top: 0px !important;padding-right: 100px !important;padding-bottom: 100px !important;padding-left: 100px !important;}&#8221; offset=&#8221;vc_hidden-xs&#8221;]<div class=\"ult-spacer spacer-69d7ebf0213b6\" data-id=\"69d7ebf0213b6\" data-height=\"100\" data-height-mobile=\"100\" data-height-tab=\"100\" data-height-tab-portrait=\"\" data-height-mobile-landscape=\"\" style=\"clear:both;display:block;\"><\/div>[vc_custom_heading text=&#8221;Il <i>piacere<\/i><br \/>\ndella colazione in hotel&#8221; font_container=&#8221;tag:h1|text_align:left&#8221; use_theme_fonts=&#8221;yes&#8221;][vc_column_text css=&#8221;.vc_custom_1728994552765{margin-bottom: 10px !important;}&#8221;]<\/p>\n<h4><span style=\"color: #85754e;\">Il nostro hotel vi offre la possibilit\u00e0 di scoprire una scelta di tre colazioni.<\/span><\/h4>\n<p>&nbsp;<\/p>\n<h3>Colazione a buffet<\/h3>\n<p>Il <strong>buffet<\/strong> viene servito nella sala principale dell\u2019Hotel, inondata di luce , in quanto sotto l\u2019antico lucernario in vetro ristrutturato secondo concezioni moderno contemporanee.<\/p>\n<p>Il buffet e\u2019servito tutti i giorni a partire dalle 6,45h fino alle 10,30h.Si compone di molteplici variet\u00e0 di pane e di viennoiseries prodotte dalla nostra panetteria di fiducia .Segue una grande variet\u00e0 di formaggi( come emmenthal , camembert) , di creme da spalmare , da succhi di frutta :mela oppure arancia, variet\u00e0 di cereali : Coco pop, muesli, cornflakes, Special K, di yogurt bianchi oppure alla frutta, di una grande scelta di marmellate di miele, frutta fresca a scelta oppure gi\u00e0\u2019 preparata in macedonie di frutta , uova alla coque ,uova strapazzate servite con o senza, bacon , diversi tipi di salumi. Tutto cio\u2019accompagnato da bevande calde : te, caff\u00e8, cioccolata.<\/p>\n<p>Il buffet viene proposto a 18\u20ac a persona al giorno.<\/p>\n<p>&nbsp;<\/p>\n<h3>Prima colazione continentale<\/h3>\n<p>La prima <strong>colazione continentale<\/strong> viene servita tutti i giorni esclusivamente in camera a partire dalle 7,00h fino alle 11,00h. Si compone di una bevanda a scelta tra caff\u00e8 te o cioccolata , di un succo di frutta ( mela oppure arancia),di uno yogurt bianco oppure alla frutta , di un panino, un croissant ed una viennoiserie, di un piccolo vasetto di marmellata ed uno di miele.<\/p>\n<p>Questa formula continentale e\u2019 proposta a 16\u20ac a persona al giorno.<\/p>\n<p>&nbsp;<\/p>\n<h3>Colazione espressa<\/h3>\n<p>La <strong>prima colazione express<\/strong> e\u2019 servita tutti i giorni nella nostra seconda sala presente al pianterreno, a partire dalle 7,00 fino alle 10,30h. e si compone di un panino , 2 mini croissants di un vasetto di marmellata ed uno di miele , di un succo di frutta ( mela o arancia ) ,di una bevanda calda a scelta tra caff\u00e8 , t\u00e8 oppure cioccolata .<\/p>\n<p>Quest\u2019ultima formula di prima colazione viene proposta a 9\u20ac a persona al giorno.[\/vc_column_text]<div class=\"ult-spacer spacer-69d7ebf0213ca\" data-id=\"69d7ebf0213ca\" data-height=\"50\" data-height-mobile=\"50\" data-height-tab=\"50\" data-height-tab-portrait=\"\" data-height-mobile-landscape=\"\" style=\"clear:both;display:block;\"><\/div>[\/vc_column][\/vc_row][vc_row type=&#8221;vc_default&#8221; full_width=&#8221;stretch_row_content&#8221; equal_height=&#8221;yes&#8221; bg_type=&#8221;image&#8221; parallax_style=&#8221;vcpb-default&#8221; bg_image_new=&#8221;id^201|url^https:\/\/atlantic-hotel-paris.com\/wp-content\/uploads\/2023\/12\/Sculpture-lobby-2500-5-20pct.jpg|caption^null|alt^null|title^Sculpture-lobby-2500-5-20pct|description^null&#8221; bg_image_repeat=&#8221;no-repeat&#8221; css=&#8221;.vc_custom_1701966354351{margin-bottom: 0px !important;padding-top: 10px !important;padding-right: 20px !important;padding-bottom: 0px !important;padding-left: 20px !important;background-color: #fdfcfc !important;}&#8221;][vc_column width=&#8221;1\/2&#8243; css=&#8221;.vc_custom_1715686165631{margin-top: 0px !important;margin-bottom: 0px !important;padding-top: 0px !important;padding-bottom: 100px !important;background-position: center !important;background-repeat: no-repeat !important;background-size: contain !important;}&#8221; offset=&#8221;vc_hidden-lg vc_hidden-md vc_hidden-sm&#8221;]<div class=\"ult_row_spacer\"><div class=\"ult-sticky-anchor\"><div class=\"ult-sticky-section ult-sticky \"  data-gutter= '50' data-stick_behaviour= 'stick_with_scroll_row'  data-sticky_position= 'top' data-mobile='no' data-support='no'><div class=\"ult-spacer spacer-69d7ebf02142c\" data-id=\"69d7ebf02142c\" data-height=\"150\" data-height-mobile=\"150\" data-height-tab=\"150\" data-height-tab-portrait=\"\" data-height-mobile-landscape=\"\" style=\"clear:both;display:block;\"><\/div>[vc_custom_heading text=&#8221;Una giornata parigina inizia<br \/>\ncon una colazione completa o<br \/>\no una colazione espressa,<br \/>\nsempre con eleganza&#8221; font_container=&#8221;tag:h2|font_size:24px|text_align:center|color:%2385754e|line_height:30px&#8221; use_theme_fonts=&#8221;yes&#8221; css=&#8221;&#8221;]<div class=\"ult-spacer spacer-69d7ebf02143e\" data-id=\"69d7ebf02143e\" data-height=\"140\" data-height-mobile=\"40\" data-height-tab=\"\" data-height-tab-portrait=\"\" data-height-mobile-landscape=\"\" style=\"clear:both;display:block;\"><\/div><\/div><div class=\"ult-space\"><\/div><\/div><\/div>[\/vc_column][vc_column width=&#8221;1\/2&#8243; css=&#8221;.vc_custom_1715686178530{padding-top: 0px !important;padding-bottom: 100px !important;}&#8221; offset=&#8221;vc_hidden-lg vc_hidden-md vc_hidden-sm&#8221;][vc_custom_heading text=&#8221;Il <i>piacere<\/i><br \/>\ndella colazione in hotel&#8221; font_container=&#8221;tag:h1|text_align:left&#8221; use_theme_fonts=&#8221;yes&#8221;][vc_column_text css=&#8221;.vc_custom_1701966618726{margin-bottom: 10px !important;}&#8221;]<\/p>\n<h4><span style=\"color: #85754e;\">Il nostro hotel vi offre la possibilit\u00e0 di scoprire una scelta di tre colazioni.<\/span><\/h4>\n<p>&nbsp;<\/p>\n<h3>Colazione a buffet<\/h3>\n<p>Il <strong>buffet<\/strong> viene servito nella sala principale dell\u2019Hotel, inondata di luce , in quanto sotto l\u2019antico lucernario in vetro ristrutturato secondo concezioni moderno contemporanee.<\/p>\n<p>Il buffet e\u2019servito tutti i giorni a partire dalle 6,45h fino alle 10,30h.Si compone di molteplici variet\u00e0 di pane e di viennoiseries prodotte dalla nostra panetteria di fiducia .Segue una grande variet\u00e0 di formaggi( come emmenthal , camembert) , di creme da spalmare , da succhi di frutta :mela oppure arancia, variet\u00e0 di cereali : Coco pop, muesli, cornflakes, Special K, di yogurt bianchi oppure alla frutta, di una grande scelta di marmellate di miele, frutta fresca a scelta oppure gi\u00e0\u2019 preparata in macedonie di frutta , uova alla coque ,uova strapazzate servite con o senza, bacon , diversi tipi di salumi. Tutto cio\u2019accompagnato da bevande calde : te, caff\u00e8, cioccolata.<\/p>\n<p>Il buffet viene proposto a 18\u20ac a persona al giorno.<\/p>\n<p>&nbsp;<\/p>\n<h3>Prima colazione continentale<\/h3>\n<p>La prima <strong>colazione continentale<\/strong> viene servita tutti i giorni esclusivamente in camera a partire dalle 7,00h fino alle 11,00h. Si compone di una bevanda a scelta tra caff\u00e8 te o cioccolata , di un succo di frutta ( mela oppure arancia),di uno yogurt bianco oppure alla frutta , di un panino, un croissant ed una viennoiserie, di un piccolo vasetto di marmellata ed uno di miele.<\/p>\n<p>Questa formula continentale e\u2019 proposta a 16\u20ac a persona al giorno.<\/p>\n<p>&nbsp;<\/p>\n<h3>Colazione espressa<\/h3>\n<p>La <strong>prima colazione express<\/strong> e\u2019 servita tutti i giorni nella nostra seconda sala presente al pianterreno, a partire dalle 6,45 fino alle 10,30h. e si compone di un panino , 2 mini croissants di un vasetto di marmellata ed uno di miele , di un succo di frutta ( mela o arancia ) ,di una bevanda calda a scelta tra caff\u00e8 , t\u00e8 oppure cioccolata .<\/p>\n<p>Quest\u2019ultima formula di prima colazione viene proposta a 9\u20ac a persona al giorno.[\/vc_column_text]<div class=\"ult-spacer spacer-69d7ebf021452\" data-id=\"69d7ebf021452\" data-height=\"50\" data-height-mobile=\"50\" data-height-tab=\"50\" data-height-tab-portrait=\"\" data-height-mobile-landscape=\"\" style=\"clear:both;display:block;\"><\/div>[\/vc_column][\/vc_row][vc_row type=&#8221;vc_default&#8221; full_width=&#8221;stretch_row_content_no_spaces&#8221;][vc_column css=&#8221;.vc_custom_1699527067217{padding-top: 0px !important;}&#8221;]<div class=\"sbvcgmap-map-wrapper\" style=\"width:100%;height:500px\"><div class=\"sbvcgmap-map\" zoom=\"14\" maptype=\"ROADMAP\" panoramatogglebutton=\"no\" pancontrol=\"yes\" pancontrol_position=\"TOP_LEFT\" zoomcontrol=\"yes\" zoomcontrol_position=\"TOP_LEFT\" zoomcontrolstyle=\"DEFAULT\" maptypecontrol=\"yes\" maptypecontrol_position=\"TOP_RIGHT\" streetviewcontrol=\"yes\" streetviewcontrol_position=\"TOP_LEFT\" overviewmapcontrol=\"yes\" overviewmapcontrolvisible=\"no\" maptypecontrolstyle=\"DEFAULT\" mapstyle=\"style-2\" weather=\"no\" traffic=\"no\" transit=\"no\" bicycle=\"no\" panoramio=\"no\" draggable=\"yes\" scrollwheel=\"no\" cplatitude=\"48.869939714222\" cplongitude=\"2.3249010268383\" scalecontrol=\"yes\" searchtype=\"disabled\" searchradius=\"500\" searchiconanimation=\"NONE\" searchdirectiontext=\"\" reloadonresize=\"no\" clustering=\"no\" style=\"width:100%;height:500px\"><div class=\"sbvcgmap-marker\" data-lat=\"48.878136859428\" data-lng=\"2.3263889978413\" infowindow=\"no\" animation=\"NONE\" customstyles=\"no\" ><\/p>\n<p style=\"text-align: center;\"><strong>Atlantic H\u00f4tel Paris<\/strong><br \/>\n44, rue de Londres<br \/>\n75008 Paris<\/p>\n<p><\/div><\/div><\/div>[\/vc_column][\/vc_row]<\/p>\n<\/div>","protected":false},"excerpt":{"rendered":"<p>[vc_row type=&#8221;vc_default&#8221; full_width=&#8221;stretch_row_content&#8221; equal_height=&#8221;yes&#8221; bg_type=&#8221;image&#8221; parallax_style=&#8221;vcpb-default&#8221; bg_image_new=&#8221;id^201|url^https:\/\/atlantic-hotel-paris.com\/wp-content\/uploads\/2023\/12\/Sculpture-lobby-2500-5-20pct.jpg|caption^null|alt^null|title^Sculpture-lobby-2500-5-20pct|description^null&#8221; bg_image_repeat=&#8221;no-repeat&#8221; css=&#8221;.vc_custom_1701966354351{margin-bottom: 0px !important;padding-top: 10px !important;padding-right: 20px !important;padding-bottom: 0px !important;padding-left: 20px !important;background-color: #fdfcfc !important;}&#8221;][vc_column width=&#8221;1\/2&#8243; css=&#8221;.vc_custom_1699521099502{margin-top: 0px !important;margin-right: 50px !important;margin-bottom: 0px !important;padding-top: 0px !important;padding-right: 100px !important;padding-bottom: 100px !important;padding-left: 100px !important;background-position: center !important;background-repeat: no-repeat !important;background-size: contain !important;}&#8221; offset=&#8221;vc_hidden-xs&#8221;][\/vc_column][vc_column width=&#8221;1\/2&#8243; css=&#8221;.vc_custom_1624895408622{padding-top: 0px !important;padding-right: 100px !important;padding-bottom: 100px !important;padding-left: 100px !important;}&#8221; offset=&#8221;vc_hidden-xs&#8221;][vc_custom_heading&hellip;<\/p>\n","protected":false},"author":1,"featured_media":0,"parent":0,"menu_order":4,"comment_status":"closed","ping_status":"closed","template":"","meta":{"footnotes":""},"class_list":["post-714","page","type-page","status-publish","hentry","description-off"],"yoast_head":"<!-- This site is optimized with the Yoast SEO plugin v27.3 - https:\/\/yoast.com\/product\/yoast-seo-wordpress\/ -->\n<title>Atlantic H\u00f4tel Paris - Hotel 3* Deluxe a Parigi Op\u00e9ra Saint Lazare<\/title>\n<meta name=\"description\" content=\"Hotel contemporaneo nell&#039;8\u00b0 arrondissement di Parigi con particolare attenzione al comfort, alla decorazione e alla colazione a buffet servita in un ambiente eccezionale.\" \/>\n<meta name=\"robots\" content=\"index, follow, max-snippet:-1, max-image-preview:large, max-video-preview:-1\" \/>\n<link rel=\"canonical\" href=\"https:\/\/atlantic-hotel-paris.com\/it\/colazione\/\" \/>\n<meta property=\"og:locale\" content=\"it_IT\" \/>\n<meta property=\"og:type\" content=\"article\" \/>\n<meta property=\"og:title\" content=\"Atlantic H\u00f4tel Paris - Hotel 3* Deluxe a Parigi Op\u00e9ra Saint Lazare\" \/>\n<meta property=\"og:description\" content=\"Hotel contemporaneo nell&#039;8\u00b0 arrondissement di Parigi con particolare attenzione al comfort, alla decorazione e alla colazione a buffet servita in un ambiente eccezionale.\" \/>\n<meta property=\"og:url\" content=\"https:\/\/atlantic-hotel-paris.com\/it\/colazione\/\" \/>\n<meta property=\"og:site_name\" content=\"Atlantic H\u00f4tel Paris - H\u00f4tel Op\u00e9ra Saint Lazare Paris 8\" \/>\n<meta property=\"article:modified_time\" content=\"2024-10-15T12:15:55+00:00\" \/>\n<meta name=\"twitter:card\" content=\"summary_large_image\" \/>\n<meta name=\"twitter:label1\" content=\"Tempo di lettura stimato\" \/>\n\t<meta name=\"twitter:data1\" content=\"5 minuti\" \/>\n<script type=\"application\/ld+json\" class=\"yoast-schema-graph\">{\"@context\":\"https:\\\/\\\/schema.org\",\"@graph\":[{\"@type\":\"WebPage\",\"@id\":\"https:\\\/\\\/atlantic-hotel-paris.com\\\/it\\\/colazione\\\/\",\"url\":\"https:\\\/\\\/atlantic-hotel-paris.com\\\/it\\\/colazione\\\/\",\"name\":\"Atlantic H\u00f4tel Paris - Hotel 3* Deluxe a Parigi Op\u00e9ra Saint Lazare\",\"isPartOf\":{\"@id\":\"https:\\\/\\\/atlantic-hotel-paris.com\\\/#website\"},\"datePublished\":\"2023-12-07T16:11:29+00:00\",\"dateModified\":\"2024-10-15T12:15:55+00:00\",\"description\":\"Hotel contemporaneo nell'8\u00b0 arrondissement di Parigi con particolare attenzione al comfort, alla decorazione e alla colazione a buffet servita in un ambiente eccezionale.\",\"breadcrumb\":{\"@id\":\"https:\\\/\\\/atlantic-hotel-paris.com\\\/it\\\/colazione\\\/#breadcrumb\"},\"inLanguage\":\"it-IT\",\"potentialAction\":[{\"@type\":\"ReadAction\",\"target\":[\"https:\\\/\\\/atlantic-hotel-paris.com\\\/it\\\/colazione\\\/\"]}]},{\"@type\":\"BreadcrumbList\",\"@id\":\"https:\\\/\\\/atlantic-hotel-paris.com\\\/it\\\/colazione\\\/#breadcrumb\",\"itemListElement\":[{\"@type\":\"ListItem\",\"position\":1,\"name\":\"Accueil\",\"item\":\"https:\\\/\\\/atlantic-hotel-paris.com\\\/it\\\/\"},{\"@type\":\"ListItem\",\"position\":2,\"name\":\"Colazione\"}]},{\"@type\":\"WebSite\",\"@id\":\"https:\\\/\\\/atlantic-hotel-paris.com\\\/#website\",\"url\":\"https:\\\/\\\/atlantic-hotel-paris.com\\\/\",\"name\":\"Atlantic H\u00f4tel Paris - H\u00f4tel Op\u00e9ra Saint Lazare Paris 8\",\"description\":\"Un site d\u00e9velopp\u00e9 par PMT HOTELS\",\"potentialAction\":[{\"@type\":\"SearchAction\",\"target\":{\"@type\":\"EntryPoint\",\"urlTemplate\":\"https:\\\/\\\/atlantic-hotel-paris.com\\\/?s={search_term_string}\"},\"query-input\":{\"@type\":\"PropertyValueSpecification\",\"valueRequired\":true,\"valueName\":\"search_term_string\"}}],\"inLanguage\":\"it-IT\"}]}<\/script>\n<!-- \/ Yoast SEO plugin. -->","yoast_head_json":{"title":"Atlantic H\u00f4tel Paris - Hotel 3* Deluxe a Parigi Op\u00e9ra Saint Lazare","description":"Hotel contemporaneo nell'8\u00b0 arrondissement di Parigi con particolare attenzione al comfort, alla decorazione e alla colazione a buffet servita in un ambiente eccezionale.","robots":{"index":"index","follow":"follow","max-snippet":"max-snippet:-1","max-image-preview":"max-image-preview:large","max-video-preview":"max-video-preview:-1"},"canonical":"https:\/\/atlantic-hotel-paris.com\/it\/colazione\/","og_locale":"it_IT","og_type":"article","og_title":"Atlantic H\u00f4tel Paris - Hotel 3* Deluxe a Parigi Op\u00e9ra Saint Lazare","og_description":"Hotel contemporaneo nell'8\u00b0 arrondissement di Parigi con particolare attenzione al comfort, alla decorazione e alla colazione a buffet servita in un ambiente eccezionale.","og_url":"https:\/\/atlantic-hotel-paris.com\/it\/colazione\/","og_site_name":"Atlantic H\u00f4tel Paris - H\u00f4tel Op\u00e9ra Saint Lazare Paris 8","article_modified_time":"2024-10-15T12:15:55+00:00","twitter_card":"summary_large_image","twitter_misc":{"Tempo di lettura stimato":"5 minuti"},"schema":{"@context":"https:\/\/schema.org","@graph":[{"@type":"WebPage","@id":"https:\/\/atlantic-hotel-paris.com\/it\/colazione\/","url":"https:\/\/atlantic-hotel-paris.com\/it\/colazione\/","name":"Atlantic H\u00f4tel Paris - Hotel 3* Deluxe a Parigi Op\u00e9ra Saint Lazare","isPartOf":{"@id":"https:\/\/atlantic-hotel-paris.com\/#website"},"datePublished":"2023-12-07T16:11:29+00:00","dateModified":"2024-10-15T12:15:55+00:00","description":"Hotel contemporaneo nell'8\u00b0 arrondissement di Parigi con particolare attenzione al comfort, alla decorazione e alla colazione a buffet servita in un ambiente eccezionale.","breadcrumb":{"@id":"https:\/\/atlantic-hotel-paris.com\/it\/colazione\/#breadcrumb"},"inLanguage":"it-IT","potentialAction":[{"@type":"ReadAction","target":["https:\/\/atlantic-hotel-paris.com\/it\/colazione\/"]}]},{"@type":"BreadcrumbList","@id":"https:\/\/atlantic-hotel-paris.com\/it\/colazione\/#breadcrumb","itemListElement":[{"@type":"ListItem","position":1,"name":"Accueil","item":"https:\/\/atlantic-hotel-paris.com\/it\/"},{"@type":"ListItem","position":2,"name":"Colazione"}]},{"@type":"WebSite","@id":"https:\/\/atlantic-hotel-paris.com\/#website","url":"https:\/\/atlantic-hotel-paris.com\/","name":"Atlantic H\u00f4tel Paris - H\u00f4tel Op\u00e9ra Saint Lazare Paris 8","description":"Un site d\u00e9velopp\u00e9 par PMT HOTELS","potentialAction":[{"@type":"SearchAction","target":{"@type":"EntryPoint","urlTemplate":"https:\/\/atlantic-hotel-paris.com\/?s={search_term_string}"},"query-input":{"@type":"PropertyValueSpecification","valueRequired":true,"valueName":"search_term_string"}}],"inLanguage":"it-IT"}]}},"_links":{"self":[{"href":"https:\/\/atlantic-hotel-paris.com\/it\/wp-json\/wp\/v2\/pages\/714","targetHints":{"allow":["GET"]}}],"collection":[{"href":"https:\/\/atlantic-hotel-paris.com\/it\/wp-json\/wp\/v2\/pages"}],"about":[{"href":"https:\/\/atlantic-hotel-paris.com\/it\/wp-json\/wp\/v2\/types\/page"}],"author":[{"embeddable":true,"href":"https:\/\/atlantic-hotel-paris.com\/it\/wp-json\/wp\/v2\/users\/1"}],"replies":[{"embeddable":true,"href":"https:\/\/atlantic-hotel-paris.com\/it\/wp-json\/wp\/v2\/comments?post=714"}],"version-history":[{"count":6,"href":"https:\/\/atlantic-hotel-paris.com\/it\/wp-json\/wp\/v2\/pages\/714\/revisions"}],"predecessor-version":[{"id":972,"href":"https:\/\/atlantic-hotel-paris.com\/it\/wp-json\/wp\/v2\/pages\/714\/revisions\/972"}],"wp:attachment":[{"href":"https:\/\/atlantic-hotel-paris.com\/it\/wp-json\/wp\/v2\/media?parent=714"}],"curies":[{"name":"wp","href":"https:\/\/api.w.org\/{rel}","templated":true}]}}