{"id":723,"date":"2024-01-22T14:34:29","date_gmt":"2024-01-22T13:34:29","guid":{"rendered":"https:\/\/atlantic-hotel-paris.com\/contatto-e-localizzazione\/"},"modified":"2025-10-16T23:17:36","modified_gmt":"2025-10-16T21:17:36","slug":"contatto-e-localizzazione","status":"publish","type":"page","link":"https:\/\/atlantic-hotel-paris.com\/it\/contatto-e-localizzazione\/","title":{"rendered":"Contatto e localizzazione"},"content":{"rendered":"<div class=\"wpb-content-wrapper\"><p>[vc_row][vc_column]<div class=\"ult-spacer spacer-69e4e82a2f04d\" data-id=\"69e4e82a2f04d\" data-height=\"100\" data-height-mobile=\"100\" data-height-tab=\"100\" data-height-tab-portrait=\"\" data-height-mobile-landscape=\"\" style=\"clear:both;display:block;\"><\/div>[vc_row_inner][vc_column_inner width=&#8221;1\/6&#8243;][\/vc_column_inner][vc_column_inner width=&#8221;2\/3&#8243;][vc_column_text css=&#8221;&#8221;]<\/p>\n<h3 style=\"text-align: center;\">Facendo la prenotazione direttamente sul nostro sito o al telefono,<br \/>\npotete usufruire delle tariffe preferenziale orarie con il nostri parcheggi partner:<\/h3>\n<p>&nbsp;<\/p>\n<p style=\"text-align: center;\"><strong>40% al parcheggio Effia St-Lazare<\/strong><br \/>\n(2 minuti a piedi)<br \/>\n29, rue de Londres \u2013 75009 Paris<\/p>\n<p>&nbsp;<\/p>\n<p style=\"text-align: center;\"><strong>15% al parcheggio Effia Batignolles<\/strong><br \/>\n(8 minuti a piedi)<br \/>\n43, boulevard des Batignolles \u2013 75008 Paris<\/p>\n<p>&nbsp;<\/p>\n<h4 style=\"text-align: center;\">Per usufruire di questa offerta, baster\u00e0 cliccare sul link indicato nella vostra conferma per prenotare e pagare, inserendo il codice sconto visualizzato sulla pagina.<\/h4>\n<p>[\/vc_column_text]<div class=\"ult-spacer spacer-69e4e82a2f07b\" data-id=\"69e4e82a2f07b\" data-height=\"40\" data-height-mobile=\"40\" data-height-tab=\"40\" data-height-tab-portrait=\"\" data-height-mobile-landscape=\"\" style=\"clear:both;display:block;\"><\/div>[vc_column_text]<\/p>\n<h3 style=\"text-align: center;\">In metro, 4 stazioni a 4 minuti a piedi<\/h3>\n<p>&nbsp;<\/p>\n<p style=\"text-align: center;\"><strong>St-Lazare<\/strong>: Linee 3, 12, 13 et 14<\/p>\n<p style=\"text-align: center;\"><strong>Haussmann-St-Lazare:<\/strong> RER E (Aeroporto Charles De Gaulle)<\/p>\n<p style=\"text-align: center;\"><strong>Li\u00e8ge<\/strong>: Linea 13<\/p>\n<p style=\"text-align: center;\"><strong>Europe<\/strong>: Linea 3<\/p>\n<p>[\/vc_column_text]<div class=\"ult-spacer spacer-69e4e82a2f093\" data-id=\"69e4e82a2f093\" data-height=\"60\" data-height-mobile=\"60\" data-height-tab=\"60\" data-height-tab-portrait=\"\" data-height-mobile-landscape=\"\" style=\"clear:both;display:block;\"><\/div>[vc_column_text]<\/p>\n<h3 style=\"text-align: center;\">L\u2019intero team dell\u2019hotel Atlantic Paris \u00e8 al vostro servizio per organizzare il vostro viaggio e rendere il vostro soggiorno indimenticabile.<\/h3>\n<p>[\/vc_column_text][\/vc_column_inner][vc_column_inner width=&#8221;1\/6&#8243;][\/vc_column_inner][\/vc_row_inner]<div class=\"ult-spacer spacer-69e4e82a2f0a6\" data-id=\"69e4e82a2f0a6\" data-height=\"100\" data-height-mobile=\"100\" data-height-tab=\"100\" data-height-tab-portrait=\"\" data-height-mobile-landscape=\"\" style=\"clear:both;display:block;\"><\/div>[\/vc_column][\/vc_row][vc_row type=&#8221;vc_default&#8221; full_width=&#8221;stretch_row_content_no_spaces&#8221;][vc_column css=&#8221;.vc_custom_1699527067217{padding-top: 0px !important;}&#8221;]<div class=\"sbvcgmap-map-wrapper\" style=\"width:100%;height:500px\"><div class=\"sbvcgmap-map\" zoom=\"14\" maptype=\"ROADMAP\" panoramatogglebutton=\"no\" pancontrol=\"yes\" pancontrol_position=\"TOP_LEFT\" zoomcontrol=\"yes\" zoomcontrol_position=\"TOP_LEFT\" zoomcontrolstyle=\"DEFAULT\" maptypecontrol=\"yes\" maptypecontrol_position=\"TOP_RIGHT\" streetviewcontrol=\"yes\" streetviewcontrol_position=\"TOP_LEFT\" overviewmapcontrol=\"yes\" overviewmapcontrolvisible=\"no\" maptypecontrolstyle=\"DEFAULT\" mapstyle=\"style-2\" weather=\"no\" traffic=\"no\" transit=\"no\" bicycle=\"no\" panoramio=\"no\" draggable=\"yes\" scrollwheel=\"no\" cplatitude=\"48.869939714222\" cplongitude=\"2.3249010268383\" scalecontrol=\"yes\" searchtype=\"disabled\" searchradius=\"500\" searchiconanimation=\"NONE\" searchdirectiontext=\"\" reloadonresize=\"no\" clustering=\"no\" style=\"width:100%;height:500px\"><div class=\"sbvcgmap-marker\" data-lat=\"48.878136859428\" data-lng=\"2.3263889978413\" infowindow=\"no\" animation=\"NONE\" customstyles=\"no\" ><\/p>\n<p style=\"text-align: center;\"><strong>Atlantic H\u00f4tel Paris<\/strong><br \/>\n44, rue de Londres<br \/>\n75008 Paris<\/p>\n<p><\/div><\/div><\/div>[\/vc_column][\/vc_row]<\/p>\n<\/div>","protected":false},"excerpt":{"rendered":"<p>[vc_row][vc_column][vc_row_inner][vc_column_inner width=&#8221;1\/6&#8243;][\/vc_column_inner][vc_column_inner width=&#8221;2\/3&#8243;][vc_column_text css=&#8221;&#8221;] Facendo la prenotazione direttamente sul nostro sito o al telefono, potete usufruire delle tariffe preferenziale orarie con il nostri parcheggi partner: &nbsp; 40% al parcheggio Effia St-Lazare (2 minuti a piedi) 29, rue de Londres \u2013 75009 Paris &nbsp; 15% al parcheggio Effia Batignolles (8 minuti a piedi) 43, boulevard des&hellip;<\/p>\n","protected":false},"author":1,"featured_media":0,"parent":0,"menu_order":6,"comment_status":"closed","ping_status":"closed","template":"","meta":{"footnotes":""},"class_list":["post-723","page","type-page","status-publish","hentry","description-off"],"yoast_head":"<!-- This site is optimized with the Yoast SEO plugin v27.4 - https:\/\/yoast.com\/product\/yoast-seo-wordpress\/ -->\n<title>Contatto e localizzazione - Atlantic H\u00f4tel Paris - H\u00f4tel Op\u00e9ra Saint Lazare Paris 8<\/title>\n<meta name=\"description\" content=\"Hotel 3 stelle a Parigi con comfort di lusso vicino al quartiere degli affari e alle principali attrazioni turistiche di Parigi. Telefono: +33 1 43 87 45 40 -\" \/>\n<meta name=\"robots\" content=\"index, follow, max-snippet:-1, max-image-preview:large, max-video-preview:-1\" \/>\n<link rel=\"canonical\" href=\"https:\/\/atlantic-hotel-paris.com\/it\/contatto-e-localizzazione\/\" \/>\n<meta property=\"og:locale\" content=\"it_IT\" \/>\n<meta property=\"og:type\" content=\"article\" \/>\n<meta property=\"og:title\" content=\"Contatto e localizzazione - Atlantic H\u00f4tel Paris - H\u00f4tel Op\u00e9ra Saint Lazare Paris 8\" \/>\n<meta property=\"og:description\" content=\"Hotel 3 stelle a Parigi con comfort di lusso vicino al quartiere degli affari e alle principali attrazioni turistiche di Parigi. Telefono: +33 1 43 87 45 40 -\" \/>\n<meta property=\"og:url\" content=\"https:\/\/atlantic-hotel-paris.com\/it\/contatto-e-localizzazione\/\" \/>\n<meta property=\"og:site_name\" content=\"Atlantic H\u00f4tel Paris - H\u00f4tel Op\u00e9ra Saint Lazare Paris 8\" \/>\n<meta property=\"article:modified_time\" content=\"2025-10-16T21:17:36+00:00\" \/>\n<meta name=\"twitter:card\" content=\"summary_large_image\" \/>\n<meta name=\"twitter:label1\" content=\"Tempo di lettura stimato\" \/>\n\t<meta name=\"twitter:data1\" content=\"1 minuto\" \/>\n<script type=\"application\/ld+json\" class=\"yoast-schema-graph\">{\"@context\":\"https:\\\/\\\/schema.org\",\"@graph\":[{\"@type\":\"WebPage\",\"@id\":\"https:\\\/\\\/atlantic-hotel-paris.com\\\/it\\\/contatto-e-localizzazione\\\/\",\"url\":\"https:\\\/\\\/atlantic-hotel-paris.com\\\/it\\\/contatto-e-localizzazione\\\/\",\"name\":\"Contatto e localizzazione - Atlantic H\u00f4tel Paris - H\u00f4tel Op\u00e9ra Saint Lazare Paris 8\",\"isPartOf\":{\"@id\":\"https:\\\/\\\/atlantic-hotel-paris.com\\\/#website\"},\"datePublished\":\"2024-01-22T13:34:29+00:00\",\"dateModified\":\"2025-10-16T21:17:36+00:00\",\"description\":\"Hotel 3 stelle a Parigi con comfort di lusso vicino al quartiere degli affari e alle principali attrazioni turistiche di Parigi. Telefono: +33 1 43 87 45 40 -\",\"breadcrumb\":{\"@id\":\"https:\\\/\\\/atlantic-hotel-paris.com\\\/it\\\/contatto-e-localizzazione\\\/#breadcrumb\"},\"inLanguage\":\"it-IT\",\"potentialAction\":[{\"@type\":\"ReadAction\",\"target\":[\"https:\\\/\\\/atlantic-hotel-paris.com\\\/it\\\/contatto-e-localizzazione\\\/\"]}]},{\"@type\":\"BreadcrumbList\",\"@id\":\"https:\\\/\\\/atlantic-hotel-paris.com\\\/it\\\/contatto-e-localizzazione\\\/#breadcrumb\",\"itemListElement\":[{\"@type\":\"ListItem\",\"position\":1,\"name\":\"Accueil\",\"item\":\"https:\\\/\\\/atlantic-hotel-paris.com\\\/it\\\/\"},{\"@type\":\"ListItem\",\"position\":2,\"name\":\"Contatto e localizzazione\"}]},{\"@type\":\"WebSite\",\"@id\":\"https:\\\/\\\/atlantic-hotel-paris.com\\\/#website\",\"url\":\"https:\\\/\\\/atlantic-hotel-paris.com\\\/\",\"name\":\"Atlantic H\u00f4tel Paris - H\u00f4tel Op\u00e9ra Saint Lazare Paris 8\",\"description\":\"Un site d\u00e9velopp\u00e9 par PMT HOTELS\",\"potentialAction\":[{\"@type\":\"SearchAction\",\"target\":{\"@type\":\"EntryPoint\",\"urlTemplate\":\"https:\\\/\\\/atlantic-hotel-paris.com\\\/?s={search_term_string}\"},\"query-input\":{\"@type\":\"PropertyValueSpecification\",\"valueRequired\":true,\"valueName\":\"search_term_string\"}}],\"inLanguage\":\"it-IT\"}]}<\/script>\n<!-- \/ Yoast SEO plugin. -->","yoast_head_json":{"title":"Contatto e localizzazione - Atlantic H\u00f4tel Paris - H\u00f4tel Op\u00e9ra Saint Lazare Paris 8","description":"Hotel 3 stelle a Parigi con comfort di lusso vicino al quartiere degli affari e alle principali attrazioni turistiche di Parigi. Telefono: +33 1 43 87 45 40 -","robots":{"index":"index","follow":"follow","max-snippet":"max-snippet:-1","max-image-preview":"max-image-preview:large","max-video-preview":"max-video-preview:-1"},"canonical":"https:\/\/atlantic-hotel-paris.com\/it\/contatto-e-localizzazione\/","og_locale":"it_IT","og_type":"article","og_title":"Contatto e localizzazione - Atlantic H\u00f4tel Paris - H\u00f4tel Op\u00e9ra Saint Lazare Paris 8","og_description":"Hotel 3 stelle a Parigi con comfort di lusso vicino al quartiere degli affari e alle principali attrazioni turistiche di Parigi. Telefono: +33 1 43 87 45 40 -","og_url":"https:\/\/atlantic-hotel-paris.com\/it\/contatto-e-localizzazione\/","og_site_name":"Atlantic H\u00f4tel Paris - H\u00f4tel Op\u00e9ra Saint Lazare Paris 8","article_modified_time":"2025-10-16T21:17:36+00:00","twitter_card":"summary_large_image","twitter_misc":{"Tempo di lettura stimato":"1 minuto"},"schema":{"@context":"https:\/\/schema.org","@graph":[{"@type":"WebPage","@id":"https:\/\/atlantic-hotel-paris.com\/it\/contatto-e-localizzazione\/","url":"https:\/\/atlantic-hotel-paris.com\/it\/contatto-e-localizzazione\/","name":"Contatto e localizzazione - Atlantic H\u00f4tel Paris - H\u00f4tel Op\u00e9ra Saint Lazare Paris 8","isPartOf":{"@id":"https:\/\/atlantic-hotel-paris.com\/#website"},"datePublished":"2024-01-22T13:34:29+00:00","dateModified":"2025-10-16T21:17:36+00:00","description":"Hotel 3 stelle a Parigi con comfort di lusso vicino al quartiere degli affari e alle principali attrazioni turistiche di Parigi. Telefono: +33 1 43 87 45 40 -","breadcrumb":{"@id":"https:\/\/atlantic-hotel-paris.com\/it\/contatto-e-localizzazione\/#breadcrumb"},"inLanguage":"it-IT","potentialAction":[{"@type":"ReadAction","target":["https:\/\/atlantic-hotel-paris.com\/it\/contatto-e-localizzazione\/"]}]},{"@type":"BreadcrumbList","@id":"https:\/\/atlantic-hotel-paris.com\/it\/contatto-e-localizzazione\/#breadcrumb","itemListElement":[{"@type":"ListItem","position":1,"name":"Accueil","item":"https:\/\/atlantic-hotel-paris.com\/it\/"},{"@type":"ListItem","position":2,"name":"Contatto e localizzazione"}]},{"@type":"WebSite","@id":"https:\/\/atlantic-hotel-paris.com\/#website","url":"https:\/\/atlantic-hotel-paris.com\/","name":"Atlantic H\u00f4tel Paris - H\u00f4tel Op\u00e9ra Saint Lazare Paris 8","description":"Un site d\u00e9velopp\u00e9 par PMT HOTELS","potentialAction":[{"@type":"SearchAction","target":{"@type":"EntryPoint","urlTemplate":"https:\/\/atlantic-hotel-paris.com\/?s={search_term_string}"},"query-input":{"@type":"PropertyValueSpecification","valueRequired":true,"valueName":"search_term_string"}}],"inLanguage":"it-IT"}]}},"_links":{"self":[{"href":"https:\/\/atlantic-hotel-paris.com\/it\/wp-json\/wp\/v2\/pages\/723","targetHints":{"allow":["GET"]}}],"collection":[{"href":"https:\/\/atlantic-hotel-paris.com\/it\/wp-json\/wp\/v2\/pages"}],"about":[{"href":"https:\/\/atlantic-hotel-paris.com\/it\/wp-json\/wp\/v2\/types\/page"}],"author":[{"embeddable":true,"href":"https:\/\/atlantic-hotel-paris.com\/it\/wp-json\/wp\/v2\/users\/1"}],"replies":[{"embeddable":true,"href":"https:\/\/atlantic-hotel-paris.com\/it\/wp-json\/wp\/v2\/comments?post=723"}],"version-history":[{"count":4,"href":"https:\/\/atlantic-hotel-paris.com\/it\/wp-json\/wp\/v2\/pages\/723\/revisions"}],"predecessor-version":[{"id":1118,"href":"https:\/\/atlantic-hotel-paris.com\/it\/wp-json\/wp\/v2\/pages\/723\/revisions\/1118"}],"wp:attachment":[{"href":"https:\/\/atlantic-hotel-paris.com\/it\/wp-json\/wp\/v2\/media?parent=723"}],"curies":[{"name":"wp","href":"https:\/\/api.w.org\/{rel}","templated":true}]}}